{"id":34010,"date":"2025-02-20T22:35:45","date_gmt":"2025-02-20T22:35:45","guid":{"rendered":"https:\/\/olemosaic.orbitalia.org\/producto\/funda-de-telefono-para-samsung-a54-tpu-motivos-marinos-azul\/"},"modified":"2025-07-25T19:29:54","modified_gmt":"2025-07-25T17:29:54","slug":"coque-de-telephone-pour-samsung-a54-tpu-motifs-marins-bleu","status":"publish","type":"product","link":"https:\/\/olemosaic.orbitalia.org\/fr\/produit\/coque-de-telephone-pour-samsung-a54-tpu-motifs-marins-bleu\/","title":{"rendered":"Coque de t\u00e9l\u00e9phone pour Samsung A54 (TPU). Motifs marins. Bleu"},"content":{"rendered":"<p>Coque pour le t\u00e9l\u00e9phone Samsung A54 avec des motifs marins vibrants. Cette pi\u00e8ce, \u00e9labor\u00e9e en TPU, un mat\u00e9riau flexible et r\u00e9sistant, ne prot\u00e8ge pas seulement efficacement votre appareil, mais ajoute \u00e9galement une touche fra\u00eeche et color\u00e9e inspir\u00e9e par la beaut\u00e9 de l&rsquo;oc\u00e9an. La d\u00e9coration pr\u00e9sente une illustration fascinante pleine de vie, avec des dauphins et des tortues nageant dans un fond aquatique qui varie dans les tons bleus et chauds, cr\u00e9ant un effet visuel attrayant. Des \u00e9l\u00e9ments de corail et des plantes sous-marines compl\u00e8tent la sc\u00e8ne, enrichissant l&rsquo;exp\u00e9rience visuelle et esth\u00e9tique du produit.<\/p>\n<p>Cet article n&rsquo;est pas seulement une coque fonctionnelle, mais aussi un authentique souvenir marin, rappelant aux utilisateurs la richesse de l&rsquo;environnement aquatique et la diversit\u00e9 de la vie marine. Parfaite pour ceux qui souhaitent prot\u00e9ger leur appareil tout en exprimant leur amour pour la mer, cette coque est une excellente option pour les touristes et les amoureux de l&rsquo;oc\u00e9an. Chez Ol\u00e9 Mosaic, en tant que fournisseurs de souvenirs de qualit\u00e9, nous proposons cette coque de t\u00e9l\u00e9phone en gros, id\u00e9ale pour les magasins de cadeaux touristiques qui recherchent des produits authentiques et significatifs qui se connectent \u00e0 l&rsquo;essence maritime de l&rsquo;Espagne et \u00e0 sa culture c\u00f4ti\u00e8re.<\/p>\n","protected":false},"excerpt":{"rendered":"<p>Coque pour t\u00e9l\u00e9phone Samsung A54 fabriqu\u00e9e en TPU, d\u00e9cor\u00e9e de motifs marins vibrants dans une palette de bleus et de tons chauds. L&rsquo;illustration pr\u00e9sente une vari\u00e9t\u00e9 de cr\u00e9atures marines, comme des dauphins et des tortues, sur un fond aquatique, compl\u00e9t\u00e9e par des \u00e9l\u00e9ments de corail et des plantes sous-marines, cr\u00e9ant un effet visuel attrayant et dynamique. Parfaite pour ceux qui souhaitent prot\u00e9ger leur appareil en ajoutant une touche color\u00e9e et fra\u00eeche, inspir\u00e9e par la beaut\u00e9 de l&rsquo;oc\u00e9an.<\/p>\n","protected":false},"featured_media":12583,"template":"","meta":{"_acf_changed":false},"product_brand":[],"product_cat":[674],"product_tag":[530],"class_list":{"0":"post-34010","1":"product","2":"type-product","3":"status-publish","4":"has-post-thumbnail","6":"product_cat-etuis-pour-telephones-portables","7":"product_tag-animaux","8":"pa_motivo-animaux-marins","10":"first","11":"instock","12":"shipping-taxable","13":"product-type-simple"},"acf":[],"_links":{"self":[{"href":"https:\/\/olemosaic.orbitalia.org\/fr\/wp-json\/wp\/v2\/product\/34010","targetHints":{"allow":["GET"]}}],"collection":[{"href":"https:\/\/olemosaic.orbitalia.org\/fr\/wp-json\/wp\/v2\/product"}],"about":[{"href":"https:\/\/olemosaic.orbitalia.org\/fr\/wp-json\/wp\/v2\/types\/product"}],"wp:featuredmedia":[{"embeddable":true,"href":"https:\/\/olemosaic.orbitalia.org\/fr\/wp-json\/wp\/v2\/media\/12583"}],"wp:attachment":[{"href":"https:\/\/olemosaic.orbitalia.org\/fr\/wp-json\/wp\/v2\/media?parent=34010"}],"wp:term":[{"taxonomy":"product_brand","embeddable":true,"href":"https:\/\/olemosaic.orbitalia.org\/fr\/wp-json\/wp\/v2\/product_brand?post=34010"},{"taxonomy":"product_cat","embeddable":true,"href":"https:\/\/olemosaic.orbitalia.org\/fr\/wp-json\/wp\/v2\/product_cat?post=34010"},{"taxonomy":"product_tag","embeddable":true,"href":"https:\/\/olemosaic.orbitalia.org\/fr\/wp-json\/wp\/v2\/product_tag?post=34010"}],"curies":[{"name":"wp","href":"https:\/\/api.w.org\/{rel}","templated":true}]}}