{"id":33992,"date":"2025-02-20T22:35:44","date_gmt":"2025-02-20T22:35:44","guid":{"rendered":"https:\/\/olemosaic.orbitalia.org\/producto\/funda-de-telefono-para-samsung-a54-tpu-mosaico-barcelona-blanco\/"},"modified":"2025-07-25T19:38:39","modified_gmt":"2025-07-25T17:38:39","slug":"coque-de-telephone-pour-samsung-a54-tpu-mosaique-barcelone-blanc","status":"publish","type":"product","link":"https:\/\/olemosaic.orbitalia.org\/fr\/produit\/coque-de-telephone-pour-samsung-a54-tpu-mosaique-barcelone-blanc\/","title":{"rendered":"Coque de t\u00e9l\u00e9phone pour Samsung A54 (TPU). Mosa\u00efque. Barcelone. Blanc"},"content":{"rendered":"<p>Coque de t\u00e9l\u00e9phone pour Samsung A54 avec un design de mosa\u00efque vibrant inspir\u00e9 de l&rsquo;architecture de Barcelone. Fabriqu\u00e9e en TPU, cette coque offre une combinaison parfaite de style et de protection. Son motif color\u00e9 refl\u00e8te la c\u00e9l\u00e8bre tradition des carreaux catalans, avec une diversit\u00e9 de formes et de motifs dans les tons bleus, rouges et oranges qui \u00e9voquent l&rsquo;essence de la ville. Au centre, le mot \u00ab\u00a0Barcelone\u00a0\u00bb se d\u00e9tache avec une touche distinctive qui renforce le caract\u00e8re culturel du produit.<\/p>\n<p>La surface de la coque, en plus d&rsquo;\u00eatre attrayante, offre une excellente protection contre les chocs et les chutes, garantissant que l&rsquo;appareil est prot\u00e9g\u00e9 \u00e0 tout moment. Son mat\u00e9riau flexible s&rsquo;adapte parfaitement au Samsung A54, garantissant un acc\u00e8s facile \u00e0 tous les boutons et ports. Ce souvenir, en plus d&rsquo;\u00eatre pratique, est un hommage \u00e0 l&rsquo;h\u00e9ritage architectural de Barcelone, un symbole de cr\u00e9ativit\u00e9 et d&rsquo;art qui se refl\u00e8te dans chaque recoin de la ville.<\/p>\n<p>Chez Ol\u00e9 Mosaic, notre mission est d&rsquo;offrir des souvenirs authentiques qui capturent l&rsquo;esprit des villes embl\u00e9matiques. Cette coque est un choix id\u00e9al pour les touristes \u00e0 la recherche de produits repr\u00e9sentatifs et de qualit\u00e9, et une option exceptionnelle pour les boutiques de cadeaux touristiques souhaitant \u00e9largir leur s\u00e9lection avec des articles culturels authentiques. Ainsi, la coque de t\u00e9l\u00e9phone pour Samsung A54 ne devient pas seulement un accessoire pratique, mais un souvenir m\u00e9morable de Barcelone.<\/p>\n","protected":false},"excerpt":{"rendered":"<p>Coque pour t\u00e9l\u00e9phone Samsung A54, fabriqu\u00e9e en TPU, avec un design de mosa\u00efque vibrant inspir\u00e9 de l&rsquo;architecture de Barcelone. Cette coque pr\u00e9sente un m\u00e9lange color\u00e9 de motifs \u00e9voquant la tradition des carreaux catalans, avec des tons bleus, rouges et oranges. Le design inclut le mot \u00ab\u00a0Barcelone\u00a0\u00bb, ajoutant une touche distinctive et culturelle, tandis que son mat\u00e9riau flexible offre une excellente protection contre les chocs et les chutes.<\/p>\n","protected":false},"featured_media":12580,"template":"","meta":{"_acf_changed":false},"product_brand":[],"product_cat":[674],"product_tag":[],"class_list":{"0":"post-33992","1":"product","2":"type-product","3":"status-publish","4":"has-post-thumbnail","6":"product_cat-etuis-pour-telephones-portables","7":"pa_ciudad-barcelona","8":"pa_motivo-mosaique","9":"pa_pais-espana","11":"first","12":"instock","13":"shipping-taxable","14":"product-type-simple"},"acf":[],"_links":{"self":[{"href":"https:\/\/olemosaic.orbitalia.org\/fr\/wp-json\/wp\/v2\/product\/33992","targetHints":{"allow":["GET"]}}],"collection":[{"href":"https:\/\/olemosaic.orbitalia.org\/fr\/wp-json\/wp\/v2\/product"}],"about":[{"href":"https:\/\/olemosaic.orbitalia.org\/fr\/wp-json\/wp\/v2\/types\/product"}],"wp:featuredmedia":[{"embeddable":true,"href":"https:\/\/olemosaic.orbitalia.org\/fr\/wp-json\/wp\/v2\/media\/12580"}],"wp:attachment":[{"href":"https:\/\/olemosaic.orbitalia.org\/fr\/wp-json\/wp\/v2\/media?parent=33992"}],"wp:term":[{"taxonomy":"product_brand","embeddable":true,"href":"https:\/\/olemosaic.orbitalia.org\/fr\/wp-json\/wp\/v2\/product_brand?post=33992"},{"taxonomy":"product_cat","embeddable":true,"href":"https:\/\/olemosaic.orbitalia.org\/fr\/wp-json\/wp\/v2\/product_cat?post=33992"},{"taxonomy":"product_tag","embeddable":true,"href":"https:\/\/olemosaic.orbitalia.org\/fr\/wp-json\/wp\/v2\/product_tag?post=33992"}],"curies":[{"name":"wp","href":"https:\/\/api.w.org\/{rel}","templated":true}]}}