{"id":33991,"date":"2025-02-20T22:35:44","date_gmt":"2025-02-20T22:35:44","guid":{"rendered":"https:\/\/olemosaic.orbitalia.org\/producto\/funda-de-telefono-para-samsung-a54-tpu-panoramica-barcelona-blanco\/"},"modified":"2025-07-25T20:08:15","modified_gmt":"2025-07-25T18:08:15","slug":"coque-de-telephone-pour-samsung-a54-tpu-panoramique-barcelone-blanc","status":"publish","type":"product","link":"https:\/\/olemosaic.orbitalia.org\/fr\/produit\/coque-de-telephone-pour-samsung-a54-tpu-panoramique-barcelone-blanc\/","title":{"rendered":"Coque de t\u00e9l\u00e9phone pour Samsung A54 (TPU). Panoramique. Barcelone. Blanc"},"content":{"rendered":"<p>Coque pour t\u00e9l\u00e9phone Samsung A54 avec une vue panoramique vibrante de Barcelone, fabriqu\u00e9e en TPU de haute qualit\u00e9 pour garantir une protection et une durabilit\u00e9 maximales. Cette coque se distingue par son design inspir\u00e9 du style moderniste embl\u00e9matique de la ville, repr\u00e9sentant dans une mosa\u00efque color\u00e9e attrayante la majest\u00e9 de la Sagrada Familia, ainsi que d&rsquo;autres \u00e9l\u00e9ments architecturaux embl\u00e9matiques qui d\u00e9finissent la singularit\u00e9 de Barcelone. Le fond blanc fait ressortir encore plus les couleurs vives et les d\u00e9tails complexes de cette vue panoramique, cr\u00e9ant un contraste visuel captivant. La typographie \u00ab\u00a0Barcelone\u00a0\u00bb est \u00e9l\u00e9gamment int\u00e9gr\u00e9e au design, apportant une touche moderne qui fait de cette coque un accessoire attrayant et repr\u00e9sentatif de la riche culture catalane.<\/p>\n<p>Ce souvenir de Barcelone n&rsquo;est pas seulement fonctionnel, c&rsquo;est aussi un souvenir authentique qui encapsule l&rsquo;essence et la beaut\u00e9 de la ville. Id\u00e9al pour les touristes \u00e0 la recherche de souvenirs refl\u00e9tant l&rsquo;esprit vibrant de la capitale catalane, cette coque devient un cadeau parfait pour ceux qui appr\u00e9cient la culture et l&rsquo;art. Chez Ol\u00e9 Mosaic, en tant que distributeurs d&rsquo;accessoires en gros, nous proposons ce produit exclusif qui attirera certainement l&rsquo;attention des boutiques de cadeaux touristiques, en faisant un tr\u00e9sor inestimable pour ceux qui recherchent des souvenirs authentiques de Barcelone.<\/p>\n","protected":false},"excerpt":{"rendered":"<p>Coque pour t\u00e9l\u00e9phone Samsung A54 fabriqu\u00e9e en TPU, d\u00e9cor\u00e9e d&rsquo;une vue panoramique vibrante de Barcelone. Ce design pr\u00e9sente le style moderniste embl\u00e9matique de la ville, mettant en valeur la Sagrada Familia et d&rsquo;autres \u00e9l\u00e9ments architecturaux, le tout avec une finition en mosa\u00efque color\u00e9e sur un fond blanc. La typographie \u00ab\u00a0Barcelone\u00a0\u00bb s&rsquo;int\u00e8gre \u00e9l\u00e9gamment au design, faisant de cette coque un accessoire attrayant et repr\u00e9sentatif de la riche culture catalane.<\/p>\n","protected":false},"featured_media":12579,"template":"","meta":{"_acf_changed":false},"product_brand":[],"product_cat":[674],"product_tag":[],"class_list":{"0":"post-33991","1":"product","2":"type-product","3":"status-publish","4":"has-post-thumbnail","6":"product_cat-etuis-pour-telephones-portables","7":"pa_ciudad-barcelona","8":"pa_motivo-panoramas","9":"pa_pais-espana","11":"first","12":"instock","13":"shipping-taxable","14":"product-type-simple"},"acf":[],"_links":{"self":[{"href":"https:\/\/olemosaic.orbitalia.org\/fr\/wp-json\/wp\/v2\/product\/33991","targetHints":{"allow":["GET"]}}],"collection":[{"href":"https:\/\/olemosaic.orbitalia.org\/fr\/wp-json\/wp\/v2\/product"}],"about":[{"href":"https:\/\/olemosaic.orbitalia.org\/fr\/wp-json\/wp\/v2\/types\/product"}],"wp:featuredmedia":[{"embeddable":true,"href":"https:\/\/olemosaic.orbitalia.org\/fr\/wp-json\/wp\/v2\/media\/12579"}],"wp:attachment":[{"href":"https:\/\/olemosaic.orbitalia.org\/fr\/wp-json\/wp\/v2\/media?parent=33991"}],"wp:term":[{"taxonomy":"product_brand","embeddable":true,"href":"https:\/\/olemosaic.orbitalia.org\/fr\/wp-json\/wp\/v2\/product_brand?post=33991"},{"taxonomy":"product_cat","embeddable":true,"href":"https:\/\/olemosaic.orbitalia.org\/fr\/wp-json\/wp\/v2\/product_cat?post=33991"},{"taxonomy":"product_tag","embeddable":true,"href":"https:\/\/olemosaic.orbitalia.org\/fr\/wp-json\/wp\/v2\/product_tag?post=33991"}],"curies":[{"name":"wp","href":"https:\/\/api.w.org\/{rel}","templated":true}]}}