{"id":33958,"date":"2025-02-20T23:35:44","date_gmt":"2025-02-20T22:35:44","guid":{"rendered":"https:\/\/olemosaic.orbitalia.org\/producto\/funda-de-telefono-para-samsung-a54-tpu-abstracto-negro-2\/"},"modified":"2025-07-25T18:50:32","modified_gmt":"2025-07-25T16:50:32","slug":"coque-de-telephone-pour-samsung-a54-tpu-abstrait-noir-2","status":"publish","type":"product","link":"https:\/\/olemosaic.orbitalia.org\/fr\/produit\/coque-de-telephone-pour-samsung-a54-tpu-abstrait-noir-2\/","title":{"rendered":"Coque de t\u00e9l\u00e9phone pour Samsung A54 (TPU). Abstrait. Effet visuel. Noir"},"content":{"rendered":"<p>Coque pour t\u00e9l\u00e9phone Samsung A54 avec un design abstrait et vibrant, fabriqu\u00e9e en TPU. Cette coque est m\u00e9ticuleusement con\u00e7ue pour rehausser l&rsquo;esth\u00e9tique de votre appareil, offrant une combinaison de couleurs qui d\u00e9fie le conventionnel. Sur un \u00e9l\u00e9gant fond noir, des formes fluides et \u00e9th\u00e9r\u00e9es dans des tons bleus, oranges et roses ressortent, cr\u00e9ant un effet visuel percutant qui attire l&rsquo;attention et refl\u00e8te votre style personnel. Sa construction en TPU offre une protection robuste contre les chocs et les rayures, garantissant que votre t\u00e9l\u00e9phone reste dans des conditions optimales tout en portant un accessoire de mode. Ce design abstrait, en plus d&rsquo;\u00eatre contemporain, \u00e9voque une connexion artistique qui peut susciter des conversations parmi ceux qui appr\u00e9cient le design moderne et attrayant. En tant que souvenir, cette coque refl\u00e8te la tendance actuelle des accessoires technologiques, ce qui en fait une excellente option pour les touristes et les acheteurs \u00e0 la recherche de souvenirs uniques. Chez Ol\u00e9 Mosaic, nous nous sp\u00e9cialisons dans la distribution d&rsquo;articles innovants et repr\u00e9sentatifs, et cette coque pour Samsung A54 est un exemple parfait de la fa\u00e7on dont nous fusionnons l&rsquo;art et la fonctionnalit\u00e9 dans nos produits.<\/p>\n","protected":false},"excerpt":{"rendered":"<p>Coque pour t\u00e9l\u00e9phone Samsung A54 en TPU avec un design abstrait dans une combinaison de couleurs vibrantes. Elle pr\u00e9sente un fond noir qui rehausse les formes fluides et \u00e9th\u00e9r\u00e9es dans des tons bleus, oranges et roses, cr\u00e9ant un effet visuel percutant. Cette coque prot\u00e8ge votre appareil tout en offrant un style moderne et artistique, id\u00e9al pour ceux qui recherchent un accessoire unique et \u00e0 la mode qui souligne leur personnalit\u00e9.<\/p>\n","protected":false},"featured_media":12593,"template":"","meta":{"_acf_changed":false},"product_brand":[],"product_cat":[674],"product_tag":[],"class_list":{"0":"post-33958","1":"product","2":"type-product","3":"status-publish","4":"has-post-thumbnail","6":"product_cat-etuis-pour-telephones-portables","7":"pa_motivo-resume","9":"first","10":"instock","11":"shipping-taxable","12":"product-type-simple"},"acf":[],"_links":{"self":[{"href":"https:\/\/olemosaic.orbitalia.org\/fr\/wp-json\/wp\/v2\/product\/33958","targetHints":{"allow":["GET"]}}],"collection":[{"href":"https:\/\/olemosaic.orbitalia.org\/fr\/wp-json\/wp\/v2\/product"}],"about":[{"href":"https:\/\/olemosaic.orbitalia.org\/fr\/wp-json\/wp\/v2\/types\/product"}],"wp:featuredmedia":[{"embeddable":true,"href":"https:\/\/olemosaic.orbitalia.org\/fr\/wp-json\/wp\/v2\/media\/12593"}],"wp:attachment":[{"href":"https:\/\/olemosaic.orbitalia.org\/fr\/wp-json\/wp\/v2\/media?parent=33958"}],"wp:term":[{"taxonomy":"product_brand","embeddable":true,"href":"https:\/\/olemosaic.orbitalia.org\/fr\/wp-json\/wp\/v2\/product_brand?post=33958"},{"taxonomy":"product_cat","embeddable":true,"href":"https:\/\/olemosaic.orbitalia.org\/fr\/wp-json\/wp\/v2\/product_cat?post=33958"},{"taxonomy":"product_tag","embeddable":true,"href":"https:\/\/olemosaic.orbitalia.org\/fr\/wp-json\/wp\/v2\/product_tag?post=33958"}],"curies":[{"name":"wp","href":"https:\/\/api.w.org\/{rel}","templated":true}]}}