{"id":33956,"date":"2025-02-20T23:35:44","date_gmt":"2025-02-20T22:35:44","guid":{"rendered":"https:\/\/olemosaic.orbitalia.org\/producto\/funda-de-telefono-para-samsung-a54-tpu-abstracto-verde-2\/"},"modified":"2025-07-25T19:59:46","modified_gmt":"2025-07-25T17:59:46","slug":"coque-de-telephone-pour-samsung-a54-tpu-abstrait-vert-2","status":"publish","type":"product","link":"https:\/\/olemosaic.orbitalia.org\/fr\/produit\/coque-de-telephone-pour-samsung-a54-tpu-abstrait-vert-2\/","title":{"rendered":"Coque de t\u00e9l\u00e9phone pour Samsung A54 (TPU). Abstrait. Style contemporain. Vert"},"content":{"rendered":"<p>Coque pour t\u00e9l\u00e9phone Samsung A54 avec un design abstrait vibrant<\/p>\n<p>Cette coque pour t\u00e9l\u00e9phone Samsung A54 est la combinaison parfaite de protection et de style, id\u00e9ale pour ceux qui appr\u00e9cient la mode contemporaine. Fabriqu\u00e9e en TPU, un mat\u00e9riau flexible et r\u00e9sistant, elle offre une durabilit\u00e9 exceptionnelle sans renoncer \u00e0 l&rsquo;esth\u00e9tique. Son design abstrait se distingue par une explosion de couleurs vibrantes dans des tons verts, jaunes, rouges et bleus, cr\u00e9ant des motifs fluides et \u00e9nergiques qui \u00e9voquent le mouvement et le dynamisme.<\/p>\n<p>La surface de la coque prot\u00e8ge non seulement votre appareil, mais en fait \u00e9galement un accessoire de mode attrayant. Les formes fluides qui s&rsquo;entrelacent dans chaque recoin du design lui donnent une touche artistique et moderne, en faisant une r\u00e9f\u00e9rence dans les accessoires de t\u00e9l\u00e9phonie mobile. Le lien culturel se refl\u00e8te dans son esth\u00e9tique contemporaine qui, bien que moderne, s&rsquo;inspire de la riche tradition artistique espagnole, c\u00e9l\u00e9brant la cr\u00e9ativit\u00e9 et l&rsquo;expression de soi.<\/p>\n<p>Chez Ol\u00e9 Mosaic, nous nous sp\u00e9cialisons dans la distribution de souvenirs en gros, offrant des coques de t\u00e9l\u00e9phone qui ne sont pas seulement pratiques, mais qui capturent \u00e9galement l&rsquo;essence du style moderne. Cette coque est une excellente id\u00e9e pour les boutiques de cadeaux touristiques \u00e0 la recherche de produits uniques et de qualit\u00e9, parfaits comme souvenirs de style qui s\u00e9duisent les touristes. Avec cette coque, chaque client prot\u00e8ge non seulement son appareil, mais emporte \u00e9galement avec lui un morceau d&rsquo;art contemporain.<\/p>\n","protected":false},"excerpt":{"rendered":"<p>Coque de t\u00e9l\u00e9phone pour Samsung A54 fabriqu\u00e9e en TPU, avec un design abstrait et vibrant dans des tons verts, jaunes, rouges et bleus. Cet accessoire combine protection et style, avec une surface pr\u00e9sentant des motifs fluides et \u00e9nergiques, \u00e9voquant une sensation contemporaine. Son mat\u00e9riau flexible et r\u00e9sistant garantit la durabilit\u00e9, tandis que son esth\u00e9tique unique en fait le compl\u00e9ment parfait pour tout amateur de mode moderne.<\/p>\n","protected":false},"featured_media":12581,"template":"","meta":{"_acf_changed":false},"product_brand":[],"product_cat":[674],"product_tag":[],"class_list":{"0":"post-33956","1":"product","2":"type-product","3":"status-publish","4":"has-post-thumbnail","6":"product_cat-etuis-pour-telephones-portables","7":"pa_motivo-resume","9":"first","10":"instock","11":"shipping-taxable","12":"product-type-simple"},"acf":[],"_links":{"self":[{"href":"https:\/\/olemosaic.orbitalia.org\/fr\/wp-json\/wp\/v2\/product\/33956","targetHints":{"allow":["GET"]}}],"collection":[{"href":"https:\/\/olemosaic.orbitalia.org\/fr\/wp-json\/wp\/v2\/product"}],"about":[{"href":"https:\/\/olemosaic.orbitalia.org\/fr\/wp-json\/wp\/v2\/types\/product"}],"wp:featuredmedia":[{"embeddable":true,"href":"https:\/\/olemosaic.orbitalia.org\/fr\/wp-json\/wp\/v2\/media\/12581"}],"wp:attachment":[{"href":"https:\/\/olemosaic.orbitalia.org\/fr\/wp-json\/wp\/v2\/media?parent=33956"}],"wp:term":[{"taxonomy":"product_brand","embeddable":true,"href":"https:\/\/olemosaic.orbitalia.org\/fr\/wp-json\/wp\/v2\/product_brand?post=33956"},{"taxonomy":"product_cat","embeddable":true,"href":"https:\/\/olemosaic.orbitalia.org\/fr\/wp-json\/wp\/v2\/product_cat?post=33956"},{"taxonomy":"product_tag","embeddable":true,"href":"https:\/\/olemosaic.orbitalia.org\/fr\/wp-json\/wp\/v2\/product_tag?post=33956"}],"curies":[{"name":"wp","href":"https:\/\/api.w.org\/{rel}","templated":true}]}}