{"id":33948,"date":"2025-02-20T22:35:43","date_gmt":"2025-02-20T22:35:43","guid":{"rendered":"https:\/\/olemosaic.orbitalia.org\/producto\/funda-de-telefono-para-samsung-a34-tpu-salamandra-barcelona-negro\/"},"modified":"2025-07-25T20:26:44","modified_gmt":"2025-07-25T18:26:44","slug":"coque-de-telephone-pour-samsung-a34-tpu-salamandre-barcelone-noir","status":"publish","type":"product","link":"https:\/\/olemosaic.orbitalia.org\/fr\/produit\/coque-de-telephone-pour-samsung-a34-tpu-salamandre-barcelone-noir\/","title":{"rendered":"Coque de t\u00e9l\u00e9phone pour Samsung A34 (TPU). Salamandre. Barcelone. Noir"},"content":{"rendered":"<p>Coque pour t\u00e9l\u00e9phone Samsung A34 avec des illustrations vibrantes de salamandres inspir\u00e9es de l&rsquo;art de Barcelone. Fabriqu\u00e9e en TPU de haute qualit\u00e9, cette coque combine durabilit\u00e9 et style, offrant une protection efficace pour votre appareil. Les salamandres color\u00e9es dans les tons bleus et rouges, accompagn\u00e9es de motifs floraux, soulignent la diversit\u00e9 culturelle qui caract\u00e9rise l&#8217;embl\u00e9matique cit\u00e9 comtale. L&rsquo;\u00e9l\u00e9gant fond noir ajoute un contraste attrayant, permettant aux \u00e9l\u00e9ments artistiques de se d\u00e9marquer.<\/p>\n<p>Le design \u00ab\u00a0Barcelona\u00a0\u00bb, dans un style attrayant, compl\u00e8te cette coque, en faisant non seulement un accessoire fonctionnel, mais aussi une pi\u00e8ce repr\u00e9sentative de l&rsquo;art et de la culture locale. Les salamandres, symbole de transformation et de renouveau, sont associ\u00e9es \u00e0 l&rsquo;\u0153uvre du c\u00e9l\u00e8bre architecte Antoni Gaud\u00ed, connu pour sa connexion avec la nature et son style unique qui orne de nombreux coins de la ville.<\/p>\n<p>Cette coque de t\u00e9l\u00e9phone est un souvenir de Barcelone id\u00e9al pour les touristes qui cherchent \u00e0 emporter un morceau de la culture catalane, constituant une excellente option pour les boutiques de cadeaux touristiques. Chez Ol\u00e9 Mosaic, en tant que distributeurs de produits uniques en gros, nous garantissons l&rsquo;authenticit\u00e9 et la qualit\u00e9 de chaque design, devenant une r\u00e9f\u00e9rence pour ceux qui recherchent des souvenirs de Barcelone v\u00e9ritablement repr\u00e9sentatifs.<\/p>\n","protected":false},"excerpt":{"rendered":"<p>Coque pour t\u00e9l\u00e9phone Samsung A34 fabriqu\u00e9e en TPU, d\u00e9cor\u00e9e d&rsquo;illustrations color\u00e9es de salamandres, repr\u00e9sentatives du style artistique de Barcelone. Ce design vibrant inclut des motifs floraux dans les tons bleus et rouges, qui soulignent la diversit\u00e9 culturelle de la ville. Avec un \u00e9l\u00e9gant fond noir, la coque prot\u00e8ge non seulement votre appareil, mais apporte \u00e9galement une touche artistique et distinctive. Le nom \u00ab\u00a0Barcelona\u00a0\u00bb est pr\u00e9sent\u00e9 dans un style attrayant, ajoutant un d\u00e9tail personnel \u00e0 cet accessoire.<\/p>\n","protected":false},"featured_media":12571,"template":"","meta":{"_acf_changed":false},"product_brand":[],"product_cat":[674],"product_tag":[530],"class_list":{"0":"post-33948","1":"product","2":"type-product","3":"status-publish","4":"has-post-thumbnail","6":"product_cat-etuis-pour-telephones-portables","7":"product_tag-animaux","8":"pa_ciudad-barcelona","9":"pa_motivo-salamandres","10":"pa_pais-espana","12":"first","13":"instock","14":"shipping-taxable","15":"product-type-simple"},"acf":[],"_links":{"self":[{"href":"https:\/\/olemosaic.orbitalia.org\/fr\/wp-json\/wp\/v2\/product\/33948","targetHints":{"allow":["GET"]}}],"collection":[{"href":"https:\/\/olemosaic.orbitalia.org\/fr\/wp-json\/wp\/v2\/product"}],"about":[{"href":"https:\/\/olemosaic.orbitalia.org\/fr\/wp-json\/wp\/v2\/types\/product"}],"wp:featuredmedia":[{"embeddable":true,"href":"https:\/\/olemosaic.orbitalia.org\/fr\/wp-json\/wp\/v2\/media\/12571"}],"wp:attachment":[{"href":"https:\/\/olemosaic.orbitalia.org\/fr\/wp-json\/wp\/v2\/media?parent=33948"}],"wp:term":[{"taxonomy":"product_brand","embeddable":true,"href":"https:\/\/olemosaic.orbitalia.org\/fr\/wp-json\/wp\/v2\/product_brand?post=33948"},{"taxonomy":"product_cat","embeddable":true,"href":"https:\/\/olemosaic.orbitalia.org\/fr\/wp-json\/wp\/v2\/product_cat?post=33948"},{"taxonomy":"product_tag","embeddable":true,"href":"https:\/\/olemosaic.orbitalia.org\/fr\/wp-json\/wp\/v2\/product_tag?post=33948"}],"curies":[{"name":"wp","href":"https:\/\/api.w.org\/{rel}","templated":true}]}}