{"id":33924,"date":"2025-02-20T22:35:42","date_gmt":"2025-02-20T22:35:42","guid":{"rendered":"https:\/\/olemosaic.orbitalia.org\/producto\/funda-de-telefono-para-samsung-a34-tpu-gato-barcelona-blanco\/"},"modified":"2025-07-25T19:24:22","modified_gmt":"2025-07-25T17:24:22","slug":"coque-de-telephone-pour-samsung-a34-tpu-chat-barcelone-blanc","status":"publish","type":"product","link":"https:\/\/olemosaic.orbitalia.org\/fr\/produit\/coque-de-telephone-pour-samsung-a34-tpu-chat-barcelone-blanc\/","title":{"rendered":"Coque de t\u00e9l\u00e9phone pour Samsung A34 (TPU). Chat. Barcelone. Blanc"},"content":{"rendered":"<p>Coque pour t\u00e9l\u00e9phone Samsung A34 avec un design vibrant d&rsquo;un chat barcelonais. Cette coque, fabriqu\u00e9e en TPU, est \u00e0 la fois un accessoire de protection et une \u0153uvre d&rsquo;art qui repr\u00e9sente l&rsquo;essence artistique et color\u00e9e de cette ville m\u00e9diterran\u00e9enne embl\u00e9matique. Le design montre un chat dans une mosa\u00efque remplie de couleurs vives qui captent l&rsquo;attention, accompagn\u00e9 de papillons multicolores qui ajoutent un air de joie et de dynamisme. Le fond blanc fait ressortir les riches nuances du chat, cr\u00e9ant un contraste frappant qui combine modernit\u00e9 et la tradition de la mosa\u00efque si embl\u00e9matique de Barcelone.<\/p>\n<p>Cet article ne se distingue pas seulement par sa fonctionnalit\u00e9, prot\u00e9geant efficacement l&rsquo;appareil mobile, mais s&rsquo;\u00e9rige \u00e9galement comme un souvenir authentique, parfait pour les touristes qui souhaitent emporter un petit morceau de la culture catalane. Le chat, pr\u00e9sent dans de nombreuses histoires et l\u00e9gendes locales, symbolise la cr\u00e9ativit\u00e9 et l&rsquo;esprit libre qui caract\u00e9risent la capitale catalane. Chez Ol\u00e9 Mosaic, nous comprenons l&rsquo;importance de proposer des souvenirs qui racontent une histoire, et cette coque refl\u00e8te parfaitement l&rsquo;art et la vitalit\u00e9 de Barcelone. Id\u00e9ale pour les boutiques de cadeaux touristiques, ce produit est une excellente option pour ceux qui recherchent authenticit\u00e9 et style dans leurs accessoires mobiles, se positionnant comme un souvenir marquant de Barcelone qui allie \u00e9l\u00e9gance et protection.<\/p>\n","protected":false},"excerpt":{"rendered":"<p>Coque de t\u00e9l\u00e9phone pour Samsung A34 fabriqu\u00e9e en TPU, avec un design vibrant d&rsquo;un chat aux couleurs vives. Cette coque pr\u00e9sente une belle mosa\u00efque qui \u00e9voque l&rsquo;essence artistique de Barcelone, avec des papillons multicolores qui apportent une touche de joie. Le fond blanc fait ressortir les couleurs du chat, cr\u00e9ant un contraste attrayant qui combine modernit\u00e9 et tradition. C&rsquo;est un accessoire id\u00e9al pour ceux qui recherchent protection et style pour leur appareil.<\/p>\n","protected":false},"featured_media":12556,"template":"","meta":{"_acf_changed":false},"product_brand":[],"product_cat":[674],"product_tag":[530],"class_list":{"0":"post-33924","1":"product","2":"type-product","3":"status-publish","4":"has-post-thumbnail","6":"product_cat-etuis-pour-telephones-portables","7":"product_tag-animaux","8":"pa_ciudad-barcelona","9":"pa_motivo-chats","10":"pa_pais-espana","12":"first","13":"instock","14":"shipping-taxable","15":"product-type-simple"},"acf":[],"_links":{"self":[{"href":"https:\/\/olemosaic.orbitalia.org\/fr\/wp-json\/wp\/v2\/product\/33924","targetHints":{"allow":["GET"]}}],"collection":[{"href":"https:\/\/olemosaic.orbitalia.org\/fr\/wp-json\/wp\/v2\/product"}],"about":[{"href":"https:\/\/olemosaic.orbitalia.org\/fr\/wp-json\/wp\/v2\/types\/product"}],"wp:featuredmedia":[{"embeddable":true,"href":"https:\/\/olemosaic.orbitalia.org\/fr\/wp-json\/wp\/v2\/media\/12556"}],"wp:attachment":[{"href":"https:\/\/olemosaic.orbitalia.org\/fr\/wp-json\/wp\/v2\/media?parent=33924"}],"wp:term":[{"taxonomy":"product_brand","embeddable":true,"href":"https:\/\/olemosaic.orbitalia.org\/fr\/wp-json\/wp\/v2\/product_brand?post=33924"},{"taxonomy":"product_cat","embeddable":true,"href":"https:\/\/olemosaic.orbitalia.org\/fr\/wp-json\/wp\/v2\/product_cat?post=33924"},{"taxonomy":"product_tag","embeddable":true,"href":"https:\/\/olemosaic.orbitalia.org\/fr\/wp-json\/wp\/v2\/product_tag?post=33924"}],"curies":[{"name":"wp","href":"https:\/\/api.w.org\/{rel}","templated":true}]}}