{"id":33921,"date":"2025-02-20T22:35:42","date_gmt":"2025-02-20T22:35:42","guid":{"rendered":"https:\/\/olemosaic.orbitalia.org\/producto\/funda-de-telefono-para-samsung-a34-tpu-salamandra-barcelona-blanco\/"},"modified":"2025-07-25T18:34:39","modified_gmt":"2025-07-25T16:34:39","slug":"coque-de-telephone-pour-samsung-a34-tpu-salamandre-barcelone-blanc","status":"publish","type":"product","link":"https:\/\/olemosaic.orbitalia.org\/fr\/produit\/coque-de-telephone-pour-samsung-a34-tpu-salamandre-barcelone-blanc\/","title":{"rendered":"Coque de t\u00e9l\u00e9phone pour Samsung A34 (TPU). Salamandre. Barcelone. Blanc"},"content":{"rendered":"<p>Coque de t\u00e9l\u00e9phone pour Samsung A34 avec un design inspir\u00e9 de la c\u00e9l\u00e8bre salamandre de Gaud\u00ed. Cette coque, \u00e9labor\u00e9e en TPU de haute qualit\u00e9, ne prot\u00e8ge pas seulement efficacement votre appareil, mais rend \u00e9galement hommage \u00e0 la richesse culturelle de Barcelone. D\u00e9cor\u00e9e d&rsquo;une salamandre vibrante dans les tons rouges, bleus et verts, ce design s&rsquo;entrem\u00eale avec des motifs floraux color\u00e9s qui \u00e9voquent la nature m\u00e9diterran\u00e9enne et soulignent le style artistique unique qui caract\u00e9rise l&rsquo;\u0153uvre de Gaud\u00ed.<\/p>\n<p>Le fond blanc de la coque offre un contraste moderne qui rehausse les couleurs vives de la salamandre et des fleurs, faisant ressortir votre appareil avec une touche de style et de cr\u00e9ativit\u00e9. La connexion culturelle de ce produit se refl\u00e8te dans son design, qui transporte les utilisateurs vers les merveilleuses mosa\u00efques de la ville, symbolisant la fusion parfaite entre art et fonctionnalit\u00e9.<\/p>\n<p>Parfaite comme souvenir de Barcelone, cette coque est une excellente option pour les touristes souhaitant emporter avec eux un morceau de l&rsquo;h\u00e9ritage de Gaud\u00ed tout en prot\u00e9geant leur t\u00e9l\u00e9phone. Chez Ol\u00e9 Mosaic, en tant que grossistes de souvenirs de Barcelone, nous sommes fiers de proposer des produits authentiques qui capturent l&rsquo;essence de la culture espagnole. Cette coque est id\u00e9ale pour les boutiques de cadeaux touristiques \u00e0 la recherche d&rsquo;articles incontournables et d&rsquo;un grand attrait visuel.<\/p>\n","protected":false},"excerpt":{"rendered":"<p>Coque pour le t\u00e9l\u00e9phone Samsung A34 fabriqu\u00e9e en TPU, d\u00e9cor\u00e9e d&rsquo;une salamandre vibrante inspir\u00e9e de la c\u00e9l\u00e8bre mosa\u00efque de Gaud\u00ed. Son design inclut des motifs floraux color\u00e9s et une base blanche qui \u00e9voque la modernit\u00e9 de Barcelone. Les couleurs de la salamandre, avec des d\u00e9tails en rouge, bleu et vert, sont compl\u00e9t\u00e9es par une touche artistique qui rehausse le style unique de cette coque, parfaite pour prot\u00e9ger votre appareil tout en affichant votre amour pour la ville.<\/p>\n","protected":false},"featured_media":12555,"template":"","meta":{"_acf_changed":false},"product_brand":[],"product_cat":[674],"product_tag":[530],"class_list":{"0":"post-33921","1":"product","2":"type-product","3":"status-publish","4":"has-post-thumbnail","6":"product_cat-etuis-pour-telephones-portables","7":"product_tag-animaux","8":"pa_ciudad-barcelona","9":"pa_motivo-salamandres","10":"pa_pais-espana","12":"first","13":"instock","14":"shipping-taxable","15":"product-type-simple"},"acf":[],"_links":{"self":[{"href":"https:\/\/olemosaic.orbitalia.org\/fr\/wp-json\/wp\/v2\/product\/33921","targetHints":{"allow":["GET"]}}],"collection":[{"href":"https:\/\/olemosaic.orbitalia.org\/fr\/wp-json\/wp\/v2\/product"}],"about":[{"href":"https:\/\/olemosaic.orbitalia.org\/fr\/wp-json\/wp\/v2\/types\/product"}],"wp:featuredmedia":[{"embeddable":true,"href":"https:\/\/olemosaic.orbitalia.org\/fr\/wp-json\/wp\/v2\/media\/12555"}],"wp:attachment":[{"href":"https:\/\/olemosaic.orbitalia.org\/fr\/wp-json\/wp\/v2\/media?parent=33921"}],"wp:term":[{"taxonomy":"product_brand","embeddable":true,"href":"https:\/\/olemosaic.orbitalia.org\/fr\/wp-json\/wp\/v2\/product_brand?post=33921"},{"taxonomy":"product_cat","embeddable":true,"href":"https:\/\/olemosaic.orbitalia.org\/fr\/wp-json\/wp\/v2\/product_cat?post=33921"},{"taxonomy":"product_tag","embeddable":true,"href":"https:\/\/olemosaic.orbitalia.org\/fr\/wp-json\/wp\/v2\/product_tag?post=33921"}],"curies":[{"name":"wp","href":"https:\/\/api.w.org\/{rel}","templated":true}]}}