{"id":33896,"date":"2025-02-20T23:35:41","date_gmt":"2025-02-20T22:35:41","guid":{"rendered":"https:\/\/olemosaic.orbitalia.org\/producto\/funda-de-telefono-para-samsung-a34-tpu-abstracto-verde-2\/"},"modified":"2025-07-25T20:30:29","modified_gmt":"2025-07-25T18:30:29","slug":"coque-de-telephone-pour-samsung-a34-tpu-abstrait-motif-circulaire-vert","status":"publish","type":"product","link":"https:\/\/olemosaic.orbitalia.org\/fr\/produit\/coque-de-telephone-pour-samsung-a34-tpu-abstrait-motif-circulaire-vert\/","title":{"rendered":"Coque de t\u00e9l\u00e9phone pour Samsung A34 (TPU). Abstrait. Motif circulaire. Vert"},"content":{"rendered":"<p>Coque pour le t\u00e9l\u00e9phone Samsung A34 avec un design abstrait inspir\u00e9 des mosa\u00efques traditionnelles espagnoles. Fabriqu\u00e9e en TPU r\u00e9sistant, cette coque ne prot\u00e8ge pas seulement votre appareil, mais le transforme \u00e9galement en un accessoire exclusif et vibrant. Son motif circulaire, avec une symphonie de tons verts, bleus et terre cuite, \u00e9voque les \u0153uvres d&rsquo;art g\u00e9om\u00e9triques color\u00e9es qui caract\u00e9risent la culture espagnole.<\/p>\n<p>La disposition des couleurs et la mani\u00e8re dont elles s&rsquo;entrelacent dans le design rappellent les mosa\u00efques qui ornent les palais et les places historiques de villes comme S\u00e9ville et Grenade, soulignant la richesse artistique de la p\u00e9ninsule. Cette coque est plus qu&rsquo;une simple protection : c&rsquo;est un hommage \u00e0 la beaut\u00e9 de l&rsquo;art espagnol, qui attirera aussi bien les amateurs de design que les touristes \u00e0 la recherche de souvenirs uniques refl\u00e9tant l&rsquo;essence de leur voyage.<\/p>\n<p>Chez Ol\u00e9 Mosaic, en tant que sp\u00e9cialistes de la distribution de souvenirs en gros, nous proposons cette coque comme une option id\u00e9ale pour les boutiques de cadeaux touristiques souhaitant offrir des produits authentiques et impr\u00e9gn\u00e9s de culture. Avec cette coque pour le t\u00e9l\u00e9phone Samsung A34, vous n&rsquo;acqu\u00e9rez pas seulement un accessoire fonctionnel, mais un morceau d&rsquo;histoire et d&rsquo;art que vous pourrez emporter partout avec vous.<\/p>\n","protected":false},"excerpt":{"rendered":"<p>Coque pour Samsung A34 fabriqu\u00e9e en TPU, d\u00e9cor\u00e9e d&rsquo;un design abstrait \u00e9voquant les mosa\u00efques traditionnelles espagnoles. Dans des tons verts, bleus et terre cuite, elle pr\u00e9sente un motif circulaire rappelant les \u0153uvres d&rsquo;art g\u00e9om\u00e9triques. Cette coque prot\u00e8ge non seulement votre appareil, mais ajoute \u00e9galement une touche artistique et color\u00e9e, en faisant un accessoire unique et attrayant pour les amateurs de culture et de design.<\/p>\n","protected":false},"featured_media":12562,"template":"","meta":{"_acf_changed":false},"product_brand":[],"product_cat":[674],"product_tag":[],"class_list":{"0":"post-33896","1":"product","2":"type-product","3":"status-publish","4":"has-post-thumbnail","6":"product_cat-etuis-pour-telephones-portables","7":"pa_motivo-resume","9":"first","10":"instock","11":"shipping-taxable","12":"product-type-simple"},"acf":[],"_links":{"self":[{"href":"https:\/\/olemosaic.orbitalia.org\/fr\/wp-json\/wp\/v2\/product\/33896","targetHints":{"allow":["GET"]}}],"collection":[{"href":"https:\/\/olemosaic.orbitalia.org\/fr\/wp-json\/wp\/v2\/product"}],"about":[{"href":"https:\/\/olemosaic.orbitalia.org\/fr\/wp-json\/wp\/v2\/types\/product"}],"wp:featuredmedia":[{"embeddable":true,"href":"https:\/\/olemosaic.orbitalia.org\/fr\/wp-json\/wp\/v2\/media\/12562"}],"wp:attachment":[{"href":"https:\/\/olemosaic.orbitalia.org\/fr\/wp-json\/wp\/v2\/media?parent=33896"}],"wp:term":[{"taxonomy":"product_brand","embeddable":true,"href":"https:\/\/olemosaic.orbitalia.org\/fr\/wp-json\/wp\/v2\/product_brand?post=33896"},{"taxonomy":"product_cat","embeddable":true,"href":"https:\/\/olemosaic.orbitalia.org\/fr\/wp-json\/wp\/v2\/product_cat?post=33896"},{"taxonomy":"product_tag","embeddable":true,"href":"https:\/\/olemosaic.orbitalia.org\/fr\/wp-json\/wp\/v2\/product_tag?post=33896"}],"curies":[{"name":"wp","href":"https:\/\/api.w.org\/{rel}","templated":true}]}}