{"id":33887,"date":"2025-02-20T22:35:41","date_gmt":"2025-02-20T22:35:41","guid":{"rendered":"https:\/\/olemosaic.orbitalia.org\/producto\/funda-de-telefono-para-samsung-a23-tpu-motivos-marinos\/"},"modified":"2025-07-25T18:39:49","modified_gmt":"2025-07-25T16:39:49","slug":"coque-de-telephone-pour-samsung-a23-tpu-motifs-marins","status":"publish","type":"product","link":"https:\/\/olemosaic.orbitalia.org\/fr\/produit\/coque-de-telephone-pour-samsung-a23-tpu-motifs-marins\/","title":{"rendered":"Coque de t\u00e9l\u00e9phone pour Samsung A23 (TPU). Motifs marins"},"content":{"rendered":"<p>Coque pour le t\u00e9l\u00e9phone Samsung A23, d\u00e9cor\u00e9e de motifs marins vibrants, parfaite pour les amoureux de l&rsquo;oc\u00e9an. Fabriqu\u00e9e en TPU de haute qualit\u00e9, cette coque prot\u00e8ge non seulement votre appareil de mani\u00e8re durable, mais pr\u00e9sente \u00e9galement un design attrayant qui rehausse son esth\u00e9tique. L&rsquo;illustration color\u00e9e comprend des tortues, des poissons et des hippocampes nageant joyeusement parmi les coraux et les algues, le tout sur un fond bleu qui simule la profondeur marine. Cette repr\u00e9sentation visuelle capture la diversit\u00e9 de l&rsquo;\u00e9cosyst\u00e8me marin, \u00e9voquant la beaut\u00e9 de l&rsquo;oc\u00e9an et de ses habitants. Son design artistique, plein de couleurs vives et de d\u00e9tails m\u00e9ticuleux, fait de cette coque un souvenir exceptionnel, id\u00e9al pour ceux qui cherchent \u00e0 emporter un morceau de la mer avec eux.<\/p>\n<p>Le lien culturel de ce produit r\u00e9side dans la tradition de l&rsquo;art et la beaut\u00e9 naturelle des c\u00f4tes m\u00e9diterran\u00e9ennes, o\u00f9 la vie marine est un symbole de joie et de libert\u00e9. Chez Ol\u00e9 Mosaic, nous nous consacrons \u00e0 offrir des souvenirs authentiques et de qualit\u00e9 en gros, et cette coque est une excellente option pour les boutiques de cadeaux touristiques qui cherchent des produits combinant fonctionnalit\u00e9 et attrait visuel. Transformez cette coque marine en un cadeau m\u00e9morable ou en un luxe personnel qui souligne votre amour pour l&rsquo;oc\u00e9an et sa splendeur naturelle.<\/p>\n","protected":false},"excerpt":{"rendered":"<p>Coque pour le t\u00e9l\u00e9phone Samsung A23, fabriqu\u00e9e en TPU et d\u00e9cor\u00e9e de motifs marins vibrants qui \u00e9voquent la beaut\u00e9 de l&rsquo;oc\u00e9an. Son design pr\u00e9sente une illustration color\u00e9e de tortues, de poissons et d&rsquo;hippocampes nageant parmi les coraux et les algues, le tout sur un fond bleu qui simule la profondeur marine. Cette coque prot\u00e8ge non seulement votre appareil, mais ajoute \u00e9galement une touche artistique et amusante, id\u00e9ale pour les amoureux de la mer.<\/p>\n","protected":false},"featured_media":12603,"template":"","meta":{"_acf_changed":false},"product_brand":[],"product_cat":[674],"product_tag":[530],"class_list":{"0":"post-33887","1":"product","2":"type-product","3":"status-publish","4":"has-post-thumbnail","6":"product_cat-etuis-pour-telephones-portables","7":"product_tag-animaux","8":"pa_motivo-animaux-marins","10":"first","11":"instock","12":"shipping-taxable","13":"product-type-simple"},"acf":[],"_links":{"self":[{"href":"https:\/\/olemosaic.orbitalia.org\/fr\/wp-json\/wp\/v2\/product\/33887","targetHints":{"allow":["GET"]}}],"collection":[{"href":"https:\/\/olemosaic.orbitalia.org\/fr\/wp-json\/wp\/v2\/product"}],"about":[{"href":"https:\/\/olemosaic.orbitalia.org\/fr\/wp-json\/wp\/v2\/types\/product"}],"wp:featuredmedia":[{"embeddable":true,"href":"https:\/\/olemosaic.orbitalia.org\/fr\/wp-json\/wp\/v2\/media\/12603"}],"wp:attachment":[{"href":"https:\/\/olemosaic.orbitalia.org\/fr\/wp-json\/wp\/v2\/media?parent=33887"}],"wp:term":[{"taxonomy":"product_brand","embeddable":true,"href":"https:\/\/olemosaic.orbitalia.org\/fr\/wp-json\/wp\/v2\/product_brand?post=33887"},{"taxonomy":"product_cat","embeddable":true,"href":"https:\/\/olemosaic.orbitalia.org\/fr\/wp-json\/wp\/v2\/product_cat?post=33887"},{"taxonomy":"product_tag","embeddable":true,"href":"https:\/\/olemosaic.orbitalia.org\/fr\/wp-json\/wp\/v2\/product_tag?post=33887"}],"curies":[{"name":"wp","href":"https:\/\/api.w.org\/{rel}","templated":true}]}}