{"id":33886,"date":"2025-02-20T22:35:41","date_gmt":"2025-02-20T22:35:41","guid":{"rendered":"https:\/\/olemosaic.orbitalia.org\/producto\/funda-de-telefono-para-samsung-a23-tpu-mariposa\/"},"modified":"2025-07-25T20:19:59","modified_gmt":"2025-07-25T18:19:59","slug":"coque-de-telephone-pour-samsung-a23-tpu-papillon","status":"publish","type":"product","link":"https:\/\/olemosaic.orbitalia.org\/fr\/produit\/coque-de-telephone-pour-samsung-a23-tpu-papillon\/","title":{"rendered":"Coque de t\u00e9l\u00e9phone pour Samsung A23 (TPU). Papillon"},"content":{"rendered":"<p>Coque pour le t\u00e9l\u00e9phone Samsung A23 d\u00e9cor\u00e9e de papillons vibrants au design color\u00e9, qui capture l&rsquo;essence artistique de Barcelone. Cette coque \u00e9l\u00e9gante est \u00e9labor\u00e9e en TPU, un mat\u00e9riau r\u00e9sistant qui offre une excellente protection \u00e0 votre appareil, tout en ajoutant une touche distinctive et cr\u00e9ative. Les papillons, dans des tons intenses d&rsquo;orange, de bleu et de rose, \u00e9voquent la vie riche et la culture de la ville, se d\u00e9tachant sur un fond de mosa\u00efque qui rappelle le c\u00e9l\u00e8bre style de Gaud\u00ed. Ce motif, plein de nuances et de textures, \u00e9voque les chefs-d&rsquo;\u0153uvre architecturaux qui ornent les rues de Barcelone, cr\u00e9ant un lien unique entre l&rsquo;objet et son lieu d&rsquo;origine. Dans la partie inf\u00e9rieure, le mot \u00ab\u00a0Barcelona\u00a0\u00bb appara\u00eet dans une typographie \u00e9l\u00e9gante, compl\u00e9tant le design et renfor\u00e7ant l&rsquo;identit\u00e9 de ce souvenir. Ce n&rsquo;est pas seulement une coque fonctionnelle, mais aussi un souvenir repr\u00e9sentatif et authentique du patrimoine culturel de la r\u00e9gion. Id\u00e9ale pour les touristes qui cherchent des souvenirs de Barcelone, cette coque pour t\u00e9l\u00e9phone est une excellente option pour les boutiques de cadeaux touristiques. Chez Ol\u00e9 Mosaic, en tant que grossiste de coques de t\u00e9l\u00e9phone, nous proposons des produits qui combinent l&rsquo;art et la fonctionnalit\u00e9 avec la riche culture catalane.<\/p>\n","protected":false},"excerpt":{"rendered":"<p>Coque pour le t\u00e9l\u00e9phone Samsung A23 fabriqu\u00e9e en TPU, d\u00e9cor\u00e9e de papillons color\u00e9s qui \u00e9voquent l&rsquo;essence vibrante de Barcelone. Le design pr\u00e9sente des papillons aux tons brillants d&rsquo;orange, de bleu et de rose, sur un fond de mosa\u00efque inspir\u00e9 du c\u00e9l\u00e8bre style de Gaud\u00ed. La partie inf\u00e9rieure affiche le mot \u00ab\u00a0Barcelona\u00a0\u00bb dans une typographie \u00e9l\u00e9gante, compl\u00e9tant le design color\u00e9. Cette coque offre non seulement une protection, mais aussi une touche artistique et distinctive pour votre appareil.<\/p>\n","protected":false},"featured_media":12597,"template":"","meta":{"_acf_changed":false},"product_brand":[],"product_cat":[674],"product_tag":[530],"class_list":{"0":"post-33886","1":"product","2":"type-product","3":"status-publish","4":"has-post-thumbnail","6":"product_cat-etuis-pour-telephones-portables","7":"product_tag-animaux","8":"pa_ciudad-barcelona","9":"pa_motivo-papillons","10":"pa_pais-espana","12":"first","13":"instock","14":"shipping-taxable","15":"product-type-simple"},"acf":[],"_links":{"self":[{"href":"https:\/\/olemosaic.orbitalia.org\/fr\/wp-json\/wp\/v2\/product\/33886","targetHints":{"allow":["GET"]}}],"collection":[{"href":"https:\/\/olemosaic.orbitalia.org\/fr\/wp-json\/wp\/v2\/product"}],"about":[{"href":"https:\/\/olemosaic.orbitalia.org\/fr\/wp-json\/wp\/v2\/types\/product"}],"wp:featuredmedia":[{"embeddable":true,"href":"https:\/\/olemosaic.orbitalia.org\/fr\/wp-json\/wp\/v2\/media\/12597"}],"wp:attachment":[{"href":"https:\/\/olemosaic.orbitalia.org\/fr\/wp-json\/wp\/v2\/media?parent=33886"}],"wp:term":[{"taxonomy":"product_brand","embeddable":true,"href":"https:\/\/olemosaic.orbitalia.org\/fr\/wp-json\/wp\/v2\/product_brand?post=33886"},{"taxonomy":"product_cat","embeddable":true,"href":"https:\/\/olemosaic.orbitalia.org\/fr\/wp-json\/wp\/v2\/product_cat?post=33886"},{"taxonomy":"product_tag","embeddable":true,"href":"https:\/\/olemosaic.orbitalia.org\/fr\/wp-json\/wp\/v2\/product_tag?post=33886"}],"curies":[{"name":"wp","href":"https:\/\/api.w.org\/{rel}","templated":true}]}}