{"id":33885,"date":"2025-02-20T23:35:40","date_gmt":"2025-02-20T22:35:40","guid":{"rendered":"https:\/\/olemosaic.orbitalia.org\/producto\/funda-de-telefono-para-samsung-a23-tpu-salamandra-2\/"},"modified":"2025-07-25T18:51:57","modified_gmt":"2025-07-25T16:51:57","slug":"coque-de-telephone-pour-samsung-a23-tpu-salamandre-2","status":"publish","type":"product","link":"https:\/\/olemosaic.orbitalia.org\/fr\/produit\/coque-de-telephone-pour-samsung-a23-tpu-salamandre-2\/","title":{"rendered":"Coque de t\u00e9l\u00e9phone pour Samsung A23 (TPU). Salamandre. Gaud\u00ed."},"content":{"rendered":"<p>Coque pour t\u00e9l\u00e9phone Samsung A23 d\u00e9cor\u00e9e d&rsquo;une salamandre vibrante, une pi\u00e8ce iconique qui c\u00e9l\u00e8bre l&rsquo;\u0153uvre du c\u00e9l\u00e8bre architecte Antoni Gaud\u00ed \u00e0 Barcelone. Fabriqu\u00e9e en TPU de haute qualit\u00e9, cette coque offre une protection efficace et l\u00e9g\u00e8re pour votre appareil, tandis que son design color\u00e9 attire tous les regards. La salamandre, orn\u00e9e d&rsquo;une explosion de fleurs et de motifs g\u00e9om\u00e9triques, se dresse sur un fond gris qui \u00e9voque les mosa\u00efques color\u00e9es de la ville, repr\u00e9sentant l&rsquo;union parfaite entre l&rsquo;art et la fonctionnalit\u00e9.<\/p>\n<p>Chaque d\u00e9tail de l&rsquo;impression ressort avec des couleurs vives, cr\u00e9ant un effet visuel qui rappelle les \u0153uvres fascinantes de Gaud\u00ed, qui ne cessent d&rsquo;attirer les touristes et les amateurs d&rsquo;art. L&rsquo;inclusion de motifs floraux ajoute une touche de fra\u00eecheur et de joie, transformant cette coque en une pi\u00e8ce unique et authentique qui va au-del\u00e0 d&rsquo;un simple accessoire : c&rsquo;est un v\u00e9ritable souvenir de Barcelone.<\/p>\n<p>Chez Ol\u00e9 Mosaic, nous sommes fiers de distribuer des souvenirs repr\u00e9sentatifs de la culture espagnole. Cette coque de t\u00e9l\u00e9phone n&rsquo;est pas seulement id\u00e9ale pour prot\u00e9ger votre appareil, elle est aussi un excellent choix pour ceux qui cherchent \u00e0 emporter avec eux un fragment de la magie de Barcelone. En tant que grossistes de coques, nous proposons des produits qui combinent design, authenticit\u00e9 et pertinence culturelle, parfaits pour les boutiques et les magasins de souvenirs touristiques.<\/p>\n","protected":false},"excerpt":{"rendered":"<p>Coque pour t\u00e9l\u00e9phone Samsung A23 fabriqu\u00e9e en TPU, d\u00e9cor\u00e9e d&rsquo;une salamandre color\u00e9e, un motif iconique de la mosa\u00efque de Gaud\u00ed \u00e0 Barcelone. Ce design vibrant pr\u00e9sente une combinaison de fleurs et de motifs g\u00e9om\u00e9triques sur un fond gris qui \u00e9voque les styles architecturaux de la ville. L&rsquo;impression se distingue par ses couleurs vives et ses d\u00e9tails artistiques, transformant chaque coque en une pi\u00e8ce unique qui prot\u00e8ge votre t\u00e9l\u00e9phone et c\u00e9l\u00e8bre l&rsquo;essence de Barcelone.<\/p>\n","protected":false},"featured_media":12595,"template":"","meta":{"_acf_changed":false},"product_brand":[],"product_cat":[674],"product_tag":[530],"class_list":{"0":"post-33885","1":"product","2":"type-product","3":"status-publish","4":"has-post-thumbnail","6":"product_cat-etuis-pour-telephones-portables","7":"product_tag-animaux","8":"pa_ciudad-barcelona","9":"pa_motivo-salamandres","10":"pa_pais-espana","12":"first","13":"instock","14":"shipping-taxable","15":"product-type-simple"},"acf":[],"_links":{"self":[{"href":"https:\/\/olemosaic.orbitalia.org\/fr\/wp-json\/wp\/v2\/product\/33885","targetHints":{"allow":["GET"]}}],"collection":[{"href":"https:\/\/olemosaic.orbitalia.org\/fr\/wp-json\/wp\/v2\/product"}],"about":[{"href":"https:\/\/olemosaic.orbitalia.org\/fr\/wp-json\/wp\/v2\/types\/product"}],"wp:featuredmedia":[{"embeddable":true,"href":"https:\/\/olemosaic.orbitalia.org\/fr\/wp-json\/wp\/v2\/media\/12595"}],"wp:attachment":[{"href":"https:\/\/olemosaic.orbitalia.org\/fr\/wp-json\/wp\/v2\/media?parent=33885"}],"wp:term":[{"taxonomy":"product_brand","embeddable":true,"href":"https:\/\/olemosaic.orbitalia.org\/fr\/wp-json\/wp\/v2\/product_brand?post=33885"},{"taxonomy":"product_cat","embeddable":true,"href":"https:\/\/olemosaic.orbitalia.org\/fr\/wp-json\/wp\/v2\/product_cat?post=33885"},{"taxonomy":"product_tag","embeddable":true,"href":"https:\/\/olemosaic.orbitalia.org\/fr\/wp-json\/wp\/v2\/product_tag?post=33885"}],"curies":[{"name":"wp","href":"https:\/\/api.w.org\/{rel}","templated":true}]}}