{"id":33884,"date":"2025-02-20T22:35:40","date_gmt":"2025-02-20T22:35:40","guid":{"rendered":"https:\/\/olemosaic.orbitalia.org\/producto\/funda-de-telefono-para-samsung-a23-tpu-forjas\/"},"modified":"2025-07-25T18:02:48","modified_gmt":"2025-07-25T16:02:48","slug":"coque-de-telephone-pour-samsung-a23-tpu-forges","status":"publish","type":"product","link":"https:\/\/olemosaic.orbitalia.org\/fr\/produit\/coque-de-telephone-pour-samsung-a23-tpu-forges\/","title":{"rendered":"Coque de t\u00e9l\u00e9phone pour Samsung A23 (TPU). Forges"},"content":{"rendered":"<p>Coque de t\u00e9l\u00e9phone pour Samsung A23 d\u00e9cor\u00e9e d&rsquo;un \u00e9l\u00e9gant design de forge en blanc sur un fond bleu intense. Fabriqu\u00e9e en TPU, cette coque combine fonctionnalit\u00e9 et style distinctif, \u00e9voquant la richesse de l&rsquo;architecture traditionnelle espagnole. Le motif complexe de forge pr\u00e9sente des spirales et des courbes, des symboles qui refl\u00e8tent la beaut\u00e9 et l&rsquo;artisanat caract\u00e9ristiques des grilles et des balcons qui ornent de nombreuses villes d&rsquo;Espagne, offrant une connexion culturelle unique.<\/p>\n<p>La sophistication de son design ne prot\u00e8ge pas seulement l&rsquo;appareil des chocs et des rayures, mais transforme \u00e9galement un accessoire quotidien en une pi\u00e8ce d&rsquo;expression personnelle et culturelle. En choisissant cette coque, les touristes et les amateurs de culture espagnole acqui\u00e8rent un souvenir pratique qui, de plus, repr\u00e9sente l&rsquo;h\u00e9ritage artistique de la p\u00e9ninsule ib\u00e9rique. Chez Ol\u00e9 Mosaic, en tant que grossiste d&rsquo;accessoires, nous sommes fiers de proposer des produits qui c\u00e9l\u00e8brent l&rsquo;authenticit\u00e9 et la cr\u00e9ativit\u00e9. Cette coque pour Samsung A23 est une excellente option pour les boutiques de cadeaux touristiques qui cherchent des articles uniques et de qualit\u00e9, en accord avec l&rsquo;essence culturelle de l&rsquo;Espagne.<\/p>\n","protected":false},"excerpt":{"rendered":"<p>Coque pour t\u00e9l\u00e9phone Samsung A23 fabriqu\u00e9e en TPU, avec un design complexe de forge blanche sur fond bleu. Cet accessoire allie fonctionnalit\u00e9 et esth\u00e9tique, prot\u00e9geant votre appareil tout en ajoutant une touche d&rsquo;\u00e9l\u00e9gance inspir\u00e9e de l&rsquo;architecture espagnole. Les d\u00e9tails en spirales et courbes \u00e9voquent des \u00e9l\u00e9ments d\u00e9coratifs traditionnels, parfaits pour ceux qui cherchent \u00e0 personnaliser leur t\u00e9l\u00e9phone avec un motif culturel distinctif.<\/p>\n","protected":false},"featured_media":12608,"template":"","meta":{"_acf_changed":false},"product_brand":[],"product_cat":[674],"product_tag":[],"class_list":{"0":"post-33884","1":"product","2":"type-product","3":"status-publish","4":"has-post-thumbnail","6":"product_cat-etuis-pour-telephones-portables","7":"pa_motivo-forges","9":"first","10":"instock","11":"shipping-taxable","12":"product-type-simple"},"acf":[],"_links":{"self":[{"href":"https:\/\/olemosaic.orbitalia.org\/fr\/wp-json\/wp\/v2\/product\/33884","targetHints":{"allow":["GET"]}}],"collection":[{"href":"https:\/\/olemosaic.orbitalia.org\/fr\/wp-json\/wp\/v2\/product"}],"about":[{"href":"https:\/\/olemosaic.orbitalia.org\/fr\/wp-json\/wp\/v2\/types\/product"}],"wp:featuredmedia":[{"embeddable":true,"href":"https:\/\/olemosaic.orbitalia.org\/fr\/wp-json\/wp\/v2\/media\/12608"}],"wp:attachment":[{"href":"https:\/\/olemosaic.orbitalia.org\/fr\/wp-json\/wp\/v2\/media?parent=33884"}],"wp:term":[{"taxonomy":"product_brand","embeddable":true,"href":"https:\/\/olemosaic.orbitalia.org\/fr\/wp-json\/wp\/v2\/product_brand?post=33884"},{"taxonomy":"product_cat","embeddable":true,"href":"https:\/\/olemosaic.orbitalia.org\/fr\/wp-json\/wp\/v2\/product_cat?post=33884"},{"taxonomy":"product_tag","embeddable":true,"href":"https:\/\/olemosaic.orbitalia.org\/fr\/wp-json\/wp\/v2\/product_tag?post=33884"}],"curies":[{"name":"wp","href":"https:\/\/api.w.org\/{rel}","templated":true}]}}