{"id":33883,"date":"2025-02-20T23:35:40","date_gmt":"2025-02-20T22:35:40","guid":{"rendered":"https:\/\/olemosaic.orbitalia.org\/producto\/funda-de-telefono-para-samsung-a23-tpu-gato-2\/"},"modified":"2025-07-25T20:17:35","modified_gmt":"2025-07-25T18:17:35","slug":"coque-de-telephone-pour-samsung-a23-tpu-chat-2","status":"publish","type":"product","link":"https:\/\/olemosaic.orbitalia.org\/fr\/produit\/coque-de-telephone-pour-samsung-a23-tpu-chat-2\/","title":{"rendered":"Coque de t\u00e9l\u00e9phone pour Samsung A23 (TPU). Chat. Mosa\u00efque."},"content":{"rendered":"<p>Coque pour t\u00e9l\u00e9phone Samsung A23 avec une illustration frappante d&rsquo;un chat au design de mosa\u00efque, parfaite pour ceux qui recherchent un souvenir authentique de Barcelone. Fabriqu\u00e9e en TPU, cette coque offre une excellente protection pour votre appareil, s&rsquo;adaptant parfaitement au mod\u00e8le Samsung A23. La repr\u00e9sentation color\u00e9e d&rsquo;un chat, entour\u00e9 de papillons vibrants, \u00e9voque l&rsquo;essence artistique de la ville, mettant en valeur les tons intenses de bleu, rouge, vert et jaune qui ornent sa silhouette. Le fond sombre fait ressortir encore plus ces couleurs, cr\u00e9ant un contraste captivant qui attirera l&rsquo;attention de tout amateur de culture catalane. Le mot \u00ab\u00a0Barcelona\u00a0\u00bb appara\u00eet dans un style \u00e9l\u00e9gant, ajoutant une touche de sophistication \u00e0 cet accessoire indispensable. Ce produit n&rsquo;est pas seulement fonctionnel, il permet \u00e9galement aux utilisateurs d&#8217;emporter avec eux un morceau du riche h\u00e9ritage artistique de Barcelone, constituant un excellent souvenir pour les touristes souhaitant se rem\u00e9morer leur visite. Chez Ol\u00e9 Mosaic, nous nous consacrons \u00e0 la distribution de souvenirs en gros, offrant des produits uniques qui repr\u00e9sentent la diversit\u00e9 culturelle et artistique de l&rsquo;Espagne. Cette coque de t\u00e9l\u00e9phone est un choix parfait pour les boutiques de cadeaux touristiques cherchant \u00e0 proposer des articles authentiques et de qualit\u00e9.<\/p>\n","protected":false},"excerpt":{"rendered":"<p>Coque pour t\u00e9l\u00e9phone Samsung A23, fabriqu\u00e9e en TPU. Pr\u00e9sente une illustration color\u00e9e d&rsquo;un chat dans un design de mosa\u00efque, entour\u00e9 de papillons vibrants. Le fond sombre fait ressortir les couleurs intenses bleu, rouge, vert et jaune du chat, qui capture l&rsquo;essence artistique de Barcelone. Le mot \u00ab\u00a0Barcelona\u00a0\u00bb appara\u00eet dans un style \u00e9l\u00e9gant, compl\u00e9tant cet accessoire attrayant, id\u00e9al pour ceux qui souhaitent porter un morceau de la culture catalane au quotidien.<\/p>\n","protected":false},"featured_media":12612,"template":"","meta":{"_acf_changed":false},"product_brand":[],"product_cat":[674],"product_tag":[530],"class_list":{"0":"post-33883","1":"product","2":"type-product","3":"status-publish","4":"has-post-thumbnail","6":"product_cat-etuis-pour-telephones-portables","7":"product_tag-animaux","8":"pa_ciudad-barcelona","9":"pa_motivo-chats","10":"pa_pais-espana","12":"first","13":"instock","14":"shipping-taxable","15":"product-type-simple"},"acf":[],"_links":{"self":[{"href":"https:\/\/olemosaic.orbitalia.org\/fr\/wp-json\/wp\/v2\/product\/33883","targetHints":{"allow":["GET"]}}],"collection":[{"href":"https:\/\/olemosaic.orbitalia.org\/fr\/wp-json\/wp\/v2\/product"}],"about":[{"href":"https:\/\/olemosaic.orbitalia.org\/fr\/wp-json\/wp\/v2\/types\/product"}],"wp:featuredmedia":[{"embeddable":true,"href":"https:\/\/olemosaic.orbitalia.org\/fr\/wp-json\/wp\/v2\/media\/12612"}],"wp:attachment":[{"href":"https:\/\/olemosaic.orbitalia.org\/fr\/wp-json\/wp\/v2\/media?parent=33883"}],"wp:term":[{"taxonomy":"product_brand","embeddable":true,"href":"https:\/\/olemosaic.orbitalia.org\/fr\/wp-json\/wp\/v2\/product_brand?post=33883"},{"taxonomy":"product_cat","embeddable":true,"href":"https:\/\/olemosaic.orbitalia.org\/fr\/wp-json\/wp\/v2\/product_cat?post=33883"},{"taxonomy":"product_tag","embeddable":true,"href":"https:\/\/olemosaic.orbitalia.org\/fr\/wp-json\/wp\/v2\/product_tag?post=33883"}],"curies":[{"name":"wp","href":"https:\/\/api.w.org\/{rel}","templated":true}]}}