{"id":33867,"date":"2025-02-20T23:35:40","date_gmt":"2025-02-20T22:35:40","guid":{"rendered":"https:\/\/olemosaic.orbitalia.org\/producto\/funda-de-telefono-para-samsung-a23-tpu-abstracto-6\/"},"modified":"2025-07-25T20:28:39","modified_gmt":"2025-07-25T18:28:39","slug":"coque-de-telephone-pour-samsung-a23-tpu-abstrait-6","status":"publish","type":"product","link":"https:\/\/olemosaic.orbitalia.org\/fr\/produit\/coque-de-telephone-pour-samsung-a23-tpu-abstrait-6\/","title":{"rendered":"Coque de t\u00e9l\u00e9phone pour Samsung A23 (TPU). Abstrait. Effet visuel."},"content":{"rendered":"<p>Coque de t\u00e9l\u00e9phone pour Samsung A23 avec un design abstrait. Cette coque est \u00e9labor\u00e9e en TPU, un mat\u00e9riau reconnu pour sa flexibilit\u00e9 et sa r\u00e9sistance, id\u00e9al pour prot\u00e9ger votre appareil des chocs et des chutes. Son design vibrant pr\u00e9sente une explosion de couleurs allant du bleu profond au rose intense, cr\u00e9ant un effet visuel dynamique qui capte l&rsquo;attention. Ce style artistique ne souligne pas seulement la modernit\u00e9 de l&rsquo;accessoire, mais permet \u00e9galement aux utilisateurs d&rsquo;exprimer leur personnalit\u00e9 \u00e0 travers une touche visuelle contemporaine.<\/p>\n<p>Le motif abstrait ressemble \u00e0 des nuages de couleurs en mouvement, \u00e9voquant des sensations d&rsquo;\u00e9nergie et de cr\u00e9ativit\u00e9. Cette connexion avec l&rsquo;art moderne fait que la coque n&rsquo;est pas un simple protecteur, mais aussi une pi\u00e8ce d\u00e9corative qui compl\u00e8te le style de vie de ceux qui recherchent originalit\u00e9 et authenticit\u00e9. Ce souvenir technologique devient un excellent rappel pour ceux qui ont visit\u00e9 des villes riches en culture et en art.<\/p>\n<p>Chez Ol\u00e9 Mosaic, nous proposons une ligne de coques de t\u00e9l\u00e9phone en gros qui refl\u00e8tent la diversit\u00e9 et la cr\u00e9ativit\u00e9 du design moderne. Parfaite pour les boutiques de cadeaux touristiques, cette coque pour Samsung A23 est un article attrayant et fonctionnel qui se distingue par son design exclusif et sa pertinence culturelle sur le march\u00e9 actuel des souvenirs.<\/p>\n","protected":false},"excerpt":{"rendered":"<p>Coque pour t\u00e9l\u00e9phone Samsung A23 fabriqu\u00e9e en TPU, avec un design abstrait \u00e9voquant une explosion de couleurs vibrantes. Elle pr\u00e9sente un jeu spectaculaire de tonalit\u00e9s allant du bleu profond au rose intense, cr\u00e9ant un effet visuel dynamique et moderne. Cet accessoire ne prot\u00e8ge pas seulement votre appareil, mais lui apporte \u00e9galement une touche artistique, id\u00e9ale pour ceux qui cherchent \u00e0 exprimer leur style personnel.<\/p>\n","protected":false},"featured_media":12613,"template":"","meta":{"_acf_changed":false},"product_brand":[],"product_cat":[674],"product_tag":[],"class_list":{"0":"post-33867","1":"product","2":"type-product","3":"status-publish","4":"has-post-thumbnail","6":"product_cat-etuis-pour-telephones-portables","7":"pa_motivo-resume","9":"first","10":"instock","11":"shipping-taxable","12":"product-type-simple"},"acf":[],"_links":{"self":[{"href":"https:\/\/olemosaic.orbitalia.org\/fr\/wp-json\/wp\/v2\/product\/33867","targetHints":{"allow":["GET"]}}],"collection":[{"href":"https:\/\/olemosaic.orbitalia.org\/fr\/wp-json\/wp\/v2\/product"}],"about":[{"href":"https:\/\/olemosaic.orbitalia.org\/fr\/wp-json\/wp\/v2\/types\/product"}],"wp:featuredmedia":[{"embeddable":true,"href":"https:\/\/olemosaic.orbitalia.org\/fr\/wp-json\/wp\/v2\/media\/12613"}],"wp:attachment":[{"href":"https:\/\/olemosaic.orbitalia.org\/fr\/wp-json\/wp\/v2\/media?parent=33867"}],"wp:term":[{"taxonomy":"product_brand","embeddable":true,"href":"https:\/\/olemosaic.orbitalia.org\/fr\/wp-json\/wp\/v2\/product_brand?post=33867"},{"taxonomy":"product_cat","embeddable":true,"href":"https:\/\/olemosaic.orbitalia.org\/fr\/wp-json\/wp\/v2\/product_cat?post=33867"},{"taxonomy":"product_tag","embeddable":true,"href":"https:\/\/olemosaic.orbitalia.org\/fr\/wp-json\/wp\/v2\/product_tag?post=33867"}],"curies":[{"name":"wp","href":"https:\/\/api.w.org\/{rel}","templated":true}]}}