{"id":33863,"date":"2025-02-20T23:35:39","date_gmt":"2025-02-20T22:35:39","guid":{"rendered":"https:\/\/olemosaic.orbitalia.org\/producto\/funda-de-telefono-para-samsung-a23-tpu-abstracto-2\/"},"modified":"2025-07-25T20:34:28","modified_gmt":"2025-07-25T18:34:28","slug":"coque-de-telephone-pour-samsung-a23-tpu-abstrait-2","status":"publish","type":"product","link":"https:\/\/olemosaic.orbitalia.org\/fr\/produit\/coque-de-telephone-pour-samsung-a23-tpu-abstrait-2\/","title":{"rendered":"Coque de t\u00e9l\u00e9phone pour Samsung A23 (TPU). Abstrait. Motif lignes n\u00e9on."},"content":{"rendered":"<p>Coque pour t\u00e9l\u00e9phone Samsung A23 avec un design abstrait aux tons n\u00e9on. Cette coque innovante, fabriqu\u00e9e en TPU, ne prot\u00e8ge pas seulement votre appareil, mais le transforme en une v\u00e9ritable ic\u00f4ne de style. L&rsquo;illustration vibrante pr\u00e9sente des lignes fluides dans une explosion de couleurs, avec des verts, des roses, des oranges et des bleus sur un fond sombre qui rehausse l&rsquo;intensit\u00e9 de chaque ton. Cette fusion cr\u00e9e un effet dynamique et moderne, id\u00e9al pour ceux qui souhaitent affirmer leur personnalit\u00e9 et leur style au quotidien.<\/p>\n<p>Le design abstrait est n\u00e9 de la tendance contemporaine qui combine art et technologie, refl\u00e9tant l&rsquo;essence vibrante des villes les plus cosmopolites. La coque s&rsquo;adapte parfaitement au Samsung A23, garantissant un acc\u00e8s complet \u00e0 tous les ports et boutons, tandis que son mat\u00e9riau TPU offre une excellente r\u00e9sistance aux impacts et aux chutes, assurant la durabilit\u00e9 et la protection de l&rsquo;appareil.<\/p>\n<p>Consid\u00e9r\u00e9e comme un souvenir moderne et fonctionnel, cette coque est l&rsquo;option parfaite pour les touristes \u00e0 la recherche d&rsquo;un souvenir authentique repr\u00e9sentant la cr\u00e9ativit\u00e9 et la diversit\u00e9 culturelle de l&rsquo;Espagne. Chez Ol\u00e9 Mosaic, en tant que distributeurs d&rsquo;accessoires en gros, nous proposons des produits de qualit\u00e9 qui \u00e9voquent l&rsquo;esprit innovateur des villes les plus embl\u00e9matiques, transformant chaque pi\u00e8ce en un cadeau parfait.<\/p>\n","protected":false},"excerpt":{"rendered":"<p>Coque de t\u00e9l\u00e9phone pour Samsung A23 fabriqu\u00e9e en TPU, avec un design abstrait qui se distingue par ses lignes vibrantes dans des tons n\u00e9on sur un fond sombre. Cet accessoire \u00e9l\u00e9gant offre une excellente protection pour votre appareil, alliant fonctionnalit\u00e9 et style. Les couleurs \u00e9clatantes, telles que les verts, les roses, les oranges et les bleus, apportent une touche moderne et dynamique, en faisant une option id\u00e9ale pour ceux qui cherchent \u00e0 affirmer leur personnalit\u00e9.<\/p>\n","protected":false},"featured_media":12614,"template":"","meta":{"_acf_changed":false},"product_brand":[],"product_cat":[674],"product_tag":[],"class_list":{"0":"post-33863","1":"product","2":"type-product","3":"status-publish","4":"has-post-thumbnail","6":"product_cat-etuis-pour-telephones-portables","7":"pa_motivo-resume","9":"first","10":"instock","11":"shipping-taxable","12":"product-type-simple"},"acf":[],"_links":{"self":[{"href":"https:\/\/olemosaic.orbitalia.org\/fr\/wp-json\/wp\/v2\/product\/33863","targetHints":{"allow":["GET"]}}],"collection":[{"href":"https:\/\/olemosaic.orbitalia.org\/fr\/wp-json\/wp\/v2\/product"}],"about":[{"href":"https:\/\/olemosaic.orbitalia.org\/fr\/wp-json\/wp\/v2\/types\/product"}],"wp:featuredmedia":[{"embeddable":true,"href":"https:\/\/olemosaic.orbitalia.org\/fr\/wp-json\/wp\/v2\/media\/12614"}],"wp:attachment":[{"href":"https:\/\/olemosaic.orbitalia.org\/fr\/wp-json\/wp\/v2\/media?parent=33863"}],"wp:term":[{"taxonomy":"product_brand","embeddable":true,"href":"https:\/\/olemosaic.orbitalia.org\/fr\/wp-json\/wp\/v2\/product_brand?post=33863"},{"taxonomy":"product_cat","embeddable":true,"href":"https:\/\/olemosaic.orbitalia.org\/fr\/wp-json\/wp\/v2\/product_cat?post=33863"},{"taxonomy":"product_tag","embeddable":true,"href":"https:\/\/olemosaic.orbitalia.org\/fr\/wp-json\/wp\/v2\/product_tag?post=33863"}],"curies":[{"name":"wp","href":"https:\/\/api.w.org\/{rel}","templated":true}]}}