{"id":33836,"date":"2025-02-20T22:35:38","date_gmt":"2025-02-20T22:35:38","guid":{"rendered":"https:\/\/olemosaic.orbitalia.org\/producto\/funda-de-telefono-para-samsung-a14-tpu-mariposa-barcelona-blanco\/"},"modified":"2025-07-25T20:02:49","modified_gmt":"2025-07-25T18:02:49","slug":"coque-de-telephone-pour-samsung-a14-tpu-papillon-barcelone-blanc","status":"publish","type":"product","link":"https:\/\/olemosaic.orbitalia.org\/fr\/produit\/coque-de-telephone-pour-samsung-a14-tpu-papillon-barcelone-blanc\/","title":{"rendered":"Coque de t\u00e9l\u00e9phone pour Samsung A14 (TPU). Papillon. Barcelone. Blanc"},"content":{"rendered":"<p>Coque de t\u00e9l\u00e9phone pour Samsung A14 avec un design vibrant de papillons, inspir\u00e9 de l&rsquo;essence artistique de Barcelone. Fabriqu\u00e9e en TPU, elle offre une excellente r\u00e9sistance et protection pour votre appareil, tandis que son design color\u00e9 \u00e9voque la diversit\u00e9 culturelle de la ville. Sur un fond blanc, des papillons aux tons brillants de rouge, bleu, jaune et vert se d\u00e9tachent, avec un style de mosa\u00efque rappelant les \u0153uvres architecturales de Gaud\u00ed. Le mot \u00ab\u00a0Barcelona\u00a0\u00bb appara\u00eet \u00e9l\u00e9gamment dans la partie inf\u00e9rieure, ajoutant une touche distinctive et moderne.<\/p>\n<p>Le design de cette coque n&rsquo;est pas seulement attrayant, il repr\u00e9sente \u00e9galement la connexion culturelle avec Barcelone, une ville c\u00e9l\u00e8bre pour son art, son architecture et les papillons vibrants qui voltigent dans ses jardins et parcs. Ce souvenir fonctionnel est parfait pour les touristes cherchant un souvenir de leur visite dans cette ville embl\u00e9matique. Chez Ol\u00e9 Mosaic, nous nous sp\u00e9cialisons dans la distribution de souvenirs en gros, et cette coque de t\u00e9l\u00e9phone est une option id\u00e9ale pour les boutiques de cadeaux touristiques souhaitant offrir des produits authentiques et de qualit\u00e9. Avec son m\u00e9lange de style et de praticit\u00e9, cette coque est un excellent cadeau qui capture l&rsquo;essence de la culture catalane et son riche h\u00e9ritage artistique.<\/p>\n","protected":false},"excerpt":{"rendered":"<p>Coque pour t\u00e9l\u00e9phone Samsung A14 fabriqu\u00e9e en TPU avec un design vibrant de papillons. Inspir\u00e9e de l&rsquo;essence artistique de Barcelone, elle pr\u00e9sente un fond blanc qui met en valeur une mosa\u00efque color\u00e9e dans les tons bleus et rouges, ainsi que des papillons peints dans diverses couleurs \u00e9clatantes. Le mot \u00ab\u00a0Barcelona\u00a0\u00bb appara\u00eet avec une calligraphie \u00e9l\u00e9gante, soulignant le caract\u00e8re distinctif de la ville. Cette coque allie fonctionnalit\u00e9 et style pour ceux qui recherchent une touche unique sur leurs appareils.<\/p>\n","protected":false},"featured_media":12537,"template":"","meta":{"_acf_changed":false},"product_brand":[],"product_cat":[674],"product_tag":[530],"class_list":{"0":"post-33836","1":"product","2":"type-product","3":"status-publish","4":"has-post-thumbnail","6":"product_cat-etuis-pour-telephones-portables","7":"product_tag-animaux","8":"pa_ciudad-barcelona","9":"pa_motivo-papillons","10":"pa_pais-espana","12":"first","13":"instock","14":"shipping-taxable","15":"product-type-simple"},"acf":[],"_links":{"self":[{"href":"https:\/\/olemosaic.orbitalia.org\/fr\/wp-json\/wp\/v2\/product\/33836","targetHints":{"allow":["GET"]}}],"collection":[{"href":"https:\/\/olemosaic.orbitalia.org\/fr\/wp-json\/wp\/v2\/product"}],"about":[{"href":"https:\/\/olemosaic.orbitalia.org\/fr\/wp-json\/wp\/v2\/types\/product"}],"wp:featuredmedia":[{"embeddable":true,"href":"https:\/\/olemosaic.orbitalia.org\/fr\/wp-json\/wp\/v2\/media\/12537"}],"wp:attachment":[{"href":"https:\/\/olemosaic.orbitalia.org\/fr\/wp-json\/wp\/v2\/media?parent=33836"}],"wp:term":[{"taxonomy":"product_brand","embeddable":true,"href":"https:\/\/olemosaic.orbitalia.org\/fr\/wp-json\/wp\/v2\/product_brand?post=33836"},{"taxonomy":"product_cat","embeddable":true,"href":"https:\/\/olemosaic.orbitalia.org\/fr\/wp-json\/wp\/v2\/product_cat?post=33836"},{"taxonomy":"product_tag","embeddable":true,"href":"https:\/\/olemosaic.orbitalia.org\/fr\/wp-json\/wp\/v2\/product_tag?post=33836"}],"curies":[{"name":"wp","href":"https:\/\/api.w.org\/{rel}","templated":true}]}}