{"id":33818,"date":"2025-02-20T22:35:37","date_gmt":"2025-02-20T22:35:37","guid":{"rendered":"https:\/\/olemosaic.orbitalia.org\/producto\/funda-de-telefono-para-samsung-a13-tpu-panoramica-barcelona-azul\/"},"modified":"2025-07-25T20:17:10","modified_gmt":"2025-07-25T18:17:10","slug":"coque-de-telephone-pour-samsung-a13-tpu-panoramique-barcelone-bleu","status":"publish","type":"product","link":"https:\/\/olemosaic.orbitalia.org\/fr\/produit\/coque-de-telephone-pour-samsung-a13-tpu-panoramique-barcelone-bleu\/","title":{"rendered":"Coque de t\u00e9l\u00e9phone pour Samsung A13 (TPU). Panoramique. Barcelone. Bleu"},"content":{"rendered":"<p>Coque pour Samsung A13 avec un design panoramique inspir\u00e9 de Barcelone. Cette coque attrayante, fabriqu\u00e9e en TPU, offre une combinaison parfaite de style et de fonctionnalit\u00e9, prot\u00e9geant votre appareil tout en soulignant l&rsquo;essence vibrante de la cit\u00e9 comtale. Son design pr\u00e9sente un m\u00e9lange de couleurs bleues, rappelant le ciel \u00e9clatant de Barcelone, compl\u00e9t\u00e9 par des d\u00e9tails chaleureux qui \u00e9voquent l&rsquo;architecture embl\u00e9matique de la ville. Au premier plan, la silhouette iconique de la Sagrada Familia se distingue, entour\u00e9e d&rsquo;\u00e9l\u00e9ments architecturaux repr\u00e9sentant le riche h\u00e9ritage culturel de la r\u00e9gion, des formes ondulantes de Gaud\u00ed au style moderniste classique.<\/p>\n<p>Le texte \u00ab\u00a0Barcelona\u00a0\u00bb appara\u00eet en lettres color\u00e9es et dynamiques, capturant l&rsquo;esprit vibrant de la m\u00e9tropole. Inspir\u00e9 par le traditionnel trencad\u00eds, ce design n&rsquo;offre pas seulement une protection stylis\u00e9e, mais sert \u00e9galement de merveilleux souvenir de l&rsquo;architecture et de l&rsquo;art catalan. Cette coque de t\u00e9l\u00e9phone devient un souvenir parfait pour les touristes souhaitant emporter avec eux un morceau de Barcelone. Chez Ol\u00e9 Mosaic, nous sommes distributeurs d&rsquo;articles authentiques de la r\u00e9gion, et cette coque est une excellente option pour les boutiques de souvenirs touristiques, offrant un article de qualit\u00e9 alliant design et h\u00e9ritage culturel.<\/p>\n","protected":false},"excerpt":{"rendered":"<p>Coque pour t\u00e9l\u00e9phone Samsung A13 fabriqu\u00e9e en TPU, avec un design panoramique vibrant de Barcelone. La coque pr\u00e9sente un m\u00e9lange de couleurs bleues et de d\u00e9tails aux tons chauds, o\u00f9 se distinguent la c\u00e9l\u00e8bre silhouette de la Sagrada Familia et des \u00e9l\u00e9ments architecturaux embl\u00e9matiques de la ville. Le design inclut le mot \u00ab Barcelone \u00bb en lettres color\u00e9es, entour\u00e9 de motifs inspir\u00e9s du trencad\u00eds, offrant une protection stylis\u00e9e pour votre appareil tout en capturant l&rsquo;essence du style catalan.<\/p>\n","protected":false},"featured_media":12524,"template":"","meta":{"_acf_changed":false},"product_brand":[],"product_cat":[674],"product_tag":[],"class_list":{"0":"post-33818","1":"product","2":"type-product","3":"status-publish","4":"has-post-thumbnail","6":"product_cat-etuis-pour-telephones-portables","7":"pa_ciudad-barcelona","8":"pa_motivo-panoramas","9":"pa_pais-espana","11":"first","12":"instock","13":"shipping-taxable","14":"product-type-simple"},"acf":[],"_links":{"self":[{"href":"https:\/\/olemosaic.orbitalia.org\/fr\/wp-json\/wp\/v2\/product\/33818","targetHints":{"allow":["GET"]}}],"collection":[{"href":"https:\/\/olemosaic.orbitalia.org\/fr\/wp-json\/wp\/v2\/product"}],"about":[{"href":"https:\/\/olemosaic.orbitalia.org\/fr\/wp-json\/wp\/v2\/types\/product"}],"wp:featuredmedia":[{"embeddable":true,"href":"https:\/\/olemosaic.orbitalia.org\/fr\/wp-json\/wp\/v2\/media\/12524"}],"wp:attachment":[{"href":"https:\/\/olemosaic.orbitalia.org\/fr\/wp-json\/wp\/v2\/media?parent=33818"}],"wp:term":[{"taxonomy":"product_brand","embeddable":true,"href":"https:\/\/olemosaic.orbitalia.org\/fr\/wp-json\/wp\/v2\/product_brand?post=33818"},{"taxonomy":"product_cat","embeddable":true,"href":"https:\/\/olemosaic.orbitalia.org\/fr\/wp-json\/wp\/v2\/product_cat?post=33818"},{"taxonomy":"product_tag","embeddable":true,"href":"https:\/\/olemosaic.orbitalia.org\/fr\/wp-json\/wp\/v2\/product_tag?post=33818"}],"curies":[{"name":"wp","href":"https:\/\/api.w.org\/{rel}","templated":true}]}}