{"id":33807,"date":"2025-02-20T23:35:37","date_gmt":"2025-02-20T22:35:37","guid":{"rendered":"https:\/\/olemosaic.orbitalia.org\/producto\/funda-de-telefono-para-samsung-a13-tpu-abstracto-azul-2\/"},"modified":"2025-07-25T20:15:08","modified_gmt":"2025-07-25T18:15:08","slug":"coque-de-telephone-pour-samsung-a13-tpu-abstrait-bleu-motif-losanges","status":"publish","type":"product","link":"https:\/\/olemosaic.orbitalia.org\/fr\/produit\/coque-de-telephone-pour-samsung-a13-tpu-abstrait-bleu-motif-losanges\/","title":{"rendered":"Coque de t\u00e9l\u00e9phone pour Samsung A13 (TPU). Abstrait. Bleu. Motif losanges."},"content":{"rendered":"<p>Coque pour Samsung A13 &#8211; Design abstrait dans les tons bleus<\/p>\n<p>D\u00e9couvrez notre coque pour Samsung A13, fabriqu\u00e9e en TPU, qui fusionne fonctionnalit\u00e9 et style. Cet accessoire se distingue par son design abstrait vibrant, o\u00f9 un motif captivant de losanges dans des tons bleus d\u00e9grad\u00e9s se d\u00e9ploie avec \u00e9l\u00e9gance, apportant \u00e0 votre appareil une touche artistique et dynamique. Le m\u00e9lange de bleu, vert et de touches douces de rouge et de jaune donne vie \u00e0 un design moderne qui non seulement se remarque, mais s&rsquo;int\u00e8gre aussi parfaitement dans n&rsquo;importe quel environnement.<\/p>\n<p>La coque est con\u00e7ue pour offrir une protection durable, gr\u00e2ce \u00e0 sa couche flexible et r\u00e9sistante qui absorbe les impacts et prot\u00e8ge votre smartphone des rayures, des chutes et autres dommages quotidiens. Sa finition lisse offre un ajustement confortable et s\u00fbr, garantissant que votre mobile reste accessible et facile \u00e0 utiliser. Id\u00e9ale pour ceux qui recherchent un accessoire qui ne sacrifie pas l&rsquo;esth\u00e9tique \u00e0 la fonctionnalit\u00e9, cette coque devient un souvenir parfait de votre passage par la vibrante culture contemporaine.<\/p>\n<p>En tant que distributeurs de souvenirs en gros chez Ol\u00e9 Mosaic, nous proposons une vari\u00e9t\u00e9 de produits uniques qui repr\u00e9sentent non seulement leur qualit\u00e9, mais aussi leur capacit\u00e9 \u00e0 connecter les touristes \u00e0 l&rsquo;essence de leurs voyages. Cette coque est une option exceptionnelle pour les boutiques de cadeaux touristiques souhaitant int\u00e9grer des produits utiles et attrayants \u00e0 leur s\u00e9lection de souvenirs technologiques.<\/p>\n","protected":false},"excerpt":{"rendered":"<p>Coque pour t\u00e9l\u00e9phone Samsung A13 fabriqu\u00e9e en TPU, avec un design abstrait dans les tons bleus et un motif vibrant de losanges. Cette coque combine un style moderne et color\u00e9 qui apporte une touche artistique et dynamique, tout en prot\u00e9geant votre appareil avec une couche flexible et r\u00e9sistante. Sa finition lisse et attrayante assure un ajustement parfait et confortable, en faisant un accessoire id\u00e9al pour ceux qui recherchent la fonctionnalit\u00e9 sans renoncer \u00e0 l&rsquo;esth\u00e9tique.<\/p>\n","protected":false},"featured_media":12530,"template":"","meta":{"_acf_changed":false},"product_brand":[],"product_cat":[674],"product_tag":[],"class_list":{"0":"post-33807","1":"product","2":"type-product","3":"status-publish","4":"has-post-thumbnail","6":"product_cat-etuis-pour-telephones-portables","7":"pa_motivo-resume","9":"first","10":"instock","11":"shipping-taxable","12":"product-type-simple"},"acf":[],"_links":{"self":[{"href":"https:\/\/olemosaic.orbitalia.org\/fr\/wp-json\/wp\/v2\/product\/33807","targetHints":{"allow":["GET"]}}],"collection":[{"href":"https:\/\/olemosaic.orbitalia.org\/fr\/wp-json\/wp\/v2\/product"}],"about":[{"href":"https:\/\/olemosaic.orbitalia.org\/fr\/wp-json\/wp\/v2\/types\/product"}],"wp:featuredmedia":[{"embeddable":true,"href":"https:\/\/olemosaic.orbitalia.org\/fr\/wp-json\/wp\/v2\/media\/12530"}],"wp:attachment":[{"href":"https:\/\/olemosaic.orbitalia.org\/fr\/wp-json\/wp\/v2\/media?parent=33807"}],"wp:term":[{"taxonomy":"product_brand","embeddable":true,"href":"https:\/\/olemosaic.orbitalia.org\/fr\/wp-json\/wp\/v2\/product_brand?post=33807"},{"taxonomy":"product_cat","embeddable":true,"href":"https:\/\/olemosaic.orbitalia.org\/fr\/wp-json\/wp\/v2\/product_cat?post=33807"},{"taxonomy":"product_tag","embeddable":true,"href":"https:\/\/olemosaic.orbitalia.org\/fr\/wp-json\/wp\/v2\/product_tag?post=33807"}],"curies":[{"name":"wp","href":"https:\/\/api.w.org\/{rel}","templated":true}]}}