{"id":33770,"date":"2025-02-20T22:35:35","date_gmt":"2025-02-20T22:35:35","guid":{"rendered":"https:\/\/olemosaic.orbitalia.org\/producto\/funda-de-telefono-para-samsung-a12-tpu-salamandra-barcelona-negro\/"},"modified":"2025-07-25T20:39:02","modified_gmt":"2025-07-25T18:39:02","slug":"coque-de-telephone-pour-samsung-a12-tpu-salamandre-barcelone-noir","status":"publish","type":"product","link":"https:\/\/olemosaic.orbitalia.org\/fr\/produit\/coque-de-telephone-pour-samsung-a12-tpu-salamandre-barcelone-noir\/","title":{"rendered":"Coque de t\u00e9l\u00e9phone pour Samsung A12 (TPU). Salamandre. Barcelone. Noir"},"content":{"rendered":"<p>Coque pour t\u00e9l\u00e9phone Samsung A12 avec des illustrations color\u00e9es de salamandres typiques de Barcelone. Cette coque \u00e9l\u00e9gante est fabriqu\u00e9e en TPU, un mat\u00e9riau flexible et r\u00e9sistant qui offre une excellente protection contre les chocs et les rayures, garantissant que votre appareil reste en parfait \u00e9tat. La d\u00e9coration de la coque comprend des salamandres vibrantes dans des tons bleus, verts et rouges, entrelac\u00e9es avec de petits motifs floraux qui apportent une touche artistique et joyeuse \u00e0 la pi\u00e8ce. La base noire fait ressortir la richesse des couleurs et souligne les motifs inspir\u00e9s du modernisme catalan, reconnu mondialement pour son style architectural influent.<\/p>\n<p>Avec le mot \u00ab\u00a0Barcelone\u00a0\u00bb \u00e9l\u00e9gamment incorpor\u00e9 dans le design, cette coque ne prot\u00e8ge pas seulement votre t\u00e9l\u00e9phone, mais c\u00e9l\u00e8bre \u00e9galement l&rsquo;identit\u00e9 culturelle de la ville, devenant un souvenir id\u00e9al pour tout visiteur. C&rsquo;est une excellente option pour ceux qui recherchent des souvenirs de Barcelone alliant fonctionnalit\u00e9 et style. Chez Ol\u00e9 Mosaic, en tant que distributeur en gros d&rsquo;accessoires de mode et de style de vie, nous proposons ce produit con\u00e7u pour les boutiques de cadeaux touristiques souhaitant offrir \u00e0 leurs clients des souvenirs authentiques et de haute qualit\u00e9. La coque salamandre est, sans aucun doute, un article attrayant pour les touristes qui veulent emporter un morceau de Barcelone dans leur quotidien.<\/p>\n","protected":false},"excerpt":{"rendered":"<p>Coque pour t\u00e9l\u00e9phone Samsung A12 fabriqu\u00e9e en TPU, d\u00e9cor\u00e9e d&rsquo;illustrations de salamandres color\u00e9es typiques de Barcelone. Son design se distingue par des d\u00e9tails vibrants dans des tons bleus, verts et rouges, compl\u00e9t\u00e9s par de petites fleurs d\u00e9coratives. La base noire fait ressortir les motifs artistiques inspir\u00e9s du modernisme catalan, tandis que le texte \u00ab\u00a0Barcelone\u00a0\u00bb ajoute une touche d&rsquo;identit\u00e9 locale. Un choix id\u00e9al pour prot\u00e9ger votre appareil avec style.<\/p>\n","protected":false},"featured_media":12499,"template":"","meta":{"_acf_changed":false},"product_brand":[],"product_cat":[674],"product_tag":[530],"class_list":{"0":"post-33770","1":"product","2":"type-product","3":"status-publish","4":"has-post-thumbnail","6":"product_cat-etuis-pour-telephones-portables","7":"product_tag-animaux","8":"pa_ciudad-barcelona","9":"pa_motivo-salamandres","10":"pa_pais-espana","12":"first","13":"instock","14":"shipping-taxable","15":"product-type-simple"},"acf":[],"_links":{"self":[{"href":"https:\/\/olemosaic.orbitalia.org\/fr\/wp-json\/wp\/v2\/product\/33770","targetHints":{"allow":["GET"]}}],"collection":[{"href":"https:\/\/olemosaic.orbitalia.org\/fr\/wp-json\/wp\/v2\/product"}],"about":[{"href":"https:\/\/olemosaic.orbitalia.org\/fr\/wp-json\/wp\/v2\/types\/product"}],"wp:featuredmedia":[{"embeddable":true,"href":"https:\/\/olemosaic.orbitalia.org\/fr\/wp-json\/wp\/v2\/media\/12499"}],"wp:attachment":[{"href":"https:\/\/olemosaic.orbitalia.org\/fr\/wp-json\/wp\/v2\/media?parent=33770"}],"wp:term":[{"taxonomy":"product_brand","embeddable":true,"href":"https:\/\/olemosaic.orbitalia.org\/fr\/wp-json\/wp\/v2\/product_brand?post=33770"},{"taxonomy":"product_cat","embeddable":true,"href":"https:\/\/olemosaic.orbitalia.org\/fr\/wp-json\/wp\/v2\/product_cat?post=33770"},{"taxonomy":"product_tag","embeddable":true,"href":"https:\/\/olemosaic.orbitalia.org\/fr\/wp-json\/wp\/v2\/product_tag?post=33770"}],"curies":[{"name":"wp","href":"https:\/\/api.w.org\/{rel}","templated":true}]}}