{"id":33744,"date":"2025-02-20T22:35:34","date_gmt":"2025-02-20T22:35:34","guid":{"rendered":"https:\/\/olemosaic.orbitalia.org\/producto\/funda-de-telefono-para-samsung-a12-tpu-abstracto-azul\/"},"modified":"2025-07-25T20:23:12","modified_gmt":"2025-07-25T18:23:12","slug":"coque-de-telephone-pour-samsung-a12-tpu-abstrait-bleu","status":"publish","type":"product","link":"https:\/\/olemosaic.orbitalia.org\/fr\/produit\/coque-de-telephone-pour-samsung-a12-tpu-abstrait-bleu\/","title":{"rendered":"Coque de t\u00e9l\u00e9phone pour Samsung A12 (TPU). Abstrait. Bleu"},"content":{"rendered":"<p>Coque pour t\u00e9l\u00e9phone Samsung A12 avec design abstrait \u00ab\u00a0Barcelona\u00a0\u00bb. Cette coque originale, fabriqu\u00e9e en TPU de haute qualit\u00e9, offre une protection exceptionnelle pour votre appareil. Son design color\u00e9, dans des tons bleus vibrants et des formes fluides, \u00e9voque l&rsquo;\u00e9nergie et la cr\u00e9ativit\u00e9 qui caract\u00e9risent la ville embl\u00e9matique de Barcelone. Sur la partie frontale, le nom \u00ab\u00a0Barcelona\u00a0\u00bb se d\u00e9tache en lettres blanches, fusionnant art contemporain et culture locale, ce qui en fait un accessoire id\u00e9al pour ceux qui recherchent une touche artistique et moderne au quotidien.<\/p>\n<p>La repr\u00e9sentation abstraite, avec son jeu de couleurs vives qui coulent et s&rsquo;entrelacent, est inspir\u00e9e par l&rsquo;architecture dynamique et la vie urbaine vibrante de Barcelone, c\u00e9l\u00e9brant son riche h\u00e9ritage culturel. Ce souvenir ne prot\u00e8ge pas seulement votre t\u00e9l\u00e9phone, mais agit \u00e9galement comme un rappel constant de la beaut\u00e9 et de l&rsquo;effervescence de la ville, faisant de chaque utilisation une exp\u00e9rience visuelle unique. Chez Ol\u00e9 Mosaic, nous sommes fiers de proposer des produits authentiques qui mettent en valeur le charme des principales villes espagnoles. Cette coque est une excellente option pour les boutiques de cadeaux touristiques \u00e0 la recherche de souvenirs de qualit\u00e9, parfaits pour les voyageurs souhaitant emporter un petit morceau de Barcelone.<\/p>\n","protected":false},"excerpt":{"rendered":"<p>Coque pour t\u00e9l\u00e9phone Samsung A12 fabriqu\u00e9e en TPU, avec un design abstrait dans des tons bleus vibrants. La partie frontale montre des formes fluides \u00e9voquant le mouvement, orn\u00e9es du nom \u00ab\u00a0Barcelona\u00a0\u00bb en lettres blanches, soulignant la cr\u00e9ativit\u00e9 et l&rsquo;\u00e9nergie de la ville. Cette coque, en plus de prot\u00e9ger votre appareil, ajoute une touche artistique et moderne, id\u00e9ale pour les amateurs de design contemporain et de culture barcelonaise.<\/p>\n","protected":false},"featured_media":12495,"template":"","meta":{"_acf_changed":false},"product_brand":[],"product_cat":[674],"product_tag":[],"class_list":{"0":"post-33744","1":"product","2":"type-product","3":"status-publish","4":"has-post-thumbnail","6":"product_cat-etuis-pour-telephones-portables","7":"pa_ciudad-barcelona","8":"pa_motivo-resume","9":"pa_pais-espana","11":"first","12":"instock","13":"shipping-taxable","14":"product-type-simple"},"acf":[],"_links":{"self":[{"href":"https:\/\/olemosaic.orbitalia.org\/fr\/wp-json\/wp\/v2\/product\/33744","targetHints":{"allow":["GET"]}}],"collection":[{"href":"https:\/\/olemosaic.orbitalia.org\/fr\/wp-json\/wp\/v2\/product"}],"about":[{"href":"https:\/\/olemosaic.orbitalia.org\/fr\/wp-json\/wp\/v2\/types\/product"}],"wp:featuredmedia":[{"embeddable":true,"href":"https:\/\/olemosaic.orbitalia.org\/fr\/wp-json\/wp\/v2\/media\/12495"}],"wp:attachment":[{"href":"https:\/\/olemosaic.orbitalia.org\/fr\/wp-json\/wp\/v2\/media?parent=33744"}],"wp:term":[{"taxonomy":"product_brand","embeddable":true,"href":"https:\/\/olemosaic.orbitalia.org\/fr\/wp-json\/wp\/v2\/product_brand?post=33744"},{"taxonomy":"product_cat","embeddable":true,"href":"https:\/\/olemosaic.orbitalia.org\/fr\/wp-json\/wp\/v2\/product_cat?post=33744"},{"taxonomy":"product_tag","embeddable":true,"href":"https:\/\/olemosaic.orbitalia.org\/fr\/wp-json\/wp\/v2\/product_tag?post=33744"}],"curies":[{"name":"wp","href":"https:\/\/api.w.org\/{rel}","templated":true}]}}