{"id":33739,"date":"2025-02-20T22:35:34","date_gmt":"2025-02-20T22:35:34","guid":{"rendered":"https:\/\/olemosaic.orbitalia.org\/producto\/funda-de-telefono-para-iphone-15-promax-tpu-panoramica-barcelona-blanco\/"},"modified":"2025-07-25T18:50:45","modified_gmt":"2025-07-25T16:50:45","slug":"coque-de-telephone-pour-iphone-15-pro-max-tpu-panoramique-barcelone-blanc","status":"publish","type":"product","link":"https:\/\/olemosaic.orbitalia.org\/fr\/produit\/coque-de-telephone-pour-iphone-15-pro-max-tpu-panoramique-barcelone-blanc\/","title":{"rendered":"Coque de t\u00e9l\u00e9phone pour iPhone 15 Pro Max (TPU). Panoramique. Barcelone. Blanc"},"content":{"rendered":"<p>Coque pour iPhone 15 Pro Max avec une vue panoramique vibrante de Barcelone. Ce design unique pr\u00e9sente une interpr\u00e9tation color\u00e9e de certains des \u00e9l\u00e9ments les plus embl\u00e9matiques de la ville, tels que la Sagrada Familia et la Casa Batll\u00f3, stylis\u00e9s dans une mosa\u00efque frappante utilisant des tons intenses de jaune, bleu et rouge. Le fond blanc ne fait pas que souligner les d\u00e9tails artistiques, il apporte \u00e9galement modernit\u00e9 et fra\u00eecheur au design, faisant de cette coque un accessoire indispensable pour tout amateur d&rsquo;architecture et de culture catalane.<\/p>\n<p>Fabriqu\u00e9e avec un mat\u00e9riau TPU de haute qualit\u00e9, cette coque assure non seulement une protection efficace pour votre appareil, mais c\u00e9l\u00e8bre \u00e9galement votre connexion avec l&rsquo;une des villes les plus embl\u00e9matiques d&rsquo;Europe. Barcelone, c\u00e9l\u00e8bre pour son architecture unique et son riche h\u00e9ritage culturel, prend vie \u00e0 travers ce souvenir innovant, permettant aux touristes d&#8217;emporter avec eux un morceau de la cr\u00e9ativit\u00e9 et de la singularit\u00e9 qui d\u00e9finissent la ville.<\/p>\n<p>Chez Ol\u00e9 Mosaic, nous nous sp\u00e9cialisons dans la distribution en gros de souvenirs de haute qualit\u00e9, c&rsquo;est pourquoi cette coque de t\u00e9l\u00e9phone se pr\u00e9sente comme une excellente option pour les boutiques de cadeaux touristiques cherchant \u00e0 offrir des produits authentiques et repr\u00e9sentatifs de la culture espagnole. Avec son design attrayant et pertinent, cette coque n&rsquo;est pas seulement un accessoire fonctionnel, mais aussi un rappel quotidien de la riche histoire et de l&rsquo;art moderne que Barcelone a \u00e0 offrir.<\/p>\n","protected":false},"excerpt":{"rendered":"<p>Coque pour iPhone 15 Pro Max en TPU avec un design recr\u00e9ant une vue panoramique color\u00e9e de Barcelone. Ce design inclut des \u00e9l\u00e9ments embl\u00e9matiques tels que la Sagrada Familia et la Casa Batll\u00f3, r\u00e9interpr\u00e9t\u00e9s dans un style mosa\u00efque avec des tons vibrants de jaune, bleu et rouge. Sur un fond blanc qui rehausse les d\u00e9tails artistiques, cette coque ne prot\u00e8ge pas seulement votre appareil, elle \u00e9voque \u00e9galement la singularit\u00e9 et la cr\u00e9ativit\u00e9 de l&rsquo;architecture moderniste de la ville.<\/p>\n","protected":false},"featured_media":12467,"template":"","meta":{"_acf_changed":false},"product_brand":[],"product_cat":[674],"product_tag":[],"class_list":{"0":"post-33739","1":"product","2":"type-product","3":"status-publish","4":"has-post-thumbnail","6":"product_cat-etuis-pour-telephones-portables","7":"pa_ciudad-barcelona","8":"pa_motivo-panoramas","9":"pa_pais-espana","11":"first","12":"instock","13":"shipping-taxable","14":"product-type-simple"},"acf":[],"_links":{"self":[{"href":"https:\/\/olemosaic.orbitalia.org\/fr\/wp-json\/wp\/v2\/product\/33739","targetHints":{"allow":["GET"]}}],"collection":[{"href":"https:\/\/olemosaic.orbitalia.org\/fr\/wp-json\/wp\/v2\/product"}],"about":[{"href":"https:\/\/olemosaic.orbitalia.org\/fr\/wp-json\/wp\/v2\/types\/product"}],"wp:featuredmedia":[{"embeddable":true,"href":"https:\/\/olemosaic.orbitalia.org\/fr\/wp-json\/wp\/v2\/media\/12467"}],"wp:attachment":[{"href":"https:\/\/olemosaic.orbitalia.org\/fr\/wp-json\/wp\/v2\/media?parent=33739"}],"wp:term":[{"taxonomy":"product_brand","embeddable":true,"href":"https:\/\/olemosaic.orbitalia.org\/fr\/wp-json\/wp\/v2\/product_brand?post=33739"},{"taxonomy":"product_cat","embeddable":true,"href":"https:\/\/olemosaic.orbitalia.org\/fr\/wp-json\/wp\/v2\/product_cat?post=33739"},{"taxonomy":"product_tag","embeddable":true,"href":"https:\/\/olemosaic.orbitalia.org\/fr\/wp-json\/wp\/v2\/product_tag?post=33739"}],"curies":[{"name":"wp","href":"https:\/\/api.w.org\/{rel}","templated":true}]}}