{"id":33737,"date":"2025-02-20T22:35:33","date_gmt":"2025-02-20T22:35:33","guid":{"rendered":"https:\/\/olemosaic.orbitalia.org\/producto\/funda-de-telefono-para-iphone-15-promax-tpu-gato-barcelona-negro\/"},"modified":"2025-07-25T23:36:56","modified_gmt":"2025-07-25T21:36:56","slug":"coque-de-telephone-pour-iphone-15-pro-max-tpu-chat-barcelone-noir","status":"publish","type":"product","link":"https:\/\/olemosaic.orbitalia.org\/fr\/produit\/coque-de-telephone-pour-iphone-15-pro-max-tpu-chat-barcelone-noir\/","title":{"rendered":"Coque de t\u00e9l\u00e9phone pour iPhone 15 Pro Max (TPU). Chat. Barcelone. Noir"},"content":{"rendered":"<p>Coque de t\u00e9l\u00e9phone pour iPhone 15 Pro Max con\u00e7ue avec un chat stylis\u00e9 vibrant qui \u00e9voque l&rsquo;essence artistique de Barcelone. Cette coque, fabriqu\u00e9e en TPU noir, pr\u00e9sente un design attrayant qui se distingue par son motif color\u00e9 : un chat aux formes g\u00e9om\u00e9triques dans des tons vibrants de bleu, rouge, jaune et vert. Ce f\u00e9lin sympathique est entour\u00e9 de papillons aux couleurs exub\u00e9rantes, qui compl\u00e8tent la joie et le dynamisme de l&rsquo;illustration. Le mot \u00ab\u00a0Barcelone\u00a0\u00bb est \u00e9l\u00e9gamment imprim\u00e9 en bas, ajoutant une touche personnelle qui relie le produit \u00e0 la riche tradition culturelle de la ville.<\/p>\n<p>Le TPU noir offre non seulement une esth\u00e9tique moderne et \u00e9l\u00e9gante, mais assure \u00e9galement une excellente protection pour votre appareil, le prot\u00e9geant des chocs et des chutes. Cette coque n&rsquo;est pas seulement un accessoire de mode, mais un v\u00e9ritable souvenir de Barcelone, id\u00e9al pour ceux qui souhaitent emporter avec eux un fragment de l&rsquo;art et de la cr\u00e9ativit\u00e9 qui caract\u00e9risent la m\u00e9tropole catalane. Chez Ol\u00e9 Mosaic, nous comprenons l&rsquo;importance des souvenirs authentiques, et cette coque de t\u00e9l\u00e9phone est parfaite pour les boutiques de cadeaux touristiques \u00e0 la recherche de souvenirs uniques et pertinents. En tant que grossistes d&rsquo;accessoires, nos produits se distinguent par leur qualit\u00e9 et leur design, rendant hommage \u00e0 la culture espagnole vibrante et \u00e0 sa capitale, Barcelone.<\/p>\n","protected":false},"excerpt":{"rendered":"<p>Coque pour t\u00e9l\u00e9phone con\u00e7ue pour iPhone 15 Pro Max, fabriqu\u00e9e en TPU noir, se distinguant par son design color\u00e9 d&rsquo;un chat stylis\u00e9. L&rsquo;illustration pr\u00e9sente un chat dans des tons vibrants de bleu, rouge, jaune et vert, entour\u00e9 de papillons exub\u00e9rants. Le mot \u00ab\u00a0Barcelone\u00a0\u00bb est \u00e9l\u00e9gamment imprim\u00e9 en bas, \u00e9voquant l&rsquo;essence artistique de la ville. Cette coque combine protection et un design attrayant qui refl\u00e8te la cr\u00e9ativit\u00e9 barcelonaise.<\/p>\n","protected":false},"featured_media":12480,"template":"","meta":{"_acf_changed":false},"product_brand":[],"product_cat":[674],"product_tag":[530],"class_list":{"0":"post-33737","1":"product","2":"type-product","3":"status-publish","4":"has-post-thumbnail","6":"product_cat-etuis-pour-telephones-portables","7":"product_tag-animaux","8":"pa_ciudad-barcelona","9":"pa_motivo-chats","10":"pa_pais-espana","12":"first","13":"instock","14":"shipping-taxable","15":"product-type-simple"},"acf":[],"_links":{"self":[{"href":"https:\/\/olemosaic.orbitalia.org\/fr\/wp-json\/wp\/v2\/product\/33737","targetHints":{"allow":["GET"]}}],"collection":[{"href":"https:\/\/olemosaic.orbitalia.org\/fr\/wp-json\/wp\/v2\/product"}],"about":[{"href":"https:\/\/olemosaic.orbitalia.org\/fr\/wp-json\/wp\/v2\/types\/product"}],"wp:featuredmedia":[{"embeddable":true,"href":"https:\/\/olemosaic.orbitalia.org\/fr\/wp-json\/wp\/v2\/media\/12480"}],"wp:attachment":[{"href":"https:\/\/olemosaic.orbitalia.org\/fr\/wp-json\/wp\/v2\/media?parent=33737"}],"wp:term":[{"taxonomy":"product_brand","embeddable":true,"href":"https:\/\/olemosaic.orbitalia.org\/fr\/wp-json\/wp\/v2\/product_brand?post=33737"},{"taxonomy":"product_cat","embeddable":true,"href":"https:\/\/olemosaic.orbitalia.org\/fr\/wp-json\/wp\/v2\/product_cat?post=33737"},{"taxonomy":"product_tag","embeddable":true,"href":"https:\/\/olemosaic.orbitalia.org\/fr\/wp-json\/wp\/v2\/product_tag?post=33737"}],"curies":[{"name":"wp","href":"https:\/\/api.w.org\/{rel}","templated":true}]}}