{"id":33674,"date":"2025-02-20T22:35:30","date_gmt":"2025-02-20T22:35:30","guid":{"rendered":"https:\/\/olemosaic.orbitalia.org\/producto\/funda-de-telefono-para-iphone-15-pro-tpu-gato-barcelona-negro\/"},"modified":"2025-07-25T18:51:00","modified_gmt":"2025-07-25T16:51:00","slug":"coque-de-telephone-pour-iphone-15-pro-tpu-chat-barcelone-noir","status":"publish","type":"product","link":"https:\/\/olemosaic.orbitalia.org\/fr\/produit\/coque-de-telephone-pour-iphone-15-pro-tpu-chat-barcelone-noir\/","title":{"rendered":"Coque de t\u00e9l\u00e9phone pour iPhone 15 Pro (TPU). Chat. Barcelone. Noir"},"content":{"rendered":"<p>Coque pour iPhone 15 Pro avec un design vibrant de chat en mosa\u00efque de Barcelone. Cette coque, tr\u00e8s protectrice, est fabriqu\u00e9e en TPU, un mat\u00e9riau flexible et r\u00e9sistant qui offre une excellente protection contre les chocs et les chutes, sans emp\u00eacher l&rsquo;acc\u00e8s aux boutons et ports de l&rsquo;appareil. Le design attrayant ressort sur un fond noir qui rehausse l&rsquo;image d&rsquo;un chat color\u00e9, dont le corps est dessin\u00e9 dans un style mosa\u00efque, \u00e9voquant la c\u00e9l\u00e8bre \u0153uvre d&rsquo;art d&rsquo;Antoni Gaud\u00ed qui caract\u00e9rise la ville. Des papillons dans des tons jaunes et rouges voltigent autour du chat, ajoutant une touche dynamique et artistique \u00e0 la composition.<\/p>\n<p>Le texte \u00ab\u00a0Barcelone\u00a0\u00bb, dans une typographie \u00e9l\u00e9gante, invite \u00e0 emporter un morceau de cette ville incroyable partout avec soi. Ce design n&rsquo;offre pas seulement une esth\u00e9tique moderne et unique, mais connecte aussi profond\u00e9ment avec la culture locale, repr\u00e9sentant la cr\u00e9ativit\u00e9 et l&rsquo;ing\u00e9niosit\u00e9 de la m\u00e9tropole catalane. C&rsquo;est un souvenir parfait pour les touristes qui recherchent une protection fonctionnelle avec un caract\u00e8re artistique distinctif, ainsi qu&rsquo;un souvenir repr\u00e9sentatif de leur visite \u00e0 Barcelone. Chez Ol\u00e9 Mosaic, nous sommes fiers de distribuer des articles authentiques et cr\u00e9atifs, ce qui fait de cette coque une excellente option pour les boutiques de cadeaux touristiques souhaitant proposer des produits de qualit\u00e9 ayant une signification culturelle.<\/p>\n","protected":false},"excerpt":{"rendered":"<p>Coque pour iPhone 15 Pro fabriqu\u00e9e en TPU, avec un design attrayant d&rsquo;un chat color\u00e9 au style mosa\u00efque barcelonais. La coque, avec un fond noir, fait ressortir la repr\u00e9sentation vibrante du chat, orn\u00e9 de papillons jaunes et rouges, et le texte \u00ab Barcelone \u00bb dans une typographie \u00e9l\u00e9gante. Id\u00e9al pour ceux qui recherchent une protection moderne et une touche artistique \u00e9voquant la cr\u00e9ativit\u00e9 unique de la ville.<\/p>\n","protected":false},"featured_media":12460,"template":"","meta":{"_acf_changed":false},"product_brand":[],"product_cat":[674],"product_tag":[530],"class_list":{"0":"post-33674","1":"product","2":"type-product","3":"status-publish","4":"has-post-thumbnail","6":"product_cat-etuis-pour-telephones-portables","7":"product_tag-animaux","8":"pa_ciudad-barcelona","9":"pa_motivo-chats","10":"pa_pais-espana","12":"first","13":"instock","14":"shipping-taxable","15":"product-type-simple"},"acf":[],"_links":{"self":[{"href":"https:\/\/olemosaic.orbitalia.org\/fr\/wp-json\/wp\/v2\/product\/33674","targetHints":{"allow":["GET"]}}],"collection":[{"href":"https:\/\/olemosaic.orbitalia.org\/fr\/wp-json\/wp\/v2\/product"}],"about":[{"href":"https:\/\/olemosaic.orbitalia.org\/fr\/wp-json\/wp\/v2\/types\/product"}],"wp:featuredmedia":[{"embeddable":true,"href":"https:\/\/olemosaic.orbitalia.org\/fr\/wp-json\/wp\/v2\/media\/12460"}],"wp:attachment":[{"href":"https:\/\/olemosaic.orbitalia.org\/fr\/wp-json\/wp\/v2\/media?parent=33674"}],"wp:term":[{"taxonomy":"product_brand","embeddable":true,"href":"https:\/\/olemosaic.orbitalia.org\/fr\/wp-json\/wp\/v2\/product_brand?post=33674"},{"taxonomy":"product_cat","embeddable":true,"href":"https:\/\/olemosaic.orbitalia.org\/fr\/wp-json\/wp\/v2\/product_cat?post=33674"},{"taxonomy":"product_tag","embeddable":true,"href":"https:\/\/olemosaic.orbitalia.org\/fr\/wp-json\/wp\/v2\/product_tag?post=33674"}],"curies":[{"name":"wp","href":"https:\/\/api.w.org\/{rel}","templated":true}]}}