{"id":33671,"date":"2025-02-20T23:35:29","date_gmt":"2025-02-20T22:35:29","guid":{"rendered":"https:\/\/olemosaic.orbitalia.org\/producto\/funda-de-telefono-para-iphone-15-pro-tpu-forjas-azul\/"},"modified":"2025-07-25T18:47:45","modified_gmt":"2025-07-25T16:47:45","slug":"coque-de-telephone-pour-iphone-15-pro-tpu-forges-bleu","status":"publish","type":"product","link":"https:\/\/olemosaic.orbitalia.org\/fr\/produit\/coque-de-telephone-pour-iphone-15-pro-tpu-forges-bleu\/","title":{"rendered":"Coque de t\u00e9l\u00e9phone pour iPhone 15 Pro (TPU). Forges. Bleu"},"content":{"rendered":"<p>Coque pour iPhone 15 Pro avec un design de forge dans un ton bleu. Cette coque \u00e9l\u00e9gante est fabriqu\u00e9e en TPU, un mat\u00e9riau flexible qui offre une r\u00e9sistance exceptionnelle contre les chocs et les rayures, garantissant que votre appareil soit toujours prot\u00e9g\u00e9 sans renoncer au style. Le design attrayant pr\u00e9sente un motif ornemental complexe, \u00e9voquant les grilles traditionnelles en fer forg\u00e9 qui ornent de nombreux b\u00e2timents et patios historiques d&rsquo;Espagne et du Portugal. Le bleu profond se combine parfaitement avec les d\u00e9tails blancs du motif, cr\u00e9ant un contraste visuel attrayant qui se remarque instantan\u00e9ment.<\/p>\n<p>L&rsquo;utilisation de motifs ornementaux dans la culture ib\u00e9rique refl\u00e8te le riche h\u00e9ritage artistique de la r\u00e9gion, ce qui fait de cette coque non seulement un accessoire pratique, mais aussi un authentique souvenir repr\u00e9sentatif de l&rsquo;esth\u00e9tique locale. C&rsquo;est une excellente option pour les touristes cherchant \u00e0 emporter un morceau de la culture espagnole ou portugaise dans leur quotidien. Chez Ol\u00e9 Mosaic, nous sommes fiers d&rsquo;\u00eatre des distributeurs d&rsquo;accessoires uniques comme cette coque de t\u00e9l\u00e9phone, id\u00e9ale pour les boutiques de cadeaux touristiques cherchant \u00e0 offrir des produits authentiques et culturellement significatifs. Cette coque pour iPhone n&rsquo;est pas seulement fonctionnelle, c&rsquo;est un v\u00e9ritable hommage \u00e0 la beaut\u00e9 du design traditionnel.<\/p>\n","protected":false},"excerpt":{"rendered":"<p>Coque pour iPhone 15 Pro fabriqu\u00e9e en TPU, avec un \u00e9l\u00e9gant design de forge dans un ton bleu. La coque pr\u00e9sente un motif ornemental complexe rappelant les grilles traditionnelles en fer forg\u00e9, apportant une touche artistique et distinctive. Son mat\u00e9riau flexible offre une excellente protection contre les chocs et les rayures, assurant que votre appareil soit toujours \u00e0 la mode et bien prot\u00e9g\u00e9.<\/p>\n","protected":false},"featured_media":12456,"template":"","meta":{"_acf_changed":false},"product_brand":[],"product_cat":[674],"product_tag":[],"class_list":{"0":"post-33671","1":"product","2":"type-product","3":"status-publish","4":"has-post-thumbnail","6":"product_cat-etuis-pour-telephones-portables","7":"pa_motivo-forges","9":"first","10":"instock","11":"shipping-taxable","12":"product-type-simple"},"acf":[],"_links":{"self":[{"href":"https:\/\/olemosaic.orbitalia.org\/fr\/wp-json\/wp\/v2\/product\/33671","targetHints":{"allow":["GET"]}}],"collection":[{"href":"https:\/\/olemosaic.orbitalia.org\/fr\/wp-json\/wp\/v2\/product"}],"about":[{"href":"https:\/\/olemosaic.orbitalia.org\/fr\/wp-json\/wp\/v2\/types\/product"}],"wp:featuredmedia":[{"embeddable":true,"href":"https:\/\/olemosaic.orbitalia.org\/fr\/wp-json\/wp\/v2\/media\/12456"}],"wp:attachment":[{"href":"https:\/\/olemosaic.orbitalia.org\/fr\/wp-json\/wp\/v2\/media?parent=33671"}],"wp:term":[{"taxonomy":"product_brand","embeddable":true,"href":"https:\/\/olemosaic.orbitalia.org\/fr\/wp-json\/wp\/v2\/product_brand?post=33671"},{"taxonomy":"product_cat","embeddable":true,"href":"https:\/\/olemosaic.orbitalia.org\/fr\/wp-json\/wp\/v2\/product_cat?post=33671"},{"taxonomy":"product_tag","embeddable":true,"href":"https:\/\/olemosaic.orbitalia.org\/fr\/wp-json\/wp\/v2\/product_tag?post=33671"}],"curies":[{"name":"wp","href":"https:\/\/api.w.org\/{rel}","templated":true}]}}