{"id":33636,"date":"2025-02-20T23:35:29","date_gmt":"2025-02-20T22:35:29","guid":{"rendered":"https:\/\/olemosaic.orbitalia.org\/producto\/funda-de-telefono-para-iphone-15-tpu-panoramica-barcelona-azul-2\/"},"modified":"2025-07-25T23:25:12","modified_gmt":"2025-07-25T21:25:12","slug":"coque-de-telephone-pour-iphone-15-tpu-panoramique-barcelone-gaudi-bleu","status":"publish","type":"product","link":"https:\/\/olemosaic.orbitalia.org\/fr\/produit\/coque-de-telephone-pour-iphone-15-tpu-panoramique-barcelone-gaudi-bleu\/","title":{"rendered":"Coque de t\u00e9l\u00e9phone pour iPhone 15 (TPU). Panoramique. Barcelone. Gaud\u00ed. Bleu"},"content":{"rendered":"<p>Coque pour iPhone 15 avec une vue panoramique vibrante de Barcelone. Cette coque, fabriqu\u00e9e en TPU hautement r\u00e9sistant, ne prot\u00e8ge pas seulement votre appareil, elle le transforme en un accessoire artistique et plein de vie. Le design pr\u00e9sente une illustration impressionnante de la Sagrada Familia, le symbole incontestable de la ville, ainsi que des \u00e9l\u00e9ments \u00e9voquant la mer M\u00e9diterran\u00e9e. Avec une palette de couleurs comprenant des tons frais de bleu, rouge et jaune, cette coque capture l&rsquo;essence du modernisme catalan \u00e0 travers une mosa\u00efque rappelant les c\u00e9l\u00e8bres \u0153uvres de Gaud\u00ed.<\/p>\n<p>Le mot \u00ab\u00a0Barcelone\u00a0\u00bb brille en lettres frappantes, ce qui en fait un choix parfait pour les amoureux de la ville. Chaque recoin de la coque refl\u00e8te l&rsquo;esprit cr\u00e9atif et dynamique de Barcelone, faisant de ce souvenir une option id\u00e9ale pour ceux qui souhaitent emporter un morceau de la ville chez eux. Parfaite aussi bien pour les touristes que pour les locaux, cette coque est un excellent moyen de se souvenir des moments v\u00e9cus dans la cosmopolite Barcelone.<\/p>\n<p>Chez Ol\u00e9 Mosaic, en tant que distributeurs de souvenirs de qualit\u00e9, nous proposons cette coque comme une option exceptionnelle pour les boutiques de cadeaux touristiques. Avec sa combinaison de fonctionnalit\u00e9 et d&rsquo;art, c&rsquo;est un souvenir authentique qui capture l&rsquo;\u00e2me de l&rsquo;une des villes les plus embl\u00e9matiques d&rsquo;Espagne.<\/p>\n","protected":false},"excerpt":{"rendered":"<p>Coque de t\u00e9l\u00e9phone pour iPhone 15 fabriqu\u00e9e en TPU, avec une vue panoramique vibrante de Barcelone. Ce design color\u00e9 inclut des \u00e9l\u00e9ments embl\u00e9matiques de la ville, comme la Sagrada Familia et les fonds marins, le tout orn\u00e9 d&rsquo;une mosa\u00efque \u00e9voquant l&rsquo;\u0153uvre de Gaud\u00ed. Les tons bleus, rouges et jaunes pr\u00e9dominent pour donner vie \u00e0 la sc\u00e8ne, tandis que le nom \u00ab\u00a0Barcelone\u00a0\u00bb se distingue par des lettres frappantes, en faisant un accessoire aussi pratique qu&rsquo;artistique.<\/p>\n","protected":false},"featured_media":12432,"template":"","meta":{"_acf_changed":false},"product_brand":[],"product_cat":[674],"product_tag":[],"class_list":{"0":"post-33636","1":"product","2":"type-product","3":"status-publish","4":"has-post-thumbnail","6":"product_cat-etuis-pour-telephones-portables","7":"pa_ciudad-barcelona","8":"pa_motivo-panoramas","9":"pa_pais-espana","11":"first","12":"instock","13":"shipping-taxable","14":"product-type-simple"},"acf":[],"_links":{"self":[{"href":"https:\/\/olemosaic.orbitalia.org\/fr\/wp-json\/wp\/v2\/product\/33636","targetHints":{"allow":["GET"]}}],"collection":[{"href":"https:\/\/olemosaic.orbitalia.org\/fr\/wp-json\/wp\/v2\/product"}],"about":[{"href":"https:\/\/olemosaic.orbitalia.org\/fr\/wp-json\/wp\/v2\/types\/product"}],"wp:featuredmedia":[{"embeddable":true,"href":"https:\/\/olemosaic.orbitalia.org\/fr\/wp-json\/wp\/v2\/media\/12432"}],"wp:attachment":[{"href":"https:\/\/olemosaic.orbitalia.org\/fr\/wp-json\/wp\/v2\/media?parent=33636"}],"wp:term":[{"taxonomy":"product_brand","embeddable":true,"href":"https:\/\/olemosaic.orbitalia.org\/fr\/wp-json\/wp\/v2\/product_brand?post=33636"},{"taxonomy":"product_cat","embeddable":true,"href":"https:\/\/olemosaic.orbitalia.org\/fr\/wp-json\/wp\/v2\/product_cat?post=33636"},{"taxonomy":"product_tag","embeddable":true,"href":"https:\/\/olemosaic.orbitalia.org\/fr\/wp-json\/wp\/v2\/product_tag?post=33636"}],"curies":[{"name":"wp","href":"https:\/\/api.w.org\/{rel}","templated":true}]}}