{"id":33634,"date":"2025-02-20T23:35:28","date_gmt":"2025-02-20T22:35:28","guid":{"rendered":"https:\/\/olemosaic.orbitalia.org\/producto\/funda-de-telefono-para-iphone-15-tpu-abstracto-negro-2\/"},"modified":"2025-07-25T18:49:42","modified_gmt":"2025-07-25T16:49:42","slug":"coque-de-telephone-pour-iphone-15-tpu-abstrait-noir-fr","status":"publish","type":"product","link":"https:\/\/olemosaic.orbitalia.org\/fr\/produit\/coque-de-telephone-pour-iphone-15-tpu-abstrait-noir-fr\/","title":{"rendered":"Coque de t\u00e9l\u00e9phone pour iPhone 15 (TPU). Abstrait. Diverses couleurs. Fond noir."},"content":{"rendered":"<p>Coque pour iPhone 15 avec un design abstrait et contemporain. Cette coque, \u00e9labor\u00e9e en TPU de haute qualit\u00e9, pr\u00e9sente un fond noir qui contraste parfaitement avec une explosion de couleurs vibrantes, o\u00f9 les tons bleus, oranges et roses s&rsquo;entrelacent dans des formes fluides et dynamiques. Chaque regard sur la coque r\u00e9v\u00e8le un effet visuel attrayant qui captive et souligne la cr\u00e9ativit\u00e9 du design artistique. Elle offre non seulement une protection efficace contre les chocs et les rayures, mais transforme \u00e9galement votre appareil en une pi\u00e8ce d&rsquo;art portable, id\u00e9ale pour ceux qui appr\u00e9cient autant le style que la fonctionnalit\u00e9.<\/p>\n<p>La polyvalence de cette coque en fait le cadeau parfait pour les touristes \u00e0 la recherche d&rsquo;un souvenir repr\u00e9sentant la modernit\u00e9 et l&rsquo;art contemporain. Dans le contexte culturel espagnol, la combinaison de couleurs et de formes fluides refl\u00e8te l&rsquo;innovation qui caract\u00e9rise la sc\u00e8ne artistique actuelle, faisant de ce produit un souvenir significatif et authentique. Chez Ol\u00e9 Mosaic, nous nous consacrons \u00e0 la distribution de souvenirs en gros, proposant des produits authentiques et de qualit\u00e9, comme cette coque qui non seulement prot\u00e9gera l&rsquo;iPhone 15, mais permettra \u00e9galement \u00e0 chaque touriste d&#8217;emporter un morceau d&rsquo;art espagnol.<\/p>\n","protected":false},"excerpt":{"rendered":"<p>Coque pour iPhone 15 fabriqu\u00e9e en TPU avec un design abstrait qui se distingue par son fond noir. La surface pr\u00e9sente une explosion de couleurs vibrantes, avec des tons bleus, oranges et roses entrelac\u00e9s dans des formes fluides et dynamiques, cr\u00e9ant un effet visuel attrayant. Cet accessoire ne prot\u00e8ge pas seulement le t\u00e9l\u00e9phone, il lui ajoute \u00e9galement une touche artistique et contemporaine, id\u00e9ale pour ceux qui recherchent style et fonctionnalit\u00e9.<\/p>\n","protected":false},"featured_media":12441,"template":"","meta":{"_acf_changed":false},"product_brand":[],"product_cat":[674],"product_tag":[],"class_list":{"0":"post-33634","1":"product","2":"type-product","3":"status-publish","4":"has-post-thumbnail","6":"product_cat-etuis-pour-telephones-portables","7":"pa_motivo-resume","9":"first","10":"instock","11":"shipping-taxable","12":"product-type-simple"},"acf":[],"_links":{"self":[{"href":"https:\/\/olemosaic.orbitalia.org\/fr\/wp-json\/wp\/v2\/product\/33634","targetHints":{"allow":["GET"]}}],"collection":[{"href":"https:\/\/olemosaic.orbitalia.org\/fr\/wp-json\/wp\/v2\/product"}],"about":[{"href":"https:\/\/olemosaic.orbitalia.org\/fr\/wp-json\/wp\/v2\/types\/product"}],"wp:featuredmedia":[{"embeddable":true,"href":"https:\/\/olemosaic.orbitalia.org\/fr\/wp-json\/wp\/v2\/media\/12441"}],"wp:attachment":[{"href":"https:\/\/olemosaic.orbitalia.org\/fr\/wp-json\/wp\/v2\/media?parent=33634"}],"wp:term":[{"taxonomy":"product_brand","embeddable":true,"href":"https:\/\/olemosaic.orbitalia.org\/fr\/wp-json\/wp\/v2\/product_brand?post=33634"},{"taxonomy":"product_cat","embeddable":true,"href":"https:\/\/olemosaic.orbitalia.org\/fr\/wp-json\/wp\/v2\/product_cat?post=33634"},{"taxonomy":"product_tag","embeddable":true,"href":"https:\/\/olemosaic.orbitalia.org\/fr\/wp-json\/wp\/v2\/product_tag?post=33634"}],"curies":[{"name":"wp","href":"https:\/\/api.w.org\/{rel}","templated":true}]}}