{"id":33633,"date":"2025-02-20T23:35:28","date_gmt":"2025-02-20T22:35:28","guid":{"rendered":"https:\/\/olemosaic.orbitalia.org\/producto\/funda-de-telefono-para-iphone-15-tpu-motivos-marinos-azul-2\/"},"modified":"2025-07-25T22:54:53","modified_gmt":"2025-07-25T20:54:53","slug":"coque-de-telephone-pour-iphone-15-tpu-motifs-marins-majorque-bleu","status":"publish","type":"product","link":"https:\/\/olemosaic.orbitalia.org\/fr\/produit\/coque-de-telephone-pour-iphone-15-tpu-motifs-marins-majorque-bleu\/","title":{"rendered":"Coque de t\u00e9l\u00e9phone pour iPhone 15 (TPU). Motifs marins. Majorque. Bleu"},"content":{"rendered":"<p>Coque pour iPhone 15 avec motifs marins, inspir\u00e9e par la beaut\u00e9 des fonds marins de Majorque. Fabriqu\u00e9e en TPU de haute qualit\u00e9, cette coque offre une excellente protection pour votre appareil, tout en se distinguant par un design vibrant qui \u00e9voque la fra\u00eecheur de la M\u00e9diterran\u00e9e. Son fond bleu profond illustre une diversit\u00e9 de poissons color\u00e9s, de tortues et de charmants hippocampes, nageant dans un environnement tropical qui capture l&rsquo;essence de la mer des Bal\u00e9ares. Dans la partie inf\u00e9rieure, une mosa\u00efque \u00e9l\u00e9gante ajoute une touche artistique, rappelant l&rsquo;h\u00e9ritage culturel de Majorque dans l&rsquo;art et l&rsquo;architecture. Le nom \u00ab\u00a0Majorque\u00a0\u00bb est pr\u00e9sent\u00e9 dans un style moderne, soulignant le lien avec cette \u00eele paradisiaque et sa riche biodiversit\u00e9 marine. Ce produit, en plus d&rsquo;\u00eatre fonctionnel, est un souvenir authentique parfait pour ceux qui souhaitent emporter un morceau de l&rsquo;\u00eele avec eux. La coque est id\u00e9ale pour les touristes \u00e0 la recherche de souvenirs de qualit\u00e9 repr\u00e9sentant leur exp\u00e9rience \u00e0 Majorque, ce qui en fait un choix exceptionnel pour les boutiques de cadeaux touristiques. Chez Ol\u00e9 Mosaic, nous nous sp\u00e9cialisons dans la distribution en gros d&rsquo;accessoires et de souvenirs authentiques, proposant des produits qui mettent en valeur la culture et l&rsquo;art de l&rsquo;Espagne.<\/p>\n","protected":false},"excerpt":{"rendered":"<p>Coque pour iPhone 15 fabriqu\u00e9e en TPU avec des motifs marins vibrants, repr\u00e9sentant la splendeur des fonds marins de Majorque. Le design inclut une vari\u00e9t\u00e9 de poissons color\u00e9s, de tortues et d&rsquo;hippocampes sur un fond bleu intense, \u00e9voquant la beaut\u00e9 tropicale de la c\u00f4te. La partie inf\u00e9rieure pr\u00e9sente une mosa\u00efque qui ajoute une touche artistique, tandis que le nom \u00ab\u00a0Majorque\u00a0\u00bb se distingue par un style moderne. Id\u00e9al pour ceux qui cherchent \u00e0 prot\u00e9ger leur appareil avec un style m\u00e9diterran\u00e9en vibrant.<\/p>\n","protected":false},"featured_media":12976,"template":"","meta":{"_acf_changed":false},"product_brand":[],"product_cat":[674],"product_tag":[530],"class_list":{"0":"post-33633","1":"product","2":"type-product","3":"status-publish","4":"has-post-thumbnail","6":"product_cat-etuis-pour-telephones-portables","7":"product_tag-animaux","8":"pa_ciudad-mallorca","9":"pa_motivo-animaux-marins","10":"pa_pais-espana","12":"first","13":"instock","14":"shipping-taxable","15":"product-type-simple"},"acf":[],"_links":{"self":[{"href":"https:\/\/olemosaic.orbitalia.org\/fr\/wp-json\/wp\/v2\/product\/33633","targetHints":{"allow":["GET"]}}],"collection":[{"href":"https:\/\/olemosaic.orbitalia.org\/fr\/wp-json\/wp\/v2\/product"}],"about":[{"href":"https:\/\/olemosaic.orbitalia.org\/fr\/wp-json\/wp\/v2\/types\/product"}],"wp:featuredmedia":[{"embeddable":true,"href":"https:\/\/olemosaic.orbitalia.org\/fr\/wp-json\/wp\/v2\/media\/12976"}],"wp:attachment":[{"href":"https:\/\/olemosaic.orbitalia.org\/fr\/wp-json\/wp\/v2\/media?parent=33633"}],"wp:term":[{"taxonomy":"product_brand","embeddable":true,"href":"https:\/\/olemosaic.orbitalia.org\/fr\/wp-json\/wp\/v2\/product_brand?post=33633"},{"taxonomy":"product_cat","embeddable":true,"href":"https:\/\/olemosaic.orbitalia.org\/fr\/wp-json\/wp\/v2\/product_cat?post=33633"},{"taxonomy":"product_tag","embeddable":true,"href":"https:\/\/olemosaic.orbitalia.org\/fr\/wp-json\/wp\/v2\/product_tag?post=33633"}],"curies":[{"name":"wp","href":"https:\/\/api.w.org\/{rel}","templated":true}]}}