{"id":33616,"date":"2025-02-20T22:35:28","date_gmt":"2025-02-20T22:35:28","guid":{"rendered":"https:\/\/olemosaic.orbitalia.org\/producto\/funda-de-telefono-para-iphone-15-tpu-panoramica-barcelona-blanco\/"},"modified":"2025-07-25T19:52:57","modified_gmt":"2025-07-25T17:52:57","slug":"coque-de-telephone-pour-iphone-15-tpu-panoramique-barcelone-blanc","status":"publish","type":"product","link":"https:\/\/olemosaic.orbitalia.org\/fr\/produit\/coque-de-telephone-pour-iphone-15-tpu-panoramique-barcelone-blanc\/","title":{"rendered":"Coque de t\u00e9l\u00e9phone pour iPhone 15 (TPU). Panoramique. Barcelone. Blanc"},"content":{"rendered":"<p>Coque pour iPhone 15 avec un design panoramique de Barcelone. Cette coque attrayante, fabriqu\u00e9e en TPU, offre une excellente durabilit\u00e9 et protection pour votre appareil. Son design vibrant inclut des \u00e9l\u00e9ments embl\u00e9matiques de la ville, tels que la majestueuse Sagrada Familia et les mosa\u00efques color\u00e9es du Parc G\u00fcell, \u00e9voquant l&rsquo;essence artistique et culturelle de Barcelone. L&rsquo;illustration, avec sa palette de couleurs vives, ressort sur le fond blanc, cr\u00e9ant un effet visuel captivant.<\/p>\n<p>Ce souvenir de Barcelone ne prot\u00e8ge pas seulement votre t\u00e9l\u00e9phone, mais constitue \u00e9galement une d\u00e9claration de style et une pi\u00e8ce pour engager la conversation. La Sagrada Familia, avec ses d\u00e9tails architecturaux complexes, symbolise la cr\u00e9ativit\u00e9 et la vision d&rsquo;Antoni Gaud\u00ed, tandis que les mosa\u00efques du Parc G\u00fcell repr\u00e9sentent la joie et la couleur qui caract\u00e9risent la ville. Le lien culturel de ce produit en fait un souvenir authentique, parfait pour ceux qui souhaitent emporter un morceau de Barcelone chez eux.<\/p>\n<p>Chez Ol\u00e9 Mosaic, nous nous sp\u00e9cialisons dans la distribution de souvenirs en gros, proposant des produits authentiques qui c\u00e9l\u00e8brent le riche h\u00e9ritage culturel de l&rsquo;Espagne. Cette coque de t\u00e9l\u00e9phone est une excellente option pour les boutiques de cadeaux touristiques \u00e0 la recherche d&rsquo;articles uniques et significatifs, garantissant ainsi un lien \u00e9motionnel avec les visiteurs. En tant que grossiste de coques, nous assurons qualit\u00e9 et style dans chaque pi\u00e8ce.<\/p>\n","protected":false},"excerpt":{"rendered":"<p>Coque de t\u00e9l\u00e9phone pour iPhone 15 fabriqu\u00e9e en TPU avec un design panoramique de Barcelone. Cette coque se distingue par son illustration frappante qui int\u00e8gre des \u00e9l\u00e9ments embl\u00e9matiques de la ville, tels que la Sagrada Familia et la mosa\u00efque du Park G\u00fcell, le tout dans un style color\u00e9 et vibrant. Le fond blanc fait ressortir les tons brillants de l&rsquo;\u0153uvre, capturant l&rsquo;essence artistique de Barcelone, tandis que son mat\u00e9riau protecteur assure durabilit\u00e9 et ajustement parfait.<\/p>\n","protected":false},"featured_media":12427,"template":"","meta":{"_acf_changed":false},"product_brand":[],"product_cat":[674],"product_tag":[],"class_list":{"0":"post-33616","1":"product","2":"type-product","3":"status-publish","4":"has-post-thumbnail","6":"product_cat-etuis-pour-telephones-portables","7":"pa_ciudad-barcelona","8":"pa_motivo-panoramas","9":"pa_pais-espana","11":"first","12":"instock","13":"shipping-taxable","14":"product-type-simple"},"acf":[],"_links":{"self":[{"href":"https:\/\/olemosaic.orbitalia.org\/fr\/wp-json\/wp\/v2\/product\/33616","targetHints":{"allow":["GET"]}}],"collection":[{"href":"https:\/\/olemosaic.orbitalia.org\/fr\/wp-json\/wp\/v2\/product"}],"about":[{"href":"https:\/\/olemosaic.orbitalia.org\/fr\/wp-json\/wp\/v2\/types\/product"}],"wp:featuredmedia":[{"embeddable":true,"href":"https:\/\/olemosaic.orbitalia.org\/fr\/wp-json\/wp\/v2\/media\/12427"}],"wp:attachment":[{"href":"https:\/\/olemosaic.orbitalia.org\/fr\/wp-json\/wp\/v2\/media?parent=33616"}],"wp:term":[{"taxonomy":"product_brand","embeddable":true,"href":"https:\/\/olemosaic.orbitalia.org\/fr\/wp-json\/wp\/v2\/product_brand?post=33616"},{"taxonomy":"product_cat","embeddable":true,"href":"https:\/\/olemosaic.orbitalia.org\/fr\/wp-json\/wp\/v2\/product_cat?post=33616"},{"taxonomy":"product_tag","embeddable":true,"href":"https:\/\/olemosaic.orbitalia.org\/fr\/wp-json\/wp\/v2\/product_tag?post=33616"}],"curies":[{"name":"wp","href":"https:\/\/api.w.org\/{rel}","templated":true}]}}