{"id":33612,"date":"2025-02-20T22:35:27","date_gmt":"2025-02-20T22:35:27","guid":{"rendered":"https:\/\/olemosaic.orbitalia.org\/producto\/funda-de-telefono-para-iphone-15-tpu-abstracto-negro\/"},"modified":"2025-07-25T20:28:01","modified_gmt":"2025-07-25T18:28:01","slug":"coque-de-telephone-pour-iphone-15-tpu-abstrait-noir","status":"publish","type":"product","link":"https:\/\/olemosaic.orbitalia.org\/fr\/produit\/coque-de-telephone-pour-iphone-15-tpu-abstrait-noir\/","title":{"rendered":"Coque de t\u00e9l\u00e9phone pour iPhone 15 (TPU). Abstrait. Noir"},"content":{"rendered":"<p>Coque pour iPhone 15 avec un design abstrait dans des tons noirs et n\u00e9on. Cette coque moderne, fabriqu\u00e9e en TPU, allie style et protection, pr\u00e9sentant un motif exub\u00e9rant de lignes ondul\u00e9es qui jouent avec des tons n\u00e9on vibrants sur un fond noir profond. L&rsquo;effet visuel dynamique cr\u00e9\u00e9 par ce design attire non seulement l&rsquo;attention, mais offre \u00e9galement une base parfaite pour ceux qui souhaitent se d\u00e9marquer avec un accessoire contemporain et unique. Avec un ajustement pr\u00e9cis pour l&rsquo;iPhone 15, cette coque garantit que votre appareil est bien prot\u00e9g\u00e9 contre les chocs et les rayures, sans sacrifier une once de style.<\/p>\n<p>L&rsquo;utilisation de couleurs vives et d&rsquo;un design abstrait \u00e9voque la fra\u00eecheur de la culture moderne, refl\u00e9tant les tendances actuelles qui enchantent les jeunes et les amateurs d&rsquo;esth\u00e9tique contemporaine. Ce souvenir technologique est id\u00e9al pour les touristes et les visiteurs qui cherchent \u00e0 ramener chez eux quelque chose d&rsquo;authentique et de pratique, tout en capturant l&rsquo;essence vibrante des villes qu&rsquo;ils ont explor\u00e9es. Chez Ol\u00e9 Mosaic, nous proposons cette coque de t\u00e9l\u00e9phone dans le cadre de notre large gamme de souvenirs alliant fonctionnalit\u00e9 et design attrayant, parfaits pour les boutiques de cadeaux touristiques \u00e0 la recherche de produits innovants et de qualit\u00e9. Cette coque est un choix exceptionnel pour ceux qui recherchent un accessoire offrant \u00e0 la fois protection et impact visuel \u00e9blouissant.<\/p>\n","protected":false},"excerpt":{"rendered":"<p>Coque pour iPhone 15, fabriqu\u00e9e en TPU, avec un design abstrait dans des tons noirs et n\u00e9on. Cette \u00e9l\u00e9gante coque pr\u00e9sente un motif exub\u00e9rant de lignes ondul\u00e9es aux couleurs vibrantes qui contrastent avec un fond sombre, cr\u00e9ant un effet visuel dynamique. Id\u00e9ale pour ceux qui cherchent \u00e0 prot\u00e9ger leur appareil avec un style moderne et attrayant, cette coque allie fonctionnalit\u00e9 et esth\u00e9tique contemporaine en un seul accessoire.<\/p>\n","protected":false},"featured_media":12442,"template":"","meta":{"_acf_changed":false},"product_brand":[],"product_cat":[674],"product_tag":[],"class_list":{"0":"post-33612","1":"product","2":"type-product","3":"status-publish","4":"has-post-thumbnail","6":"product_cat-etuis-pour-telephones-portables","7":"pa_motivo-resume","9":"first","10":"instock","11":"shipping-taxable","12":"product-type-simple"},"acf":[],"_links":{"self":[{"href":"https:\/\/olemosaic.orbitalia.org\/fr\/wp-json\/wp\/v2\/product\/33612","targetHints":{"allow":["GET"]}}],"collection":[{"href":"https:\/\/olemosaic.orbitalia.org\/fr\/wp-json\/wp\/v2\/product"}],"about":[{"href":"https:\/\/olemosaic.orbitalia.org\/fr\/wp-json\/wp\/v2\/types\/product"}],"wp:featuredmedia":[{"embeddable":true,"href":"https:\/\/olemosaic.orbitalia.org\/fr\/wp-json\/wp\/v2\/media\/12442"}],"wp:attachment":[{"href":"https:\/\/olemosaic.orbitalia.org\/fr\/wp-json\/wp\/v2\/media?parent=33612"}],"wp:term":[{"taxonomy":"product_brand","embeddable":true,"href":"https:\/\/olemosaic.orbitalia.org\/fr\/wp-json\/wp\/v2\/product_brand?post=33612"},{"taxonomy":"product_cat","embeddable":true,"href":"https:\/\/olemosaic.orbitalia.org\/fr\/wp-json\/wp\/v2\/product_cat?post=33612"},{"taxonomy":"product_tag","embeddable":true,"href":"https:\/\/olemosaic.orbitalia.org\/fr\/wp-json\/wp\/v2\/product_tag?post=33612"}],"curies":[{"name":"wp","href":"https:\/\/api.w.org\/{rel}","templated":true}]}}