{"id":33601,"date":"2025-02-20T23:35:26","date_gmt":"2025-02-20T22:35:26","guid":{"rendered":"https:\/\/olemosaic.orbitalia.org\/producto\/funda-de-telefono-para-iphone-14-promax-tpu-abstracto-negro-2\/"},"modified":"2025-07-25T20:33:31","modified_gmt":"2025-07-25T18:33:31","slug":"coque-de-telephone-pour-iphone-14-promax-tpu-abstrait-noir-2","status":"publish","type":"product","link":"https:\/\/olemosaic.orbitalia.org\/fr\/produit\/coque-de-telephone-pour-iphone-14-promax-tpu-abstrait-noir-2\/","title":{"rendered":"Coque de t\u00e9l\u00e9phone pour iPhone 14 Pro Max (TPU). Abstrait. Effet visuel. Noir"},"content":{"rendered":"<p>Coque pour iPhone 14 Pro Max avec design abstrait en TPU. Elle se distingue par son m\u00e9lange vibrant de couleurs, o\u00f9 des tons exub\u00e9rants de bleu, orange et fuchsia s&rsquo;entrelacent artistiquement sur un fond noir, cr\u00e9ant une apparence dynamique et contemporaine qui attirera tous les regards. Fabriqu\u00e9e en TPU, sa flexibilit\u00e9 garantit un ajustement parfait et une protection durable contre les chocs et les chutes, gardant votre t\u00e9l\u00e9phone en s\u00e9curit\u00e9 et avec style en m\u00eame temps.<\/p>\n<p>Le design abstrait de la coque ne refl\u00e8te pas seulement un sens esth\u00e9tique attrayant, mais \u00e9voque \u00e9galement la modernit\u00e9 et la cr\u00e9ativit\u00e9 qui caract\u00e9risent de nombreuses expressions artistiques contemporaines. Elle est id\u00e9ale pour ceux qui recherchent un accessoire unique, servant \u00e0 la fois de protection et de reflet de leur style personnel.<\/p>\n<p>En tant que souvenir authentique, cette coque pour iPhone n&rsquo;est pas seulement un produit pratique, mais elle repr\u00e9sente \u00e9galement la culture vibrante de l&rsquo;art moderne. Chez Ol\u00e9 Mosaic, nous distribuons des solutions \u00e9l\u00e9gantes et fonctionnelles en gros. Cette coque est l&rsquo;option parfaite pour les boutiques de cadeaux touristiques souhaitant proposer des produits alliant style, protection et pertinence culturelle en un seul article.<\/p>\n","protected":false},"excerpt":{"rendered":"<p>Coque de t\u00e9l\u00e9phone pour iPhone 14 Pro Max fabriqu\u00e9e en TPU avec un design abstrait. Elle pr\u00e9sente un m\u00e9lange vibrant de couleurs, avec des tons bleus, oranges et fuchsias entrelac\u00e9s sur un fond noir, cr\u00e9ant une apparence artistique et dynamique. Son mat\u00e9riau flexible offre une protection durable et un ajustement parfait \u00e0 l&rsquo;appareil, tandis que le design moderne apporte une touche contemporaine et unique qui se d\u00e9marquera en toute occasion.<\/p>\n","protected":false},"featured_media":12421,"template":"","meta":{"_acf_changed":false},"product_brand":[],"product_cat":[674],"product_tag":[],"class_list":{"0":"post-33601","1":"product","2":"type-product","3":"status-publish","4":"has-post-thumbnail","6":"product_cat-etuis-pour-telephones-portables","7":"pa_motivo-resume","9":"first","10":"instock","11":"shipping-taxable","12":"product-type-simple"},"acf":[],"_links":{"self":[{"href":"https:\/\/olemosaic.orbitalia.org\/fr\/wp-json\/wp\/v2\/product\/33601","targetHints":{"allow":["GET"]}}],"collection":[{"href":"https:\/\/olemosaic.orbitalia.org\/fr\/wp-json\/wp\/v2\/product"}],"about":[{"href":"https:\/\/olemosaic.orbitalia.org\/fr\/wp-json\/wp\/v2\/types\/product"}],"wp:featuredmedia":[{"embeddable":true,"href":"https:\/\/olemosaic.orbitalia.org\/fr\/wp-json\/wp\/v2\/media\/12421"}],"wp:attachment":[{"href":"https:\/\/olemosaic.orbitalia.org\/fr\/wp-json\/wp\/v2\/media?parent=33601"}],"wp:term":[{"taxonomy":"product_brand","embeddable":true,"href":"https:\/\/olemosaic.orbitalia.org\/fr\/wp-json\/wp\/v2\/product_brand?post=33601"},{"taxonomy":"product_cat","embeddable":true,"href":"https:\/\/olemosaic.orbitalia.org\/fr\/wp-json\/wp\/v2\/product_cat?post=33601"},{"taxonomy":"product_tag","embeddable":true,"href":"https:\/\/olemosaic.orbitalia.org\/fr\/wp-json\/wp\/v2\/product_tag?post=33601"}],"curies":[{"name":"wp","href":"https:\/\/api.w.org\/{rel}","templated":true}]}}