{"id":33594,"date":"2025-02-20T22:35:25","date_gmt":"2025-02-20T22:35:25","guid":{"rendered":"https:\/\/olemosaic.orbitalia.org\/producto\/funda-de-telefono-para-iphone-14-promax-tpu-gato-mallorca-blanco\/"},"modified":"2025-07-25T18:40:15","modified_gmt":"2025-07-25T16:40:15","slug":"coque-de-telephone-pour-iphone-14-pro-max-tpu-chat-majorque-blanc","status":"publish","type":"product","link":"https:\/\/olemosaic.orbitalia.org\/fr\/produit\/coque-de-telephone-pour-iphone-14-pro-max-tpu-chat-majorque-blanc\/","title":{"rendered":"Coque de t\u00e9l\u00e9phone pour iPhone 14 Pro Max (TPU). Chat. Majorque. Blanc"},"content":{"rendered":"<p>Coque pour iPhone 14 Pro Max avec un design vibrant de chat en mosa\u00efque, inspir\u00e9e par l&rsquo;art color\u00e9 et charmant de Majorque. Fabriqu\u00e9e en TPU, cette coque combine r\u00e9sistance et flexibilit\u00e9, prot\u00e9geant votre appareil sans compromettre son esth\u00e9tique. L&rsquo;illustration principale montre un chat compos\u00e9 de formes g\u00e9om\u00e9triques dans une palette \u00e9clatante de rouges, bleus, verts et jaunes. Autour de lui, des papillons multicolores ajoutent une touche joyeuse et dynamique au design.<\/p>\n<p>Le fond blanc simule les carreaux traditionnels de Majorque, un hommage \u00e0 l&rsquo;impressionnant h\u00e9ritage culturel de l&rsquo;\u00eele et \u00e0 son architecture vibrante. De plus, le mot \u00ab\u00a0Majorque\u00a0\u00bb appara\u00eet dans un style moderne et attrayant, capturant l&rsquo;esprit de cette magnifique r\u00e9gion. Ce produit ne prot\u00e8ge pas seulement votre t\u00e9l\u00e9phone, c&rsquo;est aussi un authentique souvenir de Majorque, id\u00e9al pour les touristes qui souhaitent emporter un morceau de l&rsquo;\u00eele. Chez Ol\u00e9 Mosaic, nous nous sp\u00e9cialisons dans la distribution en gros de souvenirs, et cette coque est une excellente option pour les boutiques de cadeaux touristiques \u00e0 la recherche de produits refl\u00e9tant la culture locale et l&rsquo;authenticit\u00e9 des souvenirs de Majorque. Attirez vos clients avec cette pi\u00e8ce unique qui met en valeur l&rsquo;essence de l&rsquo;\u00eele et son art.<\/p>\n","protected":false},"excerpt":{"rendered":"<p>Coque pour iPhone 14 Pro Max en TPU, avec un design vibrant de chat en mosa\u00efque. Inspir\u00e9e par l&rsquo;art color\u00e9 de Majorque, elle pr\u00e9sente un chat aux formes g\u00e9om\u00e9triques dans des tons rouge, bleu, vert et jaune, entour\u00e9 de papillons. Le fond blanc simule les carreaux caract\u00e9ristiques de l&rsquo;\u00eele, ajoutant une touche artistique. Inclut le mot \u00ab\u00a0Majorque\u00a0\u00bb dans un style moderne, id\u00e9al pour ceux qui veulent souligner leur amour pour cette belle r\u00e9gion.<\/p>\n","protected":false},"featured_media":12968,"template":"","meta":{"_acf_changed":false},"product_brand":[],"product_cat":[674],"product_tag":[530],"class_list":{"0":"post-33594","1":"product","2":"type-product","3":"status-publish","4":"has-post-thumbnail","6":"product_cat-etuis-pour-telephones-portables","7":"product_tag-animaux","8":"pa_ciudad-mallorca","9":"pa_motivo-chats","10":"pa_pais-espana","12":"first","13":"instock","14":"shipping-taxable","15":"product-type-simple"},"acf":[],"_links":{"self":[{"href":"https:\/\/olemosaic.orbitalia.org\/fr\/wp-json\/wp\/v2\/product\/33594","targetHints":{"allow":["GET"]}}],"collection":[{"href":"https:\/\/olemosaic.orbitalia.org\/fr\/wp-json\/wp\/v2\/product"}],"about":[{"href":"https:\/\/olemosaic.orbitalia.org\/fr\/wp-json\/wp\/v2\/types\/product"}],"wp:featuredmedia":[{"embeddable":true,"href":"https:\/\/olemosaic.orbitalia.org\/fr\/wp-json\/wp\/v2\/media\/12968"}],"wp:attachment":[{"href":"https:\/\/olemosaic.orbitalia.org\/fr\/wp-json\/wp\/v2\/media?parent=33594"}],"wp:term":[{"taxonomy":"product_brand","embeddable":true,"href":"https:\/\/olemosaic.orbitalia.org\/fr\/wp-json\/wp\/v2\/product_brand?post=33594"},{"taxonomy":"product_cat","embeddable":true,"href":"https:\/\/olemosaic.orbitalia.org\/fr\/wp-json\/wp\/v2\/product_cat?post=33594"},{"taxonomy":"product_tag","embeddable":true,"href":"https:\/\/olemosaic.orbitalia.org\/fr\/wp-json\/wp\/v2\/product_tag?post=33594"}],"curies":[{"name":"wp","href":"https:\/\/api.w.org\/{rel}","templated":true}]}}