{"id":33593,"date":"2025-02-20T22:35:25","date_gmt":"2025-02-20T22:35:25","guid":{"rendered":"https:\/\/olemosaic.orbitalia.org\/producto\/funda-de-telefono-para-iphone-14-promax-tpu-gato-mallorca-negro\/"},"modified":"2025-07-25T19:23:43","modified_gmt":"2025-07-25T17:23:43","slug":"coque-de-telephone-pour-iphone-14-pro-max-tpu-chat-majorque-noir","status":"publish","type":"product","link":"https:\/\/olemosaic.orbitalia.org\/fr\/produit\/coque-de-telephone-pour-iphone-14-pro-max-tpu-chat-majorque-noir\/","title":{"rendered":"Coque de t\u00e9l\u00e9phone pour iPhone 14 Pro Max (TPU). Chat. Majorque. Noir"},"content":{"rendered":"<p>Coque pour iPhone 14 Pro Max avec un design vibrant de chat color\u00e9, inspir\u00e9 par la beaut\u00e9 de Majorque. Cette coque, fabriqu\u00e9e en TPU de haute qualit\u00e9, pr\u00e9sente une illustration frappante d&rsquo;un chat artistique de style mosa\u00efque, orn\u00e9 de tons vifs de bleu, vert, rouge et jaune. Ce f\u00e9lin sympathique se d\u00e9tache sur un fond noir qui rehausse sa splendeur et ses d\u00e9tails, cr\u00e9ant un contraste parfait qui captive le regard.<\/p>\n<p>Le design inclut des papillons qui dansent autour du chat, ajoutant une touche ludique et joyeuse, et sugg\u00e9rant le lien de cette pi\u00e8ce avec la faune typique de l&rsquo;\u00eele. Dans la partie inf\u00e9rieure, le mot \u00ab\u00a0Majorque\u00a0\u00bb est \u00e9l\u00e9gamment int\u00e9gr\u00e9, renfor\u00e7ant le lien culturel et g\u00e9ographique du produit. Cet article ne prot\u00e8ge pas seulement votre appareil, il devient aussi un symbole de l&rsquo;essence majorquine.<\/p>\n<p>La coque est un souvenir parfait pour les touristes qui souhaitent emporter un souvenir repr\u00e9sentatif de l&rsquo;\u00eele, alliant fonctionnalit\u00e9 et art en un seul produit. Chez Ol\u00e9 Mosaic, en tant que grossistes d&rsquo;accessoires touristiques, nous proposons cette coque chat de Majorque, id\u00e9ale pour les boutiques de cadeaux \u00e0 la recherche d&rsquo;articles uniques et authentiques pour leurs clients.<\/p>\n","protected":false},"excerpt":{"rendered":"<p>Coque pour iPhone 14 Pro Max fabriqu\u00e9e en TPU, avec un design vibrant de chat color\u00e9. Inspir\u00e9e par la beaut\u00e9 de Majorque, la coque pr\u00e9sente un chat de style mosa\u00efque dans des tons vifs de bleu, vert, rouge et jaune, entour\u00e9 de papillons qui lui donnent une touche ludique. La base noire rehausse le design color\u00e9, tandis que le texte \u00ab\u00a0Majorque\u00a0\u00bb ajoute un charme particulier, en faisant une option parfaite pour les amoureux de l&rsquo;\u00eele.<\/p>\n","protected":false},"featured_media":12972,"template":"","meta":{"_acf_changed":false},"product_brand":[],"product_cat":[674],"product_tag":[530],"class_list":{"0":"post-33593","1":"product","2":"type-product","3":"status-publish","4":"has-post-thumbnail","6":"product_cat-etuis-pour-telephones-portables","7":"product_tag-animaux","8":"pa_ciudad-mallorca","9":"pa_motivo-chats","10":"pa_pais-espana","12":"first","13":"instock","14":"shipping-taxable","15":"product-type-simple"},"acf":[],"_links":{"self":[{"href":"https:\/\/olemosaic.orbitalia.org\/fr\/wp-json\/wp\/v2\/product\/33593","targetHints":{"allow":["GET"]}}],"collection":[{"href":"https:\/\/olemosaic.orbitalia.org\/fr\/wp-json\/wp\/v2\/product"}],"about":[{"href":"https:\/\/olemosaic.orbitalia.org\/fr\/wp-json\/wp\/v2\/types\/product"}],"wp:featuredmedia":[{"embeddable":true,"href":"https:\/\/olemosaic.orbitalia.org\/fr\/wp-json\/wp\/v2\/media\/12972"}],"wp:attachment":[{"href":"https:\/\/olemosaic.orbitalia.org\/fr\/wp-json\/wp\/v2\/media?parent=33593"}],"wp:term":[{"taxonomy":"product_brand","embeddable":true,"href":"https:\/\/olemosaic.orbitalia.org\/fr\/wp-json\/wp\/v2\/product_brand?post=33593"},{"taxonomy":"product_cat","embeddable":true,"href":"https:\/\/olemosaic.orbitalia.org\/fr\/wp-json\/wp\/v2\/product_cat?post=33593"},{"taxonomy":"product_tag","embeddable":true,"href":"https:\/\/olemosaic.orbitalia.org\/fr\/wp-json\/wp\/v2\/product_tag?post=33593"}],"curies":[{"name":"wp","href":"https:\/\/api.w.org\/{rel}","templated":true}]}}