{"id":33592,"date":"2025-02-20T23:35:25","date_gmt":"2025-02-20T22:35:25","guid":{"rendered":"https:\/\/olemosaic.orbitalia.org\/producto\/funda-de-telefono-para-iphone-14-promax-tpu-motivos-marinos-azul-2\/"},"modified":"2025-07-25T20:05:58","modified_gmt":"2025-07-25T18:05:58","slug":"coque-de-telephone-pour-iphone-14-pro-max-tpu-motifs-marins-bleu","status":"publish","type":"product","link":"https:\/\/olemosaic.orbitalia.org\/fr\/produit\/coque-de-telephone-pour-iphone-14-pro-max-tpu-motifs-marins-bleu\/","title":{"rendered":"Coque de t\u00e9l\u00e9phone pour iPhone 14 Pro Max (TPU). Motifs marins. Poissons, tortues, hippocampes. Bleu"},"content":{"rendered":"<p>Coque pour iPhone 14 Pro Max avec des motifs marins vibrants. Fabriqu\u00e9e en TPU de haute qualit\u00e9, cette coque est con\u00e7ue pour prot\u00e9ger votre appareil tout en le d\u00e9corant d&rsquo;une charmante ambiance sous-marine. L&rsquo;illustration pr\u00e9sente une magnifique palette de bleus qui capture l&rsquo;essence de l&rsquo;oc\u00e9an, mettant en valeur des poissons color\u00e9s, des tortues \u00e9l\u00e9gantes et de sympathiques hippocampes nageant dans un environnement corallien luxuriant. Chaque d\u00e9tail refl\u00e8te une technique artistique m\u00e9ticuleuse, avec des couleurs vives et des motifs dynamiques qui rehaussent l&rsquo;attrait de la coque.<\/p>\n<p>Avec un design qui \u00e9voque la beaut\u00e9 naturelle du monde marin, cette coque n&rsquo;est pas seulement un accessoire fonctionnel, mais un v\u00e9ritable hommage \u00e0 la richesse de la biodiversit\u00e9 aquatique. Parfaite pour les amoureux de la mer et de la nature, c&rsquo;est le souvenir id\u00e9al pour ceux qui souhaitent emporter un morceau d&rsquo;oc\u00e9an avec eux. Chez Ol\u00e9 Mosaic, distributeurs de souvenirs de qualit\u00e9 en gros, nous proposons des produits qui se distinguent par leur singularit\u00e9 et leur authenticit\u00e9. Cette coque est une excellente option pour les boutiques \u00e0 la recherche d&rsquo;articles distinctifs qui captent l&rsquo;essence de la vie marine et de la culture associ\u00e9e \u00e0 la mer. Choisissez cette coque pour offrir \u00e0 vos clients un souvenir significatif et stylis\u00e9, alliant protection et \u00e9l\u00e9gance \u00e0 chaque utilisation.<\/p>\n","protected":false},"excerpt":{"rendered":"<p>Coque pour iPhone 14 Pro Max en TPU, d\u00e9cor\u00e9e de motifs marins vibrants dans une magnifique gamme de bleus. La coque pr\u00e9sente un design incluant des poissons color\u00e9s, des tortues et des hippocampes, cr\u00e9ant une ambiance sous-marine charmante. Id\u00e9ale pour les amoureux de la mer, sa technique d&rsquo;illustration se distingue par ses d\u00e9tails et ses couleurs vives, offrant une combinaison parfaite de style et de protection pour votre appareil.<\/p>\n","protected":false},"featured_media":12398,"template":"","meta":{"_acf_changed":false},"product_brand":[],"product_cat":[674],"product_tag":[530],"class_list":{"0":"post-33592","1":"product","2":"type-product","3":"status-publish","4":"has-post-thumbnail","6":"product_cat-etuis-pour-telephones-portables","7":"product_tag-animaux","8":"pa_motivo-animaux-marins","10":"first","11":"instock","12":"shipping-taxable","13":"product-type-simple"},"acf":[],"_links":{"self":[{"href":"https:\/\/olemosaic.orbitalia.org\/fr\/wp-json\/wp\/v2\/product\/33592","targetHints":{"allow":["GET"]}}],"collection":[{"href":"https:\/\/olemosaic.orbitalia.org\/fr\/wp-json\/wp\/v2\/product"}],"about":[{"href":"https:\/\/olemosaic.orbitalia.org\/fr\/wp-json\/wp\/v2\/types\/product"}],"wp:featuredmedia":[{"embeddable":true,"href":"https:\/\/olemosaic.orbitalia.org\/fr\/wp-json\/wp\/v2\/media\/12398"}],"wp:attachment":[{"href":"https:\/\/olemosaic.orbitalia.org\/fr\/wp-json\/wp\/v2\/media?parent=33592"}],"wp:term":[{"taxonomy":"product_brand","embeddable":true,"href":"https:\/\/olemosaic.orbitalia.org\/fr\/wp-json\/wp\/v2\/product_brand?post=33592"},{"taxonomy":"product_cat","embeddable":true,"href":"https:\/\/olemosaic.orbitalia.org\/fr\/wp-json\/wp\/v2\/product_cat?post=33592"},{"taxonomy":"product_tag","embeddable":true,"href":"https:\/\/olemosaic.orbitalia.org\/fr\/wp-json\/wp\/v2\/product_tag?post=33592"}],"curies":[{"name":"wp","href":"https:\/\/api.w.org\/{rel}","templated":true}]}}