{"id":33575,"date":"2025-02-20T22:35:24","date_gmt":"2025-02-20T22:35:24","guid":{"rendered":"https:\/\/olemosaic.orbitalia.org\/producto\/funda-de-telefono-para-iphone-14-promax-tpu-mariposa-barcelona-blanco\/"},"modified":"2025-07-25T18:59:31","modified_gmt":"2025-07-25T16:59:31","slug":"coque-de-telephone-pour-iphone-14-promax-tpu-papillon-barcelone-blanc","status":"publish","type":"product","link":"https:\/\/olemosaic.orbitalia.org\/fr\/produit\/coque-de-telephone-pour-iphone-14-promax-tpu-papillon-barcelone-blanc\/","title":{"rendered":"Coque de t\u00e9l\u00e9phone pour iPhone 14 Pro Max (TPU). Papillon. Barcelone. Blanc"},"content":{"rendered":"<p>Coque pour iPhone 14 Pro Max avec un design de papillons qui capture l&rsquo;essence vibrante de Barcelone. Fabriqu\u00e9e en TPU r\u00e9sistant, cette coque combine protection et style, transformant votre appareil en un reflet de l&rsquo;art et de la culture barcelonaise. L&rsquo;arri\u00e8re affiche un design color\u00e9 de papillons dans des tons vibrants d&rsquo;orange, bleu, rouge et rose, qui semblent prendre vie sur un fond blanc orn\u00e9 d&rsquo;un motif de mosa\u00efque. Cette mosa\u00efque \u00e9voque le style artistique embl\u00e9matique de la ville, rappelant les carreaux color\u00e9s d&rsquo;\u0153uvres ma\u00eetresses telles que la Casa Batll\u00f3 ou le Parc G\u00fcell.<\/p>\n<p>Le mot \u00ab\u00a0Barcelona\u00a0\u00bb se d\u00e9tache dans la partie inf\u00e9rieure, compl\u00e9tant l&rsquo;attrait visuel de la coque. Chaque papillon est soigneusement con\u00e7u, symbolisant la libert\u00e9 et la beaut\u00e9, des caract\u00e9ristiques qui repr\u00e9sentent la cit\u00e9 comtale. Cette coque n&rsquo;est pas seulement un accessoire pratique, mais aussi un souvenir artistique de Barcelone, id\u00e9al pour les touristes \u00e0 la recherche de souvenirs authentiques et significatifs.<\/p>\n<p>Chez Ol\u00e9 Mosaic, nous nous sp\u00e9cialisons dans la distribution de souvenirs de qualit\u00e9 en gros, et cette coque est une excellente option pour les boutiques de cadeaux touristiques souhaitant proposer des produits alliant fonctionnalit\u00e9 et pertinence culturelle. Prot\u00e9gez votre iPhone avec style tout en emportant avec vous un morceau de Barcelone, un souvenir qui refl\u00e8te la singularit\u00e9 de cette destination.<\/p>\n","protected":false},"excerpt":{"rendered":"<p>Coque pour iPhone 14 Pro Max fabriqu\u00e9e en TPU, avec un design color\u00e9 de papillons \u00e9voquant la beaut\u00e9 de Barcelone. L&rsquo;arri\u00e8re montre divers papillons dans des tons vibrants d&rsquo;orange, bleu, rouge et rose sur un fond blanc d\u00e9cor\u00e9 d&rsquo;un motif de mosa\u00efque rappelant le c\u00e9l\u00e8bre style artistique de la ville. Le mot \u00ab\u00a0Barcelona\u00a0\u00bb se d\u00e9tache dans la partie inf\u00e9rieure, compl\u00e9tant son attrait visuel. Id\u00e9al pour prot\u00e9ger votre appareil avec une touche artistique et culturelle.<\/p>\n","protected":false},"featured_media":12392,"template":"","meta":{"_acf_changed":false},"product_brand":[],"product_cat":[674],"product_tag":[530],"class_list":{"0":"post-33575","1":"product","2":"type-product","3":"status-publish","4":"has-post-thumbnail","6":"product_cat-etuis-pour-telephones-portables","7":"product_tag-animaux","8":"pa_ciudad-barcelona","9":"pa_motivo-papillons","10":"pa_pais-espana","12":"first","13":"instock","14":"shipping-taxable","15":"product-type-simple"},"acf":[],"_links":{"self":[{"href":"https:\/\/olemosaic.orbitalia.org\/fr\/wp-json\/wp\/v2\/product\/33575","targetHints":{"allow":["GET"]}}],"collection":[{"href":"https:\/\/olemosaic.orbitalia.org\/fr\/wp-json\/wp\/v2\/product"}],"about":[{"href":"https:\/\/olemosaic.orbitalia.org\/fr\/wp-json\/wp\/v2\/types\/product"}],"wp:featuredmedia":[{"embeddable":true,"href":"https:\/\/olemosaic.orbitalia.org\/fr\/wp-json\/wp\/v2\/media\/12392"}],"wp:attachment":[{"href":"https:\/\/olemosaic.orbitalia.org\/fr\/wp-json\/wp\/v2\/media?parent=33575"}],"wp:term":[{"taxonomy":"product_brand","embeddable":true,"href":"https:\/\/olemosaic.orbitalia.org\/fr\/wp-json\/wp\/v2\/product_brand?post=33575"},{"taxonomy":"product_cat","embeddable":true,"href":"https:\/\/olemosaic.orbitalia.org\/fr\/wp-json\/wp\/v2\/product_cat?post=33575"},{"taxonomy":"product_tag","embeddable":true,"href":"https:\/\/olemosaic.orbitalia.org\/fr\/wp-json\/wp\/v2\/product_tag?post=33575"}],"curies":[{"name":"wp","href":"https:\/\/api.w.org\/{rel}","templated":true}]}}