{"id":33573,"date":"2025-02-20T23:35:24","date_gmt":"2025-02-20T22:35:24","guid":{"rendered":"https:\/\/olemosaic.orbitalia.org\/producto\/funda-de-telefono-para-iphone-14-promax-tpu-abstracto-verde-2\/"},"modified":"2025-07-25T18:54:08","modified_gmt":"2025-07-25T16:54:08","slug":"coque-de-telephone-pour-iphone-14-promax-tpu-abstrait-vert-2","status":"publish","type":"product","link":"https:\/\/olemosaic.orbitalia.org\/fr\/produit\/coque-de-telephone-pour-iphone-14-promax-tpu-abstrait-vert-2\/","title":{"rendered":"Coque de t\u00e9l\u00e9phone pour iPhone 14 Pro Max (TPU). Abstrait. Andalousie. Vert"},"content":{"rendered":"<p>Coque pour iPhone 14 Pro Max avec un design de mosa\u00efque abstraite. Cette coque \u00e9l\u00e9gante, fabriqu\u00e9e en TPU, se distingue par son impression vibrante qui \u00e9voque la richesse de l&rsquo;art c\u00e9ramique andalou. Le design pr\u00e9sente une combinaison captivante de tons verts, bleus, oranges et jaunes, organis\u00e9s en motifs g\u00e9om\u00e9triques qui apportent une touche contemporaine et artistique \u00e0 votre appareil. En plus de son attrait visuel, la coque offre une excellente protection contre les chocs et les rayures, garantissant que votre iPhone conserve son \u00e9l\u00e9gance et sa fonctionnalit\u00e9.<\/p>\n<p>Cette pi\u00e8ce n&rsquo;est pas seulement un accessoire pratique, mais aussi une c\u00e9l\u00e9bration du patrimoine culturel espagnol, car la mosa\u00efque est l&rsquo;une des expressions artistiques les plus embl\u00e9matiques de villes comme S\u00e9ville et Grenade. \u00c0 chaque utilisation, vous porterez avec vous un fragment de la tradition andalouse. Id\u00e9ale pour les touristes \u00e0 la recherche de souvenirs authentiques et repr\u00e9sentatifs, cette coque de t\u00e9l\u00e9phone devient un souvenir parfait qui souligne la beaut\u00e9 de l&rsquo;Espagne. Chez Ol\u00e9 Mosaic, nous sommes des distributeurs d&rsquo;accessoires en gros qui allient design et culture, fournissant des produits qui capturent l&rsquo;essence de chaque recoin de ce pays vibrant.<\/p>\n","protected":false},"excerpt":{"rendered":"<p>Coque pour iPhone 14 Pro Max fabriqu\u00e9e en TPU, avec un design abstrait de mosa\u00efque dans les tons verts, bleus, oranges et jaunes. Cet imprim\u00e9 original \u00e9voque la richesse de l&rsquo;art c\u00e9ramique andalou, mettant en avant des motifs g\u00e9om\u00e9triques qui lui donnent une touche vibrante et unique. La coque ne prot\u00e8ge pas seulement votre appareil, elle le transforme en une \u0153uvre d&rsquo;art, id\u00e9ale pour les amateurs de design et de culture.<\/p>\n","protected":false},"featured_media":12397,"template":"","meta":{"_acf_changed":false},"product_brand":[],"product_cat":[674],"product_tag":[],"class_list":{"0":"post-33573","1":"product","2":"type-product","3":"status-publish","4":"has-post-thumbnail","6":"product_cat-etuis-pour-telephones-portables","7":"pa_motivo-resume","9":"first","10":"instock","11":"shipping-taxable","12":"product-type-simple"},"acf":[],"_links":{"self":[{"href":"https:\/\/olemosaic.orbitalia.org\/fr\/wp-json\/wp\/v2\/product\/33573","targetHints":{"allow":["GET"]}}],"collection":[{"href":"https:\/\/olemosaic.orbitalia.org\/fr\/wp-json\/wp\/v2\/product"}],"about":[{"href":"https:\/\/olemosaic.orbitalia.org\/fr\/wp-json\/wp\/v2\/types\/product"}],"wp:featuredmedia":[{"embeddable":true,"href":"https:\/\/olemosaic.orbitalia.org\/fr\/wp-json\/wp\/v2\/media\/12397"}],"wp:attachment":[{"href":"https:\/\/olemosaic.orbitalia.org\/fr\/wp-json\/wp\/v2\/media?parent=33573"}],"wp:term":[{"taxonomy":"product_brand","embeddable":true,"href":"https:\/\/olemosaic.orbitalia.org\/fr\/wp-json\/wp\/v2\/product_brand?post=33573"},{"taxonomy":"product_cat","embeddable":true,"href":"https:\/\/olemosaic.orbitalia.org\/fr\/wp-json\/wp\/v2\/product_cat?post=33573"},{"taxonomy":"product_tag","embeddable":true,"href":"https:\/\/olemosaic.orbitalia.org\/fr\/wp-json\/wp\/v2\/product_tag?post=33573"}],"curies":[{"name":"wp","href":"https:\/\/api.w.org\/{rel}","templated":true}]}}