{"id":33544,"date":"2025-02-20T22:35:23","date_gmt":"2025-02-20T22:35:23","guid":{"rendered":"https:\/\/olemosaic.orbitalia.org\/producto\/funda-de-telefono-para-iphone-14-pro-tpu-gato-mallorca-blanco\/"},"modified":"2025-07-25T18:54:25","modified_gmt":"2025-07-25T16:54:25","slug":"coque-de-telephone-pour-iphone-14-pro-tpu-chat-majorque-blanc","status":"publish","type":"product","link":"https:\/\/olemosaic.orbitalia.org\/fr\/produit\/coque-de-telephone-pour-iphone-14-pro-tpu-chat-majorque-blanc\/","title":{"rendered":"Coque de t\u00e9l\u00e9phone pour iPhone 14 Pro (TPU). Chat. Majorque. Blanc"},"content":{"rendered":"<p>Coque pour iPhone 14 Pro d\u00e9cor\u00e9e d&rsquo;une illustration vibrante et originale d&rsquo;un chat stylis\u00e9 en design mosa\u00efque, qui \u00e9voque le charme de Majorque. Fabriqu\u00e9e en TPU de haute qualit\u00e9, cette coque combine durabilit\u00e9 et l\u00e9g\u00e8ret\u00e9, assurant la protection optimale de votre appareil contre les chocs et les chutes. Le fond blanc fait ressortir le f\u00e9lin color\u00e9, dont le design complexe m\u00e9lange des tons intenses de rouge, bleu, vert et jaune, cr\u00e9ant une pi\u00e8ce artistique qui ne passe pas inaper\u00e7ue. La composition est compl\u00e9t\u00e9e par des papillons aux tons brillants qui ajoutent une touche de joie, symbolisant la diversit\u00e9 et la beaut\u00e9 de la faune de l&rsquo;\u00eele.<\/p>\n<p>Le chat, un animal de compagnie tr\u00e8s commun dans les foyers majorquins, se distingue non seulement par son attrait visuel, mais aussi par sa connexion culturelle avec la vie insulaire. Ce type de souvenir est devenu une mani\u00e8re populaire de ramener un petit morceau de Majorque chez soi, rappelant la chaleur et le charme du lieu.<\/p>\n<p>La coque est donc une excellente option pour les touristes \u00e0 la recherche d&rsquo;un souvenir authentique et fonctionnel de Majorque. Chez Ol\u00e9 Mosaic, nous sommes des distributeurs de produits exclusifs et authentiques, id\u00e9aux pour les boutiques de cadeaux touristiques souhaitant proposer des articles repr\u00e9sentatifs de la culture espagnole. Ce souvenir ne prot\u00e8ge pas seulement, il c\u00e9l\u00e8bre \u00e9galement la beaut\u00e9 complexe de l&rsquo;\u00eele.<\/p>\n","protected":false},"excerpt":{"rendered":"<p>Coque pour iPhone 14 Pro fabriqu\u00e9e en TPU, d\u00e9cor\u00e9e d&rsquo;une illustration color\u00e9e d&rsquo;un chat stylis\u00e9 en design mosa\u00efque. Elle \u00e9voque l&rsquo;ambiance vibrante de Majorque, avec un fond blanc qui fait ressortir la figure f\u00e9line, entour\u00e9e de papillons aux tons brillants. Cet accessoire combine fonctionnalit\u00e9 et art, id\u00e9al pour ceux qui cherchent \u00e0 prot\u00e9ger leur appareil tout en affichant un motif distinctif et joyeux, typique de l&rsquo;\u00eele.<\/p>\n","protected":false},"featured_media":12961,"template":"","meta":{"_acf_changed":false},"product_brand":[],"product_cat":[674],"product_tag":[530],"class_list":{"0":"post-33544","1":"product","2":"type-product","3":"status-publish","4":"has-post-thumbnail","6":"product_cat-etuis-pour-telephones-portables","7":"product_tag-animaux","8":"pa_ciudad-mallorca","9":"pa_motivo-chats","10":"pa_pais-espana","12":"first","13":"instock","14":"shipping-taxable","15":"product-type-simple"},"acf":[],"_links":{"self":[{"href":"https:\/\/olemosaic.orbitalia.org\/fr\/wp-json\/wp\/v2\/product\/33544","targetHints":{"allow":["GET"]}}],"collection":[{"href":"https:\/\/olemosaic.orbitalia.org\/fr\/wp-json\/wp\/v2\/product"}],"about":[{"href":"https:\/\/olemosaic.orbitalia.org\/fr\/wp-json\/wp\/v2\/types\/product"}],"wp:featuredmedia":[{"embeddable":true,"href":"https:\/\/olemosaic.orbitalia.org\/fr\/wp-json\/wp\/v2\/media\/12961"}],"wp:attachment":[{"href":"https:\/\/olemosaic.orbitalia.org\/fr\/wp-json\/wp\/v2\/media?parent=33544"}],"wp:term":[{"taxonomy":"product_brand","embeddable":true,"href":"https:\/\/olemosaic.orbitalia.org\/fr\/wp-json\/wp\/v2\/product_brand?post=33544"},{"taxonomy":"product_cat","embeddable":true,"href":"https:\/\/olemosaic.orbitalia.org\/fr\/wp-json\/wp\/v2\/product_cat?post=33544"},{"taxonomy":"product_tag","embeddable":true,"href":"https:\/\/olemosaic.orbitalia.org\/fr\/wp-json\/wp\/v2\/product_tag?post=33544"}],"curies":[{"name":"wp","href":"https:\/\/api.w.org\/{rel}","templated":true}]}}