{"id":33543,"date":"2025-02-20T22:35:23","date_gmt":"2025-02-20T22:35:23","guid":{"rendered":"https:\/\/olemosaic.orbitalia.org\/producto\/funda-de-telefono-para-iphone-14-pro-tpu-motivos-marinos-azul\/"},"modified":"2025-07-25T20:08:38","modified_gmt":"2025-07-25T18:08:38","slug":"coque-de-telephone-pour-iphone-14-pro-tpu-motifs-marins-bleu","status":"publish","type":"product","link":"https:\/\/olemosaic.orbitalia.org\/fr\/produit\/coque-de-telephone-pour-iphone-14-pro-tpu-motifs-marins-bleu\/","title":{"rendered":"Coque de t\u00e9l\u00e9phone pour iPhone 14 Pro (TPU). Motifs marins. Bleu"},"content":{"rendered":"<p>Coque pour iPhone 14 Pro avec des motifs marins vibrants inspir\u00e9s par la beaut\u00e9 des fonds marins de Majorque. Fabriqu\u00e9e en TPU de haute qualit\u00e9, cette coque se distingue par son fond bleu profond qui \u00e9voque les eaux cristallines de la M\u00e9diterran\u00e9e, parsem\u00e9 de poissons color\u00e9s, de tortues et d&rsquo;hippocampes, tous con\u00e7us avec un style graphique joyeux et moderne. Les tons luxuriants et les d\u00e9tails artistiques racontent la riche biodiversit\u00e9 de la r\u00e9gion, transformant cet accessoire en un authentique souvenir des merveilles naturelles de Majorque. De plus, la base de la coque pr\u00e9sente un design en mosa\u00efque, ajoutant une touche artistique qui refl\u00e8te la tradition locale de l&rsquo;\u00eele.<\/p>\n<p>Cette coque ne fournit pas seulement une protection efficace pour votre appareil, mais elle devient \u00e9galement un symbole des \u00e9cosyst\u00e8mes marins vibrants de Majorque, ce qui en fait une excellente option pour les touristes \u00e0 la recherche de souvenirs authentiques. Chez Ol\u00e9 Mosaic, nous sommes fiers de proposer des produits qui capturent l&rsquo;essence culturelle de lieux embl\u00e9matiques, comme cette coque de t\u00e9l\u00e9phone, id\u00e9ale pour les boutiques de cadeaux touristiques qui souhaitent offrir des articles uniques et repr\u00e9sentatifs. En tant que grossistes de coques en gros, nous garantissons qualit\u00e9 et originalit\u00e9 dans chacune de nos pi\u00e8ces, parfaites pour ceux qui recherchent un souvenir inoubliable de leurs voyages.<\/p>\n","protected":false},"excerpt":{"rendered":"<p>Coque pour iPhone 14 Pro fabriqu\u00e9e en TPU, d\u00e9cor\u00e9e de motifs marins \u00e9voquant la beaut\u00e9 des fonds marins de Majorque. Elle pr\u00e9sente un fond bleu profond avec des poissons color\u00e9s, des tortues et des hippocampes, con\u00e7us avec un style graphique joyeux et moderne. La base de la coque reproduit une mosa\u00efque, ajoutant une touche artistique et distinctive, id\u00e9ale pour ceux qui cherchent \u00e0 prot\u00e9ger leur appareil avec un design attrayant et plein de vie.<\/p>\n","protected":false},"featured_media":12963,"template":"","meta":{"_acf_changed":false},"product_brand":[],"product_cat":[674],"product_tag":[530],"class_list":{"0":"post-33543","1":"product","2":"type-product","3":"status-publish","4":"has-post-thumbnail","6":"product_cat-etuis-pour-telephones-portables","7":"product_tag-animaux","8":"pa_ciudad-mallorca","9":"pa_motivo-animaux-marins","10":"pa_pais-espana","12":"first","13":"instock","14":"shipping-taxable","15":"product-type-simple"},"acf":[],"_links":{"self":[{"href":"https:\/\/olemosaic.orbitalia.org\/fr\/wp-json\/wp\/v2\/product\/33543","targetHints":{"allow":["GET"]}}],"collection":[{"href":"https:\/\/olemosaic.orbitalia.org\/fr\/wp-json\/wp\/v2\/product"}],"about":[{"href":"https:\/\/olemosaic.orbitalia.org\/fr\/wp-json\/wp\/v2\/types\/product"}],"wp:featuredmedia":[{"embeddable":true,"href":"https:\/\/olemosaic.orbitalia.org\/fr\/wp-json\/wp\/v2\/media\/12963"}],"wp:attachment":[{"href":"https:\/\/olemosaic.orbitalia.org\/fr\/wp-json\/wp\/v2\/media?parent=33543"}],"wp:term":[{"taxonomy":"product_brand","embeddable":true,"href":"https:\/\/olemosaic.orbitalia.org\/fr\/wp-json\/wp\/v2\/product_brand?post=33543"},{"taxonomy":"product_cat","embeddable":true,"href":"https:\/\/olemosaic.orbitalia.org\/fr\/wp-json\/wp\/v2\/product_cat?post=33543"},{"taxonomy":"product_tag","embeddable":true,"href":"https:\/\/olemosaic.orbitalia.org\/fr\/wp-json\/wp\/v2\/product_tag?post=33543"}],"curies":[{"name":"wp","href":"https:\/\/api.w.org\/{rel}","templated":true}]}}