{"id":33541,"date":"2025-02-20T22:35:23","date_gmt":"2025-02-20T22:35:23","guid":{"rendered":"https:\/\/olemosaic.orbitalia.org\/producto\/funda-de-telefono-para-iphone-14-pro-tpu-panoramica-barcelona-blanco\/"},"modified":"2025-07-25T19:42:22","modified_gmt":"2025-07-25T17:42:22","slug":"coque-de-telephone-pour-iphone-14-pro-tpu-panoramique-barcelone-blanc","status":"publish","type":"product","link":"https:\/\/olemosaic.orbitalia.org\/fr\/produit\/coque-de-telephone-pour-iphone-14-pro-tpu-panoramique-barcelone-blanc\/","title":{"rendered":"Coque de t\u00e9l\u00e9phone pour iPhone 14 Pro (TPU). Panoramique. Barcelone. Blanc"},"content":{"rendered":"<p>Coque pour iPhone 14 Pro avec une vue panoramique color\u00e9e de Barcelone, con\u00e7ue pour les amoureux de l&rsquo;art et de la culture catalane. Fabriqu\u00e9e en TPU r\u00e9sistant, cette coque prot\u00e8ge votre appareil tout en l&rsquo;ornant d&rsquo;un design artistique qui rend hommage \u00e0 l&rsquo;iconique mosa\u00efque de Gaud\u00ed. Sur la partie frontale, les majestueuses tours de la Sagrada Familia et le serpent vibrant du Parc G\u00fcell se distinguent, capturant l&rsquo;essence de l&rsquo;architecture moderniste qui caract\u00e9rise la ville.<\/p>\n<p>L&rsquo;illustration pr\u00e9sente une palette vibrante de rouges, jaunes et verts, qui est non seulement attrayante visuellement, mais \u00e9voque \u00e9galement l&rsquo;\u00e9nergie et la cr\u00e9ativit\u00e9 de Barcelone. En bas, le texte \u00ab\u00a0Barcelona\u00a0\u00bb appara\u00eet dans une typographie \u00e9l\u00e9gante, cr\u00e9ant une fusion parfaite entre fonctionnalit\u00e9 et art. Ce souvenir est id\u00e9al pour les touristes cherchant \u00e0 emporter un morceau de la ville, et son authenticit\u00e9 en tant que souvenir culturel en fait un excellent cadeau pour ceux qui souhaitent se souvenir de leur visite dans la capitale catalane. Chez Ol\u00e9 Mosaic, nous distribuons des souvenirs de qualit\u00e9 en gros, et cette coque est un excellent ajout pour les boutiques de cadeaux touristiques recherchant des articles authentiques et repr\u00e9sentatifs de Barcelone.<\/p>\n","protected":false},"excerpt":{"rendered":"<p>Coque pour iPhone 14 Pro fabriqu\u00e9e en TPU, avec une vue panoramique color\u00e9e de Barcelone. Cette coque pr\u00e9sente un design artistique inspir\u00e9 de la c\u00e9l\u00e8bre mosa\u00efque de Gaud\u00ed, avec des structures iconiques comme la Sagrada Familia et le Park G\u00fcell, rehauss\u00e9es par une palette de couleurs vibrantes dans des tons rouges, jaunes et verts. En bas, le texte \u00ab\u00a0Barcelona\u00a0\u00bb dans une typographie \u00e9l\u00e9gante capture l&rsquo;essence culturelle de la ville. Id\u00e9al pour ceux qui souhaitent prot\u00e9ger leur appareil tout en affichant une touche d&rsquo;art et de folklore catalan.<\/p>\n","protected":false},"featured_media":12374,"template":"","meta":{"_acf_changed":false},"product_brand":[],"product_cat":[674],"product_tag":[],"class_list":{"0":"post-33541","1":"product","2":"type-product","3":"status-publish","4":"has-post-thumbnail","6":"product_cat-etuis-pour-telephones-portables","7":"pa_ciudad-barcelona","8":"pa_motivo-panoramas","9":"pa_pais-espana","11":"first","12":"instock","13":"shipping-taxable","14":"product-type-simple"},"acf":[],"_links":{"self":[{"href":"https:\/\/olemosaic.orbitalia.org\/fr\/wp-json\/wp\/v2\/product\/33541","targetHints":{"allow":["GET"]}}],"collection":[{"href":"https:\/\/olemosaic.orbitalia.org\/fr\/wp-json\/wp\/v2\/product"}],"about":[{"href":"https:\/\/olemosaic.orbitalia.org\/fr\/wp-json\/wp\/v2\/types\/product"}],"wp:featuredmedia":[{"embeddable":true,"href":"https:\/\/olemosaic.orbitalia.org\/fr\/wp-json\/wp\/v2\/media\/12374"}],"wp:attachment":[{"href":"https:\/\/olemosaic.orbitalia.org\/fr\/wp-json\/wp\/v2\/media?parent=33541"}],"wp:term":[{"taxonomy":"product_brand","embeddable":true,"href":"https:\/\/olemosaic.orbitalia.org\/fr\/wp-json\/wp\/v2\/product_brand?post=33541"},{"taxonomy":"product_cat","embeddable":true,"href":"https:\/\/olemosaic.orbitalia.org\/fr\/wp-json\/wp\/v2\/product_cat?post=33541"},{"taxonomy":"product_tag","embeddable":true,"href":"https:\/\/olemosaic.orbitalia.org\/fr\/wp-json\/wp\/v2\/product_tag?post=33541"}],"curies":[{"name":"wp","href":"https:\/\/api.w.org\/{rel}","templated":true}]}}