{"id":33539,"date":"2025-02-20T22:35:22","date_gmt":"2025-02-20T22:35:22","guid":{"rendered":"https:\/\/olemosaic.orbitalia.org\/producto\/funda-de-telefono-para-iphone-14-pro-tpu-salamandra-mallorca-blanco\/"},"modified":"2025-07-25T18:55:22","modified_gmt":"2025-07-25T16:55:22","slug":"coque-de-telephone-pour-iphone-14-pro-tpu-salamandre-majorque-blanc","status":"publish","type":"product","link":"https:\/\/olemosaic.orbitalia.org\/fr\/produit\/coque-de-telephone-pour-iphone-14-pro-tpu-salamandre-majorque-blanc\/","title":{"rendered":"Coque de t\u00e9l\u00e9phone pour iPhone 14 Pro (TPU). Salamandre. Majorque. Blanc"},"content":{"rendered":"<p>Coque pour iPhone 14 Pro avec un design vibrant de salamandres et de fleurs qui capture l&rsquo;essence de la beaut\u00e9 de Majorque. Cette coque \u00e9l\u00e9gante est fabriqu\u00e9e en TPU, un mat\u00e9riau flexible et r\u00e9sistant qui offre une protection efficace et un ajustement parfait pour votre appareil. Le fond blanc imite le style des mosa\u00efques typiques de l&rsquo;\u00eele, cr\u00e9ant un contraste parfait avec les salamandres color\u00e9es, qui ressortent dans des tons intenses de bleu et de rouge. Ces cr\u00e9atures, symboles de la faune majorquine, sont accompagn\u00e9es de fleurs joyeuses aux tons vibrants, apportant un air frais \u00e0 cette pi\u00e8ce.<\/p>\n<p>Le mot \u00ab\u00a0Mallorca\u00a0\u00bb est pr\u00e9sent\u00e9 dans une typographie \u00e9l\u00e9gante, incorporant une touche distinctive qui renforce la connexion culturelle avec l&rsquo;\u00eele. Cette coque n&rsquo;est pas seulement un accessoire de protection pour votre smartphone, mais aussi un authentique souvenir qui c\u00e9l\u00e8bre la riche biodiversit\u00e9 et l&rsquo;art local de Majorque. Chez Ol\u00e9 Mosaic, nous nous consacrons \u00e0 offrir des souvenirs authentiques et de qualit\u00e9 qui mettent en valeur la culture r\u00e9gionale, et cette coque est id\u00e9ale pour les touristes \u00e0 la recherche d&rsquo;un souvenir de leur exp\u00e9rience sur l&rsquo;\u00eele. Parfaite pour les boutiques de cadeaux touristiques, cette coque pour mobile repr\u00e9sente une option unique parmi les souvenirs de Majorque, id\u00e9ale pour ceux qui souhaitent emporter un morceau de l&rsquo;\u00eele avec eux.<\/p>\n","protected":false},"excerpt":{"rendered":"<p>Coque pour iPhone 14 Pro en TPU, orn\u00e9e d&rsquo;un design vibrant de salamandres et de fleurs qui c\u00e9l\u00e8bre la beaut\u00e9 de Majorque. Cette protection pr\u00e9sente un fond blanc avec une finition imitant les mosa\u00efques typiques, o\u00f9 ressortent des salamandres aux couleurs intenses comme le bleu et le rouge, entour\u00e9es de fleurs joyeuses. Le mot \u00ab\u00a0Mallorca\u00a0\u00bb appara\u00eet dans une typographie \u00e9l\u00e9gante, ajoutant une touche distinctive \u00e0 cet accessoire pratique et artistique.<\/p>\n","protected":false},"featured_media":12960,"template":"","meta":{"_acf_changed":false},"product_brand":[],"product_cat":[674],"product_tag":[530],"class_list":{"0":"post-33539","1":"product","2":"type-product","3":"status-publish","4":"has-post-thumbnail","6":"product_cat-etuis-pour-telephones-portables","7":"product_tag-animaux","8":"pa_ciudad-mallorca","9":"pa_motivo-salamandres","10":"pa_pais-espana","12":"first","13":"instock","14":"shipping-taxable","15":"product-type-simple"},"acf":[],"_links":{"self":[{"href":"https:\/\/olemosaic.orbitalia.org\/fr\/wp-json\/wp\/v2\/product\/33539","targetHints":{"allow":["GET"]}}],"collection":[{"href":"https:\/\/olemosaic.orbitalia.org\/fr\/wp-json\/wp\/v2\/product"}],"about":[{"href":"https:\/\/olemosaic.orbitalia.org\/fr\/wp-json\/wp\/v2\/types\/product"}],"wp:featuredmedia":[{"embeddable":true,"href":"https:\/\/olemosaic.orbitalia.org\/fr\/wp-json\/wp\/v2\/media\/12960"}],"wp:attachment":[{"href":"https:\/\/olemosaic.orbitalia.org\/fr\/wp-json\/wp\/v2\/media?parent=33539"}],"wp:term":[{"taxonomy":"product_brand","embeddable":true,"href":"https:\/\/olemosaic.orbitalia.org\/fr\/wp-json\/wp\/v2\/product_brand?post=33539"},{"taxonomy":"product_cat","embeddable":true,"href":"https:\/\/olemosaic.orbitalia.org\/fr\/wp-json\/wp\/v2\/product_cat?post=33539"},{"taxonomy":"product_tag","embeddable":true,"href":"https:\/\/olemosaic.orbitalia.org\/fr\/wp-json\/wp\/v2\/product_tag?post=33539"}],"curies":[{"name":"wp","href":"https:\/\/api.w.org\/{rel}","templated":true}]}}