{"id":33538,"date":"2025-02-20T22:35:22","date_gmt":"2025-02-20T22:35:22","guid":{"rendered":"https:\/\/olemosaic.orbitalia.org\/producto\/funda-de-telefono-para-iphone-14-pro-tpu-panoramica-barcelona-azul\/"},"modified":"2025-07-25T20:30:02","modified_gmt":"2025-07-25T18:30:02","slug":"coque-de-telephone-pour-iphone-14-pro-tpu-panoramique-barcelone-bleu","status":"publish","type":"product","link":"https:\/\/olemosaic.orbitalia.org\/fr\/produit\/coque-de-telephone-pour-iphone-14-pro-tpu-panoramique-barcelone-bleu\/","title":{"rendered":"Coque de t\u00e9l\u00e9phone pour iPhone 14 Pro (TPU). Panoramique. Barcelone. Bleu"},"content":{"rendered":"<p>Coque pour iPhone 14 Pro avec une vue panoramique vibrante de Barcelone, con\u00e7ue pour ceux qui recherchent un accessoire alliant protection et style. Fabriqu\u00e9e en TPU, un mat\u00e9riau r\u00e9sistant qui offre une grande durabilit\u00e9 et une prise en main confortable, cette coque assure la protection de l&rsquo;appareil contre les chocs et les chutes. Le design se distingue par son jeu de tons bleus \u00e9voquant le ciel et la mer de la cit\u00e9 comtale, rehauss\u00e9 par une illustration pleine de vie incluant des \u00e9l\u00e9ments embl\u00e9matiques tels que la Sagrada Familia, chef-d&rsquo;\u0153uvre d&rsquo;Antoni Gaud\u00ed, et d&rsquo;autres d\u00e9tails de mosa\u00efque rendant hommage au style unique de l&rsquo;architecture moderniste. Le nom \u00ab\u00a0Barcelona\u00a0\u00bb est pr\u00e9sent\u00e9 dans une typographie joyeuse, entour\u00e9 de motifs floraux qui apportent une touche dynamique et contemporaine \u00e0 ce souvenir, parfait pour les touristes et les passionn\u00e9s de culture catalane. En tant que distributeurs de souvenirs de Barcelone, Ol\u00e9 Mosaic garantit l&rsquo;authenticit\u00e9 et la qualit\u00e9 de chaque produit, faisant de cette coque non seulement une excellente option pour prot\u00e9ger votre t\u00e9l\u00e9phone, mais aussi un souvenir repr\u00e9sentatif de la vibrante culture barcelonaise. Id\u00e9al pour les boutiques de cadeaux touristiques \u00e0 la recherche de produits attrayants et m\u00e9morables.<\/p>\n","protected":false},"excerpt":{"rendered":"<p>Coque pour iPhone 14 Pro en TPU, avec une vue panoramique vibrante de Barcelone. Le design pr\u00e9sente un m\u00e9lange de couleurs bleues, avec des \u00e9l\u00e9ments iconiques de la ville, comme la Sagrada Familia et des d\u00e9tails de mosa\u00efques \u00e9voquant le style de Gaud\u00ed. Le texte \u00ab\u00a0Barcelona\u00a0\u00bb se distingue par une typographie joyeuse, entour\u00e9 de fleurs, apportant une touche dynamique et moderne \u00e0 votre appareil. Id\u00e9al pour ceux qui cherchent \u00e0 prot\u00e9ger leur t\u00e9l\u00e9phone avec style et un petit morceau de la culture catalane.<\/p>\n","protected":false},"featured_media":12379,"template":"","meta":{"_acf_changed":false},"product_brand":[],"product_cat":[674],"product_tag":[],"class_list":{"0":"post-33538","1":"product","2":"type-product","3":"status-publish","4":"has-post-thumbnail","6":"product_cat-etuis-pour-telephones-portables","7":"pa_ciudad-barcelona","8":"pa_motivo-panoramas","9":"pa_pais-espana","11":"first","12":"instock","13":"shipping-taxable","14":"product-type-simple"},"acf":[],"_links":{"self":[{"href":"https:\/\/olemosaic.orbitalia.org\/fr\/wp-json\/wp\/v2\/product\/33538","targetHints":{"allow":["GET"]}}],"collection":[{"href":"https:\/\/olemosaic.orbitalia.org\/fr\/wp-json\/wp\/v2\/product"}],"about":[{"href":"https:\/\/olemosaic.orbitalia.org\/fr\/wp-json\/wp\/v2\/types\/product"}],"wp:featuredmedia":[{"embeddable":true,"href":"https:\/\/olemosaic.orbitalia.org\/fr\/wp-json\/wp\/v2\/media\/12379"}],"wp:attachment":[{"href":"https:\/\/olemosaic.orbitalia.org\/fr\/wp-json\/wp\/v2\/media?parent=33538"}],"wp:term":[{"taxonomy":"product_brand","embeddable":true,"href":"https:\/\/olemosaic.orbitalia.org\/fr\/wp-json\/wp\/v2\/product_brand?post=33538"},{"taxonomy":"product_cat","embeddable":true,"href":"https:\/\/olemosaic.orbitalia.org\/fr\/wp-json\/wp\/v2\/product_cat?post=33538"},{"taxonomy":"product_tag","embeddable":true,"href":"https:\/\/olemosaic.orbitalia.org\/fr\/wp-json\/wp\/v2\/product_tag?post=33538"}],"curies":[{"name":"wp","href":"https:\/\/api.w.org\/{rel}","templated":true}]}}