{"id":33529,"date":"2025-02-20T22:35:22","date_gmt":"2025-02-20T22:35:22","guid":{"rendered":"https:\/\/olemosaic.orbitalia.org\/producto\/funda-de-telefono-para-iphone-14-pro-tpu-gato-mallorca-negro\/"},"modified":"2025-07-25T19:40:50","modified_gmt":"2025-07-25T17:40:50","slug":"coque-de-telephone-pour-iphone-14-pro-tpu-gato-mallorca-negro","status":"publish","type":"product","link":"https:\/\/olemosaic.orbitalia.org\/fr\/produit\/coque-de-telephone-pour-iphone-14-pro-tpu-gato-mallorca-negro\/","title":{"rendered":"Coque de t\u00e9l\u00e9phone pour iPhone 14 Pro (TPU). Chat. Majorque. Noir"},"content":{"rendered":"<p>Coque de t\u00e9l\u00e9phone pour iPhone 14 Pro avec un design artistique de chat et des couleurs vibrantes, inspir\u00e9e par l&rsquo;essence de Majorque. Cette \u00e9l\u00e9gante coque est \u00e9labor\u00e9e en mat\u00e9riau TPU, offrant une protection optimale pour votre appareil sans sacrifier le style. Sur son fond noir ressort une illustration vibrante d&rsquo;un chat stylis\u00e9, compos\u00e9 de pi\u00e8ces aux couleurs \u00e9clatantes qui \u00e9voquent le c\u00e9l\u00e8bre art de la mosa\u00efque majorquine. Autour du chat, de nombreux papillons en plein vol ajoutent une touche de dynamisme et de joie, tandis que le mot \u00ab\u00a0Majorque\u00a0\u00bb appara\u00eet \u00e9l\u00e9gamment imprim\u00e9, capturant l&rsquo;essence de l&rsquo;\u00eele.<\/p>\n<p>Ce compl\u00e9ment n&rsquo;est pas seulement fonctionnel, il agit \u00e9galement comme un authentique souvenir repr\u00e9sentant la riche culture et l&rsquo;art de Majorque. Id\u00e9ale pour les touristes ou les amoureux de l&rsquo;\u00eele, cette coque est un excellent moyen de prot\u00e9ger l&rsquo;appareil tout en emportant un morceau de la beaut\u00e9 majorquine partout avec soi. Chez Ol\u00e9 Mosaic, nous sommes sp\u00e9cialistes de la distribution de souvenirs en gros, et cette coque de chat est une option parfaite pour les boutiques de cadeaux touristiques qui cherchent \u00e0 offrir \u00e0 leurs clients des produits uniques et repr\u00e9sentatifs. Acqu\u00e9rez cette coque de t\u00e9l\u00e9phone qui combine art, culture et praticit\u00e9 en un seul accessoire.<\/p>\n","protected":false},"excerpt":{"rendered":"<p>Coque pour iPhone 14 Pro en TPU, avec un design de chat inspir\u00e9 de l&rsquo;art majorquin. Cet accessoire moderne, avec un fond noir, met en valeur l&rsquo;illustration vibrante du chat, compos\u00e9 de pi\u00e8ces aux couleurs \u00e9clatantes et de papillons en vol. Le mot \u00ab\u00a0Majorque\u00a0\u00bb est \u00e9l\u00e9gamment imprim\u00e9, apportant une touche locale. Id\u00e9ale pour ceux qui veulent prot\u00e9ger leur appareil avec un design artistique et culturel.<\/p>\n","protected":false},"featured_media":12966,"template":"","meta":{"_acf_changed":false},"product_brand":[],"product_cat":[674],"product_tag":[530],"class_list":{"0":"post-33529","1":"product","2":"type-product","3":"status-publish","4":"has-post-thumbnail","6":"product_cat-etuis-pour-telephones-portables","7":"product_tag-animaux","8":"pa_ciudad-mallorca","9":"pa_motivo-chats","10":"pa_pais-espana","12":"first","13":"instock","14":"shipping-taxable","15":"product-type-simple"},"acf":[],"_links":{"self":[{"href":"https:\/\/olemosaic.orbitalia.org\/fr\/wp-json\/wp\/v2\/product\/33529","targetHints":{"allow":["GET"]}}],"collection":[{"href":"https:\/\/olemosaic.orbitalia.org\/fr\/wp-json\/wp\/v2\/product"}],"about":[{"href":"https:\/\/olemosaic.orbitalia.org\/fr\/wp-json\/wp\/v2\/types\/product"}],"wp:featuredmedia":[{"embeddable":true,"href":"https:\/\/olemosaic.orbitalia.org\/fr\/wp-json\/wp\/v2\/media\/12966"}],"wp:attachment":[{"href":"https:\/\/olemosaic.orbitalia.org\/fr\/wp-json\/wp\/v2\/media?parent=33529"}],"wp:term":[{"taxonomy":"product_brand","embeddable":true,"href":"https:\/\/olemosaic.orbitalia.org\/fr\/wp-json\/wp\/v2\/product_brand?post=33529"},{"taxonomy":"product_cat","embeddable":true,"href":"https:\/\/olemosaic.orbitalia.org\/fr\/wp-json\/wp\/v2\/product_cat?post=33529"},{"taxonomy":"product_tag","embeddable":true,"href":"https:\/\/olemosaic.orbitalia.org\/fr\/wp-json\/wp\/v2\/product_tag?post=33529"}],"curies":[{"name":"wp","href":"https:\/\/api.w.org\/{rel}","templated":true}]}}