{"id":33528,"date":"2025-02-20T23:35:21","date_gmt":"2025-02-20T22:35:21","guid":{"rendered":"https:\/\/olemosaic.orbitalia.org\/producto\/funda-de-telefono-para-iphone-14-pro-tpu-forjas-azul\/"},"modified":"2025-07-25T18:47:41","modified_gmt":"2025-07-25T16:47:41","slug":"coque-de-telephone-pour-iphone-14-pro-tpu-forges-bleu","status":"publish","type":"product","link":"https:\/\/olemosaic.orbitalia.org\/fr\/produit\/coque-de-telephone-pour-iphone-14-pro-tpu-forges-bleu\/","title":{"rendered":"Coque de t\u00e9l\u00e9phone pour iPhone 14 Pro (TPU). Forges. Bleu"},"content":{"rendered":"<p>Coque pour iPhone 14 Pro avec design de forges en bleu<\/p>\n<p>Cette sophistiqu\u00e9e coque pour iPhone 14 Pro est l&rsquo;accessoire id\u00e9al pour ceux qui cherchent \u00e0 combiner style et fonctionnalit\u00e9. Fabriqu\u00e9e en TPU, un mat\u00e9riau reconnu pour sa r\u00e9sistance et sa flexibilit\u00e9, cette coque offre une protection efficace pour votre appareil, le prot\u00e9geant des chocs et des chutes. Son bleu profond percutant sert de toile de fond parfaite pour l&rsquo;exquis motif de forges en blanc qui l&rsquo;orne, \u00e9voquant le riche h\u00e9ritage de l&rsquo;architecture espagnole et ses influences sur le design moderne.<\/p>\n<p>Le motif, d\u00e9licatement d\u00e9taill\u00e9, refl\u00e8te l&rsquo;\u00e9l\u00e9gance et l&rsquo;art de la ferronnerie, un \u00e9l\u00e9ment distinctif que l&rsquo;on appr\u00e9cie dans de nombreuses structures et balcons de villes comme S\u00e9ville et Cordoue. Chaque courbe et torsion du design souligne le travail artisanal que comporte ce style, faisant de cette coque non seulement un objet utilitaire, mais aussi un hommage \u00e0 la culture espagnole. En tant que souvenir repr\u00e9sentatif et authentique, cette coque est une excellente option pour les touristes qui souhaitent emporter avec eux un morceau de l&rsquo;art et de la tradition de l&rsquo;Espagne. Chez Ol\u00e9 Mosaic, nous sommes des distributeurs en gros de produits authentiques et de qualit\u00e9, ce qui garantit que chaque coque de t\u00e9l\u00e9phone refl\u00e8te la riche histoire culturelle de son origine, offrant une opportunit\u00e9 unique pour les boutiques de cadeaux touristiques qui souhaitent attirer leurs clients avec des articles significatifs et esth\u00e9tiquement attrayants.<\/p>\n","protected":false},"excerpt":{"rendered":"<p>Coque pour iPhone 14 Pro fabriqu\u00e9e en TPU, avec un \u00e9l\u00e9gant design de forge dans un ton bleu intense. Cet accessoire se distingue par sa r\u00e9sistance et sa flexibilit\u00e9, offrant une protection efficace pour votre appareil. Le motif d\u00e9taill\u00e9 de forge en blanc ressort avec un style classique et intemporel, \u00e9voquant le riche h\u00e9ritage culturel de l&rsquo;architecture espagnole. Parfaite pour ceux qui cherchent \u00e0 combiner style et fonctionnalit\u00e9 au quotidien.<\/p>\n","protected":false},"featured_media":12383,"template":"","meta":{"_acf_changed":false},"product_brand":[],"product_cat":[674],"product_tag":[],"class_list":{"0":"post-33528","1":"product","2":"type-product","3":"status-publish","4":"has-post-thumbnail","6":"product_cat-etuis-pour-telephones-portables","7":"pa_motivo-forges","9":"first","10":"instock","11":"shipping-taxable","12":"product-type-simple"},"acf":[],"_links":{"self":[{"href":"https:\/\/olemosaic.orbitalia.org\/fr\/wp-json\/wp\/v2\/product\/33528","targetHints":{"allow":["GET"]}}],"collection":[{"href":"https:\/\/olemosaic.orbitalia.org\/fr\/wp-json\/wp\/v2\/product"}],"about":[{"href":"https:\/\/olemosaic.orbitalia.org\/fr\/wp-json\/wp\/v2\/types\/product"}],"wp:featuredmedia":[{"embeddable":true,"href":"https:\/\/olemosaic.orbitalia.org\/fr\/wp-json\/wp\/v2\/media\/12383"}],"wp:attachment":[{"href":"https:\/\/olemosaic.orbitalia.org\/fr\/wp-json\/wp\/v2\/media?parent=33528"}],"wp:term":[{"taxonomy":"product_brand","embeddable":true,"href":"https:\/\/olemosaic.orbitalia.org\/fr\/wp-json\/wp\/v2\/product_brand?post=33528"},{"taxonomy":"product_cat","embeddable":true,"href":"https:\/\/olemosaic.orbitalia.org\/fr\/wp-json\/wp\/v2\/product_cat?post=33528"},{"taxonomy":"product_tag","embeddable":true,"href":"https:\/\/olemosaic.orbitalia.org\/fr\/wp-json\/wp\/v2\/product_tag?post=33528"}],"curies":[{"name":"wp","href":"https:\/\/api.w.org\/{rel}","templated":true}]}}