{"id":33527,"date":"2025-02-20T22:35:21","date_gmt":"2025-02-20T22:35:21","guid":{"rendered":"https:\/\/olemosaic.orbitalia.org\/producto\/funda-de-telefono-para-iphone-14-pro-tpu-abstracto-verde\/"},"modified":"2025-07-25T20:34:51","modified_gmt":"2025-07-25T18:34:51","slug":"coque-de-telephone-pour-iphone-14-pro-tpu-abstrait-vert","status":"publish","type":"product","link":"https:\/\/olemosaic.orbitalia.org\/fr\/produit\/coque-de-telephone-pour-iphone-14-pro-tpu-abstrait-vert\/","title":{"rendered":"Coque de t\u00e9l\u00e9phone pour iPhone 14 Pro (TPU). Abstrait. Vert"},"content":{"rendered":"<p>Coque pour iPhone 14 Pro avec un design abstrait vibrant. Cette coque, fabriqu\u00e9e en TPU de haute qualit\u00e9, pr\u00e9sente un motif impressionnant dans des tons verts et multicolores qui \u00e9voque l&rsquo;art contemporain. Sa surface, aux formes fluides et ondul\u00e9es rappelant des paysages naturels, apporte mouvement et cr\u00e9ativit\u00e9, faisant ressortir votre appareil. En plus de son attrait esth\u00e9tique, la coque offre une protection efficace contre les chocs et les rayures, gardant votre iPhone 14 Pro en s\u00e9curit\u00e9 et en parfait \u00e9tat.<\/p>\n<p>Le design a un lien culturel avec l&rsquo;art abstrait qui a fleuri dans diverses r\u00e9gions d&rsquo;Espagne et du Portugal, o\u00f9 la cr\u00e9ativit\u00e9 et l&rsquo;innovation sont fondamentales. Ce souvenir moderne ne personnalise pas seulement votre appareil, mais rappelle \u00e9galement les riches traditions artistiques de la p\u00e9ninsule ib\u00e9rique. Chez Ol\u00e9 Mosaic, sp\u00e9cialis\u00e9s dans la distribution en gros de souvenirs, nous proposons des produits uniques comme cette coque, id\u00e9ale pour les boutiques de cadeaux touristiques \u00e0 la recherche d&rsquo;articles authentiques et de qualit\u00e9. Avec cette coque abstraite, vous prot\u00e9gez votre t\u00e9l\u00e9phone et acqu\u00e9rez une \u0153uvre d&rsquo;art qui refl\u00e8te la diversit\u00e9 culturelle de la r\u00e9gion.<\/p>\n","protected":false},"excerpt":{"rendered":"<p>Coque en TPU pour iPhone 14 Pro avec un design abstrait dans des tons verts et multicolores. La surface pr\u00e9sente un motif vibrant de formes fluides et ondul\u00e9es, \u00e9voquant une sensation de mouvement et de cr\u00e9ativit\u00e9. Cet accessoire offre non seulement une protection efficace contre les chocs et les rayures, mais ajoute \u00e9galement une touche artistique et moderne \u00e0 votre appareil, en faisant un compl\u00e9ment frappant et unique.<\/p>\n","protected":false},"featured_media":12376,"template":"","meta":{"_acf_changed":false},"product_brand":[],"product_cat":[674],"product_tag":[],"class_list":{"0":"post-33527","1":"product","2":"type-product","3":"status-publish","4":"has-post-thumbnail","6":"product_cat-etuis-pour-telephones-portables","7":"pa_motivo-resume","9":"first","10":"instock","11":"shipping-taxable","12":"product-type-simple"},"acf":[],"_links":{"self":[{"href":"https:\/\/olemosaic.orbitalia.org\/fr\/wp-json\/wp\/v2\/product\/33527","targetHints":{"allow":["GET"]}}],"collection":[{"href":"https:\/\/olemosaic.orbitalia.org\/fr\/wp-json\/wp\/v2\/product"}],"about":[{"href":"https:\/\/olemosaic.orbitalia.org\/fr\/wp-json\/wp\/v2\/types\/product"}],"wp:featuredmedia":[{"embeddable":true,"href":"https:\/\/olemosaic.orbitalia.org\/fr\/wp-json\/wp\/v2\/media\/12376"}],"wp:attachment":[{"href":"https:\/\/olemosaic.orbitalia.org\/fr\/wp-json\/wp\/v2\/media?parent=33527"}],"wp:term":[{"taxonomy":"product_brand","embeddable":true,"href":"https:\/\/olemosaic.orbitalia.org\/fr\/wp-json\/wp\/v2\/product_brand?post=33527"},{"taxonomy":"product_cat","embeddable":true,"href":"https:\/\/olemosaic.orbitalia.org\/fr\/wp-json\/wp\/v2\/product_cat?post=33527"},{"taxonomy":"product_tag","embeddable":true,"href":"https:\/\/olemosaic.orbitalia.org\/fr\/wp-json\/wp\/v2\/product_tag?post=33527"}],"curies":[{"name":"wp","href":"https:\/\/api.w.org\/{rel}","templated":true}]}}