{"id":33523,"date":"2025-02-20T22:35:21","date_gmt":"2025-02-20T22:35:21","guid":{"rendered":"https:\/\/olemosaic.orbitalia.org\/producto\/funda-de-telefono-para-iphone-14-tpu-motivos-marinos-azul\/"},"modified":"2025-07-25T18:47:24","modified_gmt":"2025-07-25T16:47:24","slug":"coque-de-telephone-pour-iphone-14-tpu-motifs-marins-bleu","status":"publish","type":"product","link":"https:\/\/olemosaic.orbitalia.org\/fr\/produit\/coque-de-telephone-pour-iphone-14-tpu-motifs-marins-bleu\/","title":{"rendered":"Coque de t\u00e9l\u00e9phone pour iPhone 14 (TPU). Motifs marins. Bleu"},"content":{"rendered":"<p>Coque pour iPhone 14 avec un design vibrant de motifs marins. Cette coque \u00e9l\u00e9gante est fabriqu\u00e9e en TPU, un mat\u00e9riau flexible et r\u00e9sistant qui offre une protection exceptionnelle \u00e0 votre appareil sans renoncer au style. Le design pr\u00e9sente un fond bleu profond qui \u00e9voque les profondeurs tranquilles de l&rsquo;oc\u00e9an, orn\u00e9 d&rsquo;\u00e9l\u00e9ments marins color\u00e9s tels que des dauphins, des tortues et des hippocampes, tous repr\u00e9sent\u00e9s dans un charmant style mosa\u00efque. Les d\u00e9tails aux tons brillants et les formes fluides cr\u00e9ent un effet visuel dynamique et attrayant, id\u00e9al pour les amoureux de la mer.<\/p>\n<p>Chaque \u00e9l\u00e9ment de l&rsquo;illustration capture l&rsquo;essence de la vie marine, offrant une connexion culturelle avec les riches traditions c\u00f4ti\u00e8res de l&rsquo;Espagne, o\u00f9 l&rsquo;oc\u00e9an est une source d&rsquo;inspiration depuis des si\u00e8cles. Cette coque n&rsquo;est pas seulement un accessoire de protection, mais aussi une c\u00e9l\u00e9bration du patrimoine maritime et une excellente id\u00e9e pour les touristes \u00e0 la recherche de souvenirs authentiques. Chez Ol\u00e9 Mosaic, nous nous sp\u00e9cialisons dans la distribution de souvenirs en gros, et ce design de coque pour iPhone 14 est un choix parfait pour les boutiques de cadeaux touristiques qui souhaitent proposer des produits de qualit\u00e9, uniques et culturellement significatifs. Attirez vos clients avec cette coque de t\u00e9l\u00e9phone inspir\u00e9e de l&rsquo;oc\u00e9an, un excellent souvenir qui allie fonctionnalit\u00e9 et art.<\/p>\n","protected":false},"excerpt":{"rendered":"<p>Coque pour iPhone 14 fabriqu\u00e9e en TPU, avec un design vibrant de motifs marins. La coque pr\u00e9sente un fond bleu qui \u00e9voque les profondeurs oc\u00e9aniques, orn\u00e9 d&rsquo;\u00e9l\u00e9ments color\u00e9s tels que des dauphins, des tortues et des hippocampes, le tout dans un style mosa\u00efque. Les d\u00e9tails aux tons brillants et les formes fluides lui donnent une touche artistique, en faisant une option id\u00e9ale pour ceux qui adorent la mer et cherchent \u00e0 prot\u00e9ger leur appareil avec style.<\/p>\n","protected":false},"featured_media":12358,"template":"","meta":{"_acf_changed":false},"product_brand":[],"product_cat":[674],"product_tag":[530],"class_list":{"0":"post-33523","1":"product","2":"type-product","3":"status-publish","4":"has-post-thumbnail","6":"product_cat-etuis-pour-telephones-portables","7":"product_tag-animaux","8":"pa_motivo-animaux-marins","10":"first","11":"instock","12":"shipping-taxable","13":"product-type-simple"},"acf":[],"_links":{"self":[{"href":"https:\/\/olemosaic.orbitalia.org\/fr\/wp-json\/wp\/v2\/product\/33523","targetHints":{"allow":["GET"]}}],"collection":[{"href":"https:\/\/olemosaic.orbitalia.org\/fr\/wp-json\/wp\/v2\/product"}],"about":[{"href":"https:\/\/olemosaic.orbitalia.org\/fr\/wp-json\/wp\/v2\/types\/product"}],"wp:featuredmedia":[{"embeddable":true,"href":"https:\/\/olemosaic.orbitalia.org\/fr\/wp-json\/wp\/v2\/media\/12358"}],"wp:attachment":[{"href":"https:\/\/olemosaic.orbitalia.org\/fr\/wp-json\/wp\/v2\/media?parent=33523"}],"wp:term":[{"taxonomy":"product_brand","embeddable":true,"href":"https:\/\/olemosaic.orbitalia.org\/fr\/wp-json\/wp\/v2\/product_brand?post=33523"},{"taxonomy":"product_cat","embeddable":true,"href":"https:\/\/olemosaic.orbitalia.org\/fr\/wp-json\/wp\/v2\/product_cat?post=33523"},{"taxonomy":"product_tag","embeddable":true,"href":"https:\/\/olemosaic.orbitalia.org\/fr\/wp-json\/wp\/v2\/product_tag?post=33523"}],"curies":[{"name":"wp","href":"https:\/\/api.w.org\/{rel}","templated":true}]}}