{"id":33494,"date":"2025-02-20T22:35:19","date_gmt":"2025-02-20T22:35:19","guid":{"rendered":"https:\/\/olemosaic.orbitalia.org\/producto\/funda-de-telefono-para-iphone-14-tpu-panoramica-barcelona-azul\/"},"modified":"2025-07-25T19:01:55","modified_gmt":"2025-07-25T17:01:55","slug":"coque-de-telephone-pour-iphone-14-tpu-panoramique-barcelone-bleu","status":"publish","type":"product","link":"https:\/\/olemosaic.orbitalia.org\/fr\/produit\/coque-de-telephone-pour-iphone-14-tpu-panoramique-barcelone-bleu\/","title":{"rendered":"Coque de t\u00e9l\u00e9phone pour iPhone 14 (TPU). Panoramique. Barcelone. Bleu"},"content":{"rendered":"<p>Coque pour iPhone 14 avec design panoramique de Barcelone. Cette coque en TPU ne prot\u00e8ge pas seulement efficacement votre appareil, mais est une v\u00e9ritable \u0153uvre d&rsquo;art qui c\u00e9l\u00e8bre l&rsquo;essence vibrante de la capitale catalane. Son fond bleu clair sert de toile \u00e0 une illustration color\u00e9e qui inclut des ic\u00f4nes architecturales embl\u00e9matiques, telles que la majestueuse Sagrada Familia et les maisons uniques de Gaud\u00ed, refl\u00e9tant la cr\u00e9ativit\u00e9 et l&rsquo;ing\u00e9niosit\u00e9 architecturale qui caract\u00e9risent la ville. Le design, avec son motif de mosa\u00efque attrayant, \u00e9voque le c\u00e9l\u00e8bre style moderniste de Gaud\u00ed et invite les utilisateurs \u00e0 s&rsquo;immerger dans la culture barcelonaise \u00e0 chaque utilisation.<\/p>\n<p>Le mot \u00ab\u00a0Barcelona\u00a0\u00bb se d\u00e9tache dans des couleurs vibrantes, ajoutant une touche artistique qui compl\u00e8te l&rsquo;impressionnante vue panoramique. Ce produit n&rsquo;est pas seulement une coque fonctionnelle, mais agit \u00e9galement comme un souvenir repr\u00e9sentatif de la riche culture et du patrimoine de la ville, id\u00e9al pour les touristes \u00e0 la recherche d&rsquo;un souvenir authentique. Chez Ol\u00e9 Mosaic, en tant que distributeurs de souvenirs, nous proposons cette coque remarquable pour ceux qui souhaitent emporter un petit morceau de Barcelone avec eux. C&rsquo;est un choix parfait pour les boutiques de souvenirs touristiques, offrant un design contemporain et culturellement significatif, qui transformera chaque t\u00e9l\u00e9phone en un hommage \u00e0 l&rsquo;une des villes les plus aim\u00e9es d&rsquo;Espagne.<\/p>\n","protected":false},"excerpt":{"rendered":"<p>Coque pour iPhone 14 en TPU, con\u00e7ue avec une vue panoramique color\u00e9e de Barcelone. La coque pr\u00e9sente un fond bleu avec des motifs architecturaux embl\u00e9matiques, tels que la Sagrada Familia et les maisons de Gaud\u00ed, rehauss\u00e9s par un design de mosa\u00efque attrayant. Le texte \u00ab\u00a0Barcelona\u00a0\u00bb se d\u00e9tache avec des couleurs vibrantes, ajoutant une touche artistique. Id\u00e9ale pour prot\u00e9ger votre t\u00e9l\u00e9phone tout en affichant le charme et la cr\u00e9ativit\u00e9 de cette ville espagnole embl\u00e9matique.<\/p>\n","protected":false},"featured_media":12359,"template":"","meta":{"_acf_changed":false},"product_brand":[],"product_cat":[674],"product_tag":[],"class_list":{"0":"post-33494","1":"product","2":"type-product","3":"status-publish","4":"has-post-thumbnail","6":"product_cat-etuis-pour-telephones-portables","7":"pa_ciudad-barcelona","8":"pa_motivo-panoramas","9":"pa_pais-espana","11":"first","12":"instock","13":"shipping-taxable","14":"product-type-simple"},"acf":[],"_links":{"self":[{"href":"https:\/\/olemosaic.orbitalia.org\/fr\/wp-json\/wp\/v2\/product\/33494","targetHints":{"allow":["GET"]}}],"collection":[{"href":"https:\/\/olemosaic.orbitalia.org\/fr\/wp-json\/wp\/v2\/product"}],"about":[{"href":"https:\/\/olemosaic.orbitalia.org\/fr\/wp-json\/wp\/v2\/types\/product"}],"wp:featuredmedia":[{"embeddable":true,"href":"https:\/\/olemosaic.orbitalia.org\/fr\/wp-json\/wp\/v2\/media\/12359"}],"wp:attachment":[{"href":"https:\/\/olemosaic.orbitalia.org\/fr\/wp-json\/wp\/v2\/media?parent=33494"}],"wp:term":[{"taxonomy":"product_brand","embeddable":true,"href":"https:\/\/olemosaic.orbitalia.org\/fr\/wp-json\/wp\/v2\/product_brand?post=33494"},{"taxonomy":"product_cat","embeddable":true,"href":"https:\/\/olemosaic.orbitalia.org\/fr\/wp-json\/wp\/v2\/product_cat?post=33494"},{"taxonomy":"product_tag","embeddable":true,"href":"https:\/\/olemosaic.orbitalia.org\/fr\/wp-json\/wp\/v2\/product_tag?post=33494"}],"curies":[{"name":"wp","href":"https:\/\/api.w.org\/{rel}","templated":true}]}}