{"id":33493,"date":"2025-02-20T22:35:19","date_gmt":"2025-02-20T22:35:19","guid":{"rendered":"https:\/\/olemosaic.orbitalia.org\/producto\/funda-de-telefono-para-iphone-14-tpu-mosaico-blanco\/"},"modified":"2025-07-25T20:05:48","modified_gmt":"2025-07-25T18:05:48","slug":"coque-de-telephone-pour-iphone-14-tpu-mosaique-blanc","status":"publish","type":"product","link":"https:\/\/olemosaic.orbitalia.org\/fr\/produit\/coque-de-telephone-pour-iphone-14-tpu-mosaique-blanc\/","title":{"rendered":"Coque de t\u00e9l\u00e9phone pour iPhone 14 (TPU). Mosa\u00efque. Blanc"},"content":{"rendered":"<p>Coque pour iPhone 14 avec un design de mosa\u00efque vibrant. Cette coque \u00e9l\u00e9gante, fabriqu\u00e9e en TPU, combine une structure flexible et r\u00e9sistante qui offre une protection optimale pour votre appareil, le prot\u00e9geant des chocs et des rayures. Ce qui distingue vraiment cette coque, c&rsquo;est son design color\u00e9, qui pr\u00e9sente un m\u00e9lange fascinant de motifs g\u00e9om\u00e9triques et floraux, inspir\u00e9s par la riche tradition de l&rsquo;azulejo espagnol. Avec une palette de couleurs comprenant des bleus intenses, des rouges vibrants, des jaunes chauds et des touches de blanc, cette coque capture l&rsquo;essence de l&rsquo;art classique et contemporain de l&rsquo;Espagne. Chaque section de la mosa\u00efque comporte des d\u00e9tails complexes qui refl\u00e8tent la diversit\u00e9 et la beaut\u00e9 des carreaux traditionnels, transformant votre t\u00e9l\u00e9phone en une v\u00e9ritable \u0153uvre d&rsquo;art.<\/p>\n<p>Ce souvenir n&rsquo;est pas seulement fonctionnel, il repr\u00e9sente aussi un morceau de la culture espagnole, id\u00e9al pour les touristes \u00e0 la recherche d&rsquo;un souvenir authentique et significatif. Chez Ol\u00e9 Mosaic, notre engagement est de distribuer des produits qui c\u00e9l\u00e8brent la tradition culturelle et artistique de l&rsquo;Espagne. Cette coque pour iPhone 14 est une excellente option pour les boutiques de souvenirs touristiques qui souhaitent offrir \u00e0 leurs clients une fa\u00e7on moderne d&#8217;emporter avec eux une ic\u00f4ne du patrimoine espagnol, faisant de ce produit une opportunit\u00e9 unique pour tous les amoureux de la culture et de l&rsquo;art. En tant que grossistes d&rsquo;accessoires technologiques, nous garantissons la qualit\u00e9 et l&rsquo;authenticit\u00e9 de chaque pi\u00e8ce.<\/p>\n","protected":false},"excerpt":{"rendered":"<p>Coque pour iPhone 14 fabriqu\u00e9e en TPU, d\u00e9cor\u00e9e d&rsquo;un design de mosa\u00efque vibrant. Cet article pr\u00e9sente un m\u00e9lange de motifs g\u00e9om\u00e9triques et floraux dans une palette de couleurs bleu, rouge, jaune et blanc, \u00e9voquant la riche tradition artistique de l&rsquo;azulejo espagnol. Sa structure flexible et r\u00e9sistante offre une excellente protection pour l&rsquo;appareil, tandis que son design attrayant ajoute une touche contemporaine et color\u00e9e.<\/p>\n","protected":false},"featured_media":13021,"template":"","meta":{"_acf_changed":false},"product_brand":[],"product_cat":[674],"product_tag":[],"class_list":{"0":"post-33493","1":"product","2":"type-product","3":"status-publish","4":"has-post-thumbnail","6":"product_cat-etuis-pour-telephones-portables","7":"pa_motivo-mosaique","9":"first","10":"instock","11":"shipping-taxable","12":"product-type-simple"},"acf":[],"_links":{"self":[{"href":"https:\/\/olemosaic.orbitalia.org\/fr\/wp-json\/wp\/v2\/product\/33493","targetHints":{"allow":["GET"]}}],"collection":[{"href":"https:\/\/olemosaic.orbitalia.org\/fr\/wp-json\/wp\/v2\/product"}],"about":[{"href":"https:\/\/olemosaic.orbitalia.org\/fr\/wp-json\/wp\/v2\/types\/product"}],"wp:featuredmedia":[{"embeddable":true,"href":"https:\/\/olemosaic.orbitalia.org\/fr\/wp-json\/wp\/v2\/media\/13021"}],"wp:attachment":[{"href":"https:\/\/olemosaic.orbitalia.org\/fr\/wp-json\/wp\/v2\/media?parent=33493"}],"wp:term":[{"taxonomy":"product_brand","embeddable":true,"href":"https:\/\/olemosaic.orbitalia.org\/fr\/wp-json\/wp\/v2\/product_brand?post=33493"},{"taxonomy":"product_cat","embeddable":true,"href":"https:\/\/olemosaic.orbitalia.org\/fr\/wp-json\/wp\/v2\/product_cat?post=33493"},{"taxonomy":"product_tag","embeddable":true,"href":"https:\/\/olemosaic.orbitalia.org\/fr\/wp-json\/wp\/v2\/product_tag?post=33493"}],"curies":[{"name":"wp","href":"https:\/\/api.w.org\/{rel}","templated":true}]}}