{"id":33475,"date":"2025-02-20T22:35:19","date_gmt":"2025-02-20T22:35:19","guid":{"rendered":"https:\/\/olemosaic.orbitalia.org\/producto\/funda-de-telefono-para-iphone-14-tpu-gato-mallorca-negro\/"},"modified":"2025-07-25T20:37:51","modified_gmt":"2025-07-25T18:37:51","slug":"coque-de-telephone-pour-iphone-14-tpu-chat-majorque-noir","status":"publish","type":"product","link":"https:\/\/olemosaic.orbitalia.org\/fr\/produit\/coque-de-telephone-pour-iphone-14-tpu-chat-majorque-noir\/","title":{"rendered":"Coque de t\u00e9l\u00e9phone pour iPhone 14 (TPU). Chat. Majorque. Noir"},"content":{"rendered":"<p>Coque pour iPhone 14 avec un design de chat en mosa\u00efque<\/p>\n<p>Cette coque pour iPhone 14 est un magnifique souvenir de Majorque, fabriqu\u00e9e en TPU de haute qualit\u00e9 qui offre une protection efficace et durable pour votre appareil. Son design vibrant pr\u00e9sente un chat stylis\u00e9, \u00e9labor\u00e9 dans un charmant style mosa\u00efque qui attire le regard avec une vari\u00e9t\u00e9 de couleurs brillantes et \u00e9clatantes. Le fond noir fait ressortir davantage le chat color\u00e9, cr\u00e9ant un contraste visuel captivant et artistique.<\/p>\n<p>Au-dessus du chat, des papillons multicolores ajoutent une touche de joie et de l\u00e9g\u00e8ret\u00e9 au design, \u00e9voquant la beaut\u00e9 de la nature sur l&rsquo;\u00eele des Bal\u00e9ares. Le mot \u00ab\u00a0Mallorca\u00a0\u00bb est \u00e9l\u00e9gamment imprim\u00e9 en blanc, compl\u00e9tant la palette de couleurs et offrant un souvenir nostalgique de cette r\u00e9gion paradisiaque.<\/p>\n<p>Cet article unisexe n&rsquo;est pas seulement un accessoire fonctionnel, mais aussi une pi\u00e8ce qui c\u00e9l\u00e8bre la culture et le paysage de Majorque, ce qui en fait un cadeau id\u00e9al pour les touristes \u00e0 la recherche d&rsquo;un souvenir authentique de leur exp\u00e9rience sur l&rsquo;\u00eele. Chez Ol\u00e9 Mosaic, nous nous sp\u00e9cialisons dans la distribution de souvenirs de qualit\u00e9 en gros, et cette coque est une excellente option pour les boutiques de cadeaux touristiques souhaitant proposer des produits uniques et pertinents. Ne manquez pas l&rsquo;occasion d&rsquo;offrir \u00e0 vos clients une pi\u00e8ce qui allie protection et touche artistique distinctive.<\/p>\n","protected":false},"excerpt":{"rendered":"<p>Coque pour iPhone 14 en TPU avec un design vibrant de chat en mosa\u00efque. Cet article unisexe, sur fond noir, pr\u00e9sente un chat aux couleurs \u00e9clatantes et des papillons multicolores. Le mot \u00ab\u00a0Mallorca\u00a0\u00bb imprim\u00e9 avec \u00e9l\u00e9gance ajoute une touche nostalgique qui c\u00e9l\u00e8bre la beaut\u00e9 de l&rsquo;\u00eele. Id\u00e9al pour ceux qui cherchent \u00e0 prot\u00e9ger leur t\u00e9l\u00e9phone avec un design artistique et distinctif.<\/p>\n","protected":false},"featured_media":12959,"template":"","meta":{"_acf_changed":false},"product_brand":[],"product_cat":[674],"product_tag":[530],"class_list":{"0":"post-33475","1":"product","2":"type-product","3":"status-publish","4":"has-post-thumbnail","6":"product_cat-etuis-pour-telephones-portables","7":"product_tag-animaux","8":"pa_ciudad-mallorca","9":"pa_motivo-chats","10":"pa_pais-espana","12":"first","13":"instock","14":"shipping-taxable","15":"product-type-simple"},"acf":[],"_links":{"self":[{"href":"https:\/\/olemosaic.orbitalia.org\/fr\/wp-json\/wp\/v2\/product\/33475","targetHints":{"allow":["GET"]}}],"collection":[{"href":"https:\/\/olemosaic.orbitalia.org\/fr\/wp-json\/wp\/v2\/product"}],"about":[{"href":"https:\/\/olemosaic.orbitalia.org\/fr\/wp-json\/wp\/v2\/types\/product"}],"wp:featuredmedia":[{"embeddable":true,"href":"https:\/\/olemosaic.orbitalia.org\/fr\/wp-json\/wp\/v2\/media\/12959"}],"wp:attachment":[{"href":"https:\/\/olemosaic.orbitalia.org\/fr\/wp-json\/wp\/v2\/media?parent=33475"}],"wp:term":[{"taxonomy":"product_brand","embeddable":true,"href":"https:\/\/olemosaic.orbitalia.org\/fr\/wp-json\/wp\/v2\/product_brand?post=33475"},{"taxonomy":"product_cat","embeddable":true,"href":"https:\/\/olemosaic.orbitalia.org\/fr\/wp-json\/wp\/v2\/product_cat?post=33475"},{"taxonomy":"product_tag","embeddable":true,"href":"https:\/\/olemosaic.orbitalia.org\/fr\/wp-json\/wp\/v2\/product_tag?post=33475"}],"curies":[{"name":"wp","href":"https:\/\/api.w.org\/{rel}","templated":true}]}}