{"id":33472,"date":"2025-02-20T22:35:18","date_gmt":"2025-02-20T22:35:18","guid":{"rendered":"https:\/\/olemosaic.orbitalia.org\/producto\/funda-de-telefono-para-iphone-14-tpu-abstracto-azul\/"},"modified":"2025-07-25T18:57:35","modified_gmt":"2025-07-25T16:57:35","slug":"coque-de-telephone-pour-iphone-14-tpu-abstrait-bleu","status":"publish","type":"product","link":"https:\/\/olemosaic.orbitalia.org\/fr\/produit\/coque-de-telephone-pour-iphone-14-tpu-abstrait-bleu\/","title":{"rendered":"Coque de t\u00e9l\u00e9phone pour iPhone 14 (TPU). Abstrait. Bleu"},"content":{"rendered":"<p>Coque pour iPhone 14 avec un design abstrait dans les tons bleu, vert et jaune. Cette coque, fabriqu\u00e9e en TPU, allie style et protection, id\u00e9ale pour ceux qui ne veulent pas sacrifier l&rsquo;esth\u00e9tique \u00e0 la fonctionnalit\u00e9. Le motif en diamants, \u00e9voquant une sensation de modernit\u00e9 et de dynamisme, souligne la cr\u00e9ativit\u00e9 contemporaine et permet \u00e0 votre t\u00e9l\u00e9phone de se d\u00e9marquer dans n&rsquo;importe quel environnement urbain.<\/p>\n<p>La surface douce du mat\u00e9riau TPU offre non seulement une prise en main confortable, mais elle est \u00e9galement r\u00e9sistante \u00e0 l&rsquo;usure quotidienne, prot\u00e9geant votre appareil des chutes et des rayures. Avec un design qui s&rsquo;adapte parfaitement \u00e0 l&rsquo;iPhone 14, cette coque garantit un acc\u00e8s facile \u00e0 tous les boutons et ports, vous assurant de profiter de toutes les fonctionnalit\u00e9s de votre t\u00e9l\u00e9phone sans inconv\u00e9nient.<\/p>\n<p>Cette coque abstraite est plus qu&rsquo;un simple accessoire ; c&rsquo;est un symbole de la fusion entre l&rsquo;art et la technologie, refl\u00e9tant l&rsquo;essence du monde moderne. Un souvenir parfait pour les voyageurs \u00e0 la recherche d&rsquo;un souvenir fonctionnel et unique de leur passage en Espagne, tout en restant une option attrayante pour les boutiques de cadeaux touristiques. Chez Ol\u00e9 Mosaic, nous distribuons des coques de qualit\u00e9 en gros, id\u00e9ales pour ceux qui souhaitent proposer des produits authentiques et repr\u00e9sentatifs de la culture contemporaine.<\/p>\n","protected":false},"excerpt":{"rendered":"<p>Coque pour iPhone 14 en TPU avec un design abstrait dans les tons bleu, vert et jaune. Cet accessoire fusionne \u00e9l\u00e9gance et protection, avec un motif en diamants qui transmet modernit\u00e9 et dynamisme. La texture douce du TPU assure une prise en main confortable et une r\u00e9sistance \u00e0 l&rsquo;usage quotidien, parfaite pour ceux qui recherchent style et fonctionnalit\u00e9 pour leur t\u00e9l\u00e9phone.<\/p>\n","protected":false},"featured_media":12365,"template":"","meta":{"_acf_changed":false},"product_brand":[],"product_cat":[674],"product_tag":[],"class_list":{"0":"post-33472","1":"product","2":"type-product","3":"status-publish","4":"has-post-thumbnail","6":"product_cat-etuis-pour-telephones-portables","7":"pa_motivo-resume","9":"first","10":"instock","11":"shipping-taxable","12":"product-type-simple"},"acf":[],"_links":{"self":[{"href":"https:\/\/olemosaic.orbitalia.org\/fr\/wp-json\/wp\/v2\/product\/33472","targetHints":{"allow":["GET"]}}],"collection":[{"href":"https:\/\/olemosaic.orbitalia.org\/fr\/wp-json\/wp\/v2\/product"}],"about":[{"href":"https:\/\/olemosaic.orbitalia.org\/fr\/wp-json\/wp\/v2\/types\/product"}],"wp:featuredmedia":[{"embeddable":true,"href":"https:\/\/olemosaic.orbitalia.org\/fr\/wp-json\/wp\/v2\/media\/12365"}],"wp:attachment":[{"href":"https:\/\/olemosaic.orbitalia.org\/fr\/wp-json\/wp\/v2\/media?parent=33472"}],"wp:term":[{"taxonomy":"product_brand","embeddable":true,"href":"https:\/\/olemosaic.orbitalia.org\/fr\/wp-json\/wp\/v2\/product_brand?post=33472"},{"taxonomy":"product_cat","embeddable":true,"href":"https:\/\/olemosaic.orbitalia.org\/fr\/wp-json\/wp\/v2\/product_cat?post=33472"},{"taxonomy":"product_tag","embeddable":true,"href":"https:\/\/olemosaic.orbitalia.org\/fr\/wp-json\/wp\/v2\/product_tag?post=33472"}],"curies":[{"name":"wp","href":"https:\/\/api.w.org\/{rel}","templated":true}]}}