{"id":33468,"date":"2025-02-20T22:35:18","date_gmt":"2025-02-20T22:35:18","guid":{"rendered":"https:\/\/olemosaic.orbitalia.org\/producto\/funda-de-telefono-para-iphone-13-promax-tpu-salamandra-barcelona-negro\/"},"modified":"2025-07-25T19:57:56","modified_gmt":"2025-07-25T17:57:56","slug":"coque-de-telephone-pour-iphone-13-promax-tpu-salamandre-barcelone-noir","status":"publish","type":"product","link":"https:\/\/olemosaic.orbitalia.org\/fr\/produit\/coque-de-telephone-pour-iphone-13-promax-tpu-salamandre-barcelone-noir\/","title":{"rendered":"Coque de t\u00e9l\u00e9phone pour iPhone 13 Pro Max (TPU). Salamandre. Barcelone. Noir"},"content":{"rendered":"<p>Coque pour iPhone 13 Pro Max d\u00e9cor\u00e9e d&rsquo;illustrations color\u00e9es de salamandres et de fleurs, \u00e9voquant l&rsquo;art vibrant de Barcelone. Cette coque attrayante, fabriqu\u00e9e en TPU \u2014 un mat\u00e9riau flexible et r\u00e9sistant \u2014, prot\u00e8ge votre appareil des chutes et des rayures. Son design contemporain montre des salamandres dans des tons bleu, vert, rouge et jaune, inspir\u00e9es des mosa\u00efques caract\u00e9ristiques de l&rsquo;\u0153uvre d&rsquo;Antoni Gaud\u00ed, l&rsquo;un des plus grands repr\u00e9sentants du modernisme catalan. Avec un fond noir qui fait ressortir les couleurs vives, et le mot \u00ab\u00a0Barcelona\u00a0\u00bb \u00e9crit dans une typographie \u00e9l\u00e9gante, cette coque n&rsquo;est pas seulement fonctionnelle, mais rend \u00e9galement hommage \u00e0 la riche culture et tradition artistique de la ville.<\/p>\n<p>Les salamandres et les fleurs dessin\u00e9es symbolisent la connexion de Barcelone avec la nature et l&rsquo;art, transformant cette coque en un souvenir parfait pour les touristes cherchant \u00e0 emporter un morceau de cette ville embl\u00e9matique. Chez Ol\u00e9 Mosaic, en tant que distributeurs de souvenirs de qualit\u00e9, nous proposons des produits authentiques qui c\u00e9l\u00e8brent l&rsquo;identit\u00e9 culturelle de l&rsquo;Espagne. Cette coque est une excellente option pour les boutiques de cadeaux touristiques, id\u00e9ale pour les clients qui appr\u00e9cient la fusion entre fonctionnalit\u00e9 et repr\u00e9sentation culturelle. L&rsquo;art de Barcelone n&rsquo;a jamais \u00e9t\u00e9 aussi accessible et beau.<\/p>\n","protected":false},"excerpt":{"rendered":"<p>Coque pour iPhone 13 Pro Max fabriqu\u00e9e en TPU, d\u00e9cor\u00e9e d&rsquo;illustrations color\u00e9es de salamandres et de fleurs, repr\u00e9sentant l&rsquo;art barcelonais. Son design vibrant et contemporain inclut des d\u00e9tails dans des tons bleus, verts, rouges et jaunes, \u00e9voquant les mosa\u00efques typiques de la ville. Avec le mot \u00ab\u00a0Barcelona\u00a0\u00bb dans une typographie \u00e9l\u00e9gante, cette coque prot\u00e8ge non seulement votre appareil, mais c\u00e9l\u00e8bre \u00e9galement la richesse culturelle de la ville.<\/p>\n","protected":false},"featured_media":12346,"template":"","meta":{"_acf_changed":false},"product_brand":[],"product_cat":[674],"product_tag":[530],"class_list":{"0":"post-33468","1":"product","2":"type-product","3":"status-publish","4":"has-post-thumbnail","6":"product_cat-etuis-pour-telephones-portables","7":"product_tag-animaux","8":"pa_ciudad-barcelona","9":"pa_motivo-salamandres","10":"pa_pais-espana","12":"first","13":"instock","14":"shipping-taxable","15":"product-type-simple"},"acf":[],"_links":{"self":[{"href":"https:\/\/olemosaic.orbitalia.org\/fr\/wp-json\/wp\/v2\/product\/33468","targetHints":{"allow":["GET"]}}],"collection":[{"href":"https:\/\/olemosaic.orbitalia.org\/fr\/wp-json\/wp\/v2\/product"}],"about":[{"href":"https:\/\/olemosaic.orbitalia.org\/fr\/wp-json\/wp\/v2\/types\/product"}],"wp:featuredmedia":[{"embeddable":true,"href":"https:\/\/olemosaic.orbitalia.org\/fr\/wp-json\/wp\/v2\/media\/12346"}],"wp:attachment":[{"href":"https:\/\/olemosaic.orbitalia.org\/fr\/wp-json\/wp\/v2\/media?parent=33468"}],"wp:term":[{"taxonomy":"product_brand","embeddable":true,"href":"https:\/\/olemosaic.orbitalia.org\/fr\/wp-json\/wp\/v2\/product_brand?post=33468"},{"taxonomy":"product_cat","embeddable":true,"href":"https:\/\/olemosaic.orbitalia.org\/fr\/wp-json\/wp\/v2\/product_cat?post=33468"},{"taxonomy":"product_tag","embeddable":true,"href":"https:\/\/olemosaic.orbitalia.org\/fr\/wp-json\/wp\/v2\/product_tag?post=33468"}],"curies":[{"name":"wp","href":"https:\/\/api.w.org\/{rel}","templated":true}]}}